{"id":1084,"date":"2022-07-22T11:02:06","date_gmt":"2022-07-22T09:02:06","guid":{"rendered":"https:\/\/ach-dasta.de\/zeitung\/?page_id=1084"},"modified":"2025-07-10T17:13:30","modified_gmt":"2025-07-10T15:13:30","slug":"ueber-uns","status":"publish","type":"page","link":"https:\/\/ach-dasta.de\/zeitung\/ueber-uns\/","title":{"rendered":"\u00fcber uns"},"content":{"rendered":"\n<div style=\"height:100px\" aria-hidden=\"true\" class=\"wp-block-spacer\"><\/div>\n\n\n\n<h2 class=\"wp-block-heading has-text-align-center\">Ach_dieda!<\/h2>\n\n\n\n<div style=\"height:36px\" aria-hidden=\"true\" class=\"wp-block-spacer\"><\/div>\n\n\n\n<div class=\"wp-block-group is-nowrap is-layout-flex wp-container-core-group-is-layout-6c531013 wp-block-group-is-layout-flex\">\n<div style=\"height:100px;width:0px\" aria-hidden=\"true\" class=\"wp-block-spacer wp-container-content-6388d5dc\"><\/div>\n\n\n\n<p>Ach_dasta! ist <strong>euer Studierendenmagazin vom AStA der hochschule darmstadt<\/strong>. wir sind eine gruppe aus studierenden, die mit ihren unterschiedlichen skills wie graphic-design, texten oder social-media den laden am laufen halten. <br>Wir k\u00fcmmern uns darum, dass die website aktuell bleibt, ihr coolen Content auf Instagram angezeigt bekommt, redigieren Beitr\u00e4ge, beantworten Nachrichten und tauschen uns bei offenen Redaktionstreffen mit euch aus.<\/p>\n\n\n\n<div style=\"height:100px;width:0px\" aria-hidden=\"true\" class=\"wp-block-spacer wp-container-content-6388d5dc\"><\/div>\n<\/div>\n\n\n\n<div style=\"height:20px;width:0px\" aria-hidden=\"true\" class=\"wp-block-spacer\"><\/div>\n\n\n\n<div class=\"wp-block-group is-nowrap is-layout-flex wp-container-core-group-is-layout-6c531013 wp-block-group-is-layout-flex\">\n<div style=\"height:100px;width:0px\" aria-hidden=\"true\" class=\"wp-block-spacer wp-container-content-6388d5dc\"><\/div>\n\n\n\n<p class=\"has-text-align-left\" style=\"border-style:none;border-width:0px;border-radius:0px\">Angefangen haben wir 2020 als \u201chypothetische Zeitung\u201d; Seit Sommer 2021 steht der Name <em>Ach_dasta!<\/em> f\u00fcr das magazin fest. Wir sind also noch ein recht junges angebot und deshalb auf eure tatkr\u00e4ftige Unterst\u00fctzung angewiesen, um uns als festes Medium an der Hochschule zu etablieren. <br>Im Moment gibt es uns nur digital &#8211; hier auf der Webseite und auf <a href=\"https:\/\/www.instagram.com\/ach_dasta\/\">Instagram<\/a>.<\/p>\n\n\n\n<div style=\"height:100px;width:0px\" aria-hidden=\"true\" class=\"wp-block-spacer wp-container-content-6388d5dc\"><\/div>\n<\/div>\n\n\n\n<figure class=\"wp-block-image aligncenter size-full is-style-default\" style=\"margin-top:0;margin-bottom:0\"><img loading=\"lazy\" decoding=\"async\" width=\"926\" height=\"723\" src=\"https:\/\/ach-dasta.de\/zeitung\/wp-content\/uploads\/2025\/07\/team-NOCH-kleiner@01x.png\" alt=\"\" class=\"wp-image-3845\" srcset=\"https:\/\/ach-dasta.de\/zeitung\/wp-content\/uploads\/2025\/07\/team-NOCH-kleiner@01x.png 926w, https:\/\/ach-dasta.de\/zeitung\/wp-content\/uploads\/2025\/07\/team-NOCH-kleiner@01x-300x234.png 300w, https:\/\/ach-dasta.de\/zeitung\/wp-content\/uploads\/2025\/07\/team-NOCH-kleiner@01x-768x600.png 768w\" sizes=\"auto, (max-width: 926px) 100vw, 926px\" \/><\/figure>\n\n\n\n<div style=\"height:10px;width:0px\" aria-hidden=\"true\" class=\"wp-block-spacer\"><\/div>\n\n\n\n<div class=\"wp-block-group is-content-justification-center is-nowrap is-layout-flex wp-container-core-group-is-layout-23441af8 wp-block-group-is-layout-flex\">\n<p class=\"has-text-align-center has-custom-1-font-size\"><strong>Aktuelle Mitglieder:innen:<\/strong> <br>Katarina Neher, Margo Sibel Koneberg, Louisa Albert, Katharina N\u00fc\u00dflein, Ellie Haase<\/p>\n<\/div>\n\n\n\n<figure class=\"wp-block-image aligncenter size-large is-resized\"><img loading=\"lazy\" decoding=\"async\" width=\"1024\" height=\"66\" src=\"https:\/\/ach-dasta.de\/zeitung\/wp-content\/uploads\/2025\/07\/Unterstrich4-1024x66.png\" alt=\"\" class=\"wp-image-3903\" style=\"width:310px;height:auto\" srcset=\"https:\/\/ach-dasta.de\/zeitung\/wp-content\/uploads\/2025\/07\/Unterstrich4-1024x66.png 1024w, https:\/\/ach-dasta.de\/zeitung\/wp-content\/uploads\/2025\/07\/Unterstrich4-300x19.png 300w, https:\/\/ach-dasta.de\/zeitung\/wp-content\/uploads\/2025\/07\/Unterstrich4-768x50.png 768w, https:\/\/ach-dasta.de\/zeitung\/wp-content\/uploads\/2025\/07\/Unterstrich4-1536x99.png 1536w, https:\/\/ach-dasta.de\/zeitung\/wp-content\/uploads\/2025\/07\/Unterstrich4-2048x132.png 2048w\" sizes=\"auto, (max-width: 1024px) 100vw, 1024px\" \/><\/figure>\n\n\n\n<div class=\"wp-block-group has-custom-1-font-size is-content-justification-center is-nowrap is-layout-flex wp-container-core-group-is-layout-23441af8 wp-block-group-is-layout-flex\">\n<p class=\"has-text-align-center has-custom-1-font-size\"><strong>Ehemalige Mitglieder:innen:<\/strong> <br>Lucia Junker, Sarah Grund, Karoline Hummel, Jana Mayer, Verena Hirnig, Calean Novo Fernandez, <br>Marco Sch\u00fcler, Nina Schermal, Maya-Katharina Schulz<\/p>\n<\/div>\n\n\n\n<div style=\"height:100px\" aria-hidden=\"true\" class=\"wp-block-spacer\"><\/div>\n","protected":false},"excerpt":{"rendered":"<p>Ach_dieda! Ach_dasta! ist euer Studierendenmagazin vom AStA der hochschule darmstadt. wir sind eine gruppe aus studierenden, die mit ihren unterschiedlichen skills wie graphic-design, texten oder social-media den laden am laufen halten. Wir k\u00fcmmern uns darum, dass die website aktuell bleibt, ihr coolen Content auf Instagram angezeigt bekommt, redigieren Beitr\u00e4ge, beantworten Nachrichten und tauschen uns bei [&hellip;]<\/p>\n","protected":false},"author":1,"featured_media":0,"parent":0,"menu_order":0,"comment_status":"closed","ping_status":"closed","template":"","meta":{"_monsterinsights_skip_tracking":false,"_monsterinsights_sitenote_active":false,"_monsterinsights_sitenote_note":"","_monsterinsights_sitenote_category":0,"_themeisle_gutenberg_block_has_review":false,"footnotes":""},"class_list":["post-1084","page","type-page","status-publish","hentry"],"_links":{"self":[{"href":"https:\/\/ach-dasta.de\/zeitung\/wp-json\/wp\/v2\/pages\/1084","targetHints":{"allow":["GET"]}}],"collection":[{"href":"https:\/\/ach-dasta.de\/zeitung\/wp-json\/wp\/v2\/pages"}],"about":[{"href":"https:\/\/ach-dasta.de\/zeitung\/wp-json\/wp\/v2\/types\/page"}],"author":[{"embeddable":true,"href":"https:\/\/ach-dasta.de\/zeitung\/wp-json\/wp\/v2\/users\/1"}],"replies":[{"embeddable":true,"href":"https:\/\/ach-dasta.de\/zeitung\/wp-json\/wp\/v2\/comments?post=1084"}],"version-history":[{"count":80,"href":"https:\/\/ach-dasta.de\/zeitung\/wp-json\/wp\/v2\/pages\/1084\/revisions"}],"predecessor-version":[{"id":4104,"href":"https:\/\/ach-dasta.de\/zeitung\/wp-json\/wp\/v2\/pages\/1084\/revisions\/4104"}],"wp:attachment":[{"href":"https:\/\/ach-dasta.de\/zeitung\/wp-json\/wp\/v2\/media?parent=1084"}],"curies":[{"name":"wp","href":"https:\/\/api.w.org\/{rel}","templated":true}]}}