{"id":3153,"date":"2025-05-27T16:27:20","date_gmt":"2025-05-27T14:27:20","guid":{"rendered":"https:\/\/ach-dasta.de\/zeitung\/front_page\/"},"modified":"2025-10-05T23:32:50","modified_gmt":"2025-10-05T21:32:50","slug":"front_page","status":"publish","type":"page","link":"https:\/\/ach-dasta.de\/zeitung\/","title":{"rendered":"Homepage"},"content":{"rendered":"\n<div style=\"height:100px\" aria-hidden=\"true\" class=\"wp-block-spacer\"><\/div>\n\n\n\n<p class=\"has-text-align-center ticss-d336c7ea has-primary-color has-text-color has-link-color has-x-large-font-size wp-elements-47e5b6a7fe09e8199b7f43c14f09df4d\" style=\"margin-top:0;margin-bottom:0\">das studierenden-magazin der h_da<\/p>\n\n\n\n<figure class=\"wp-block-image aligncenter size-large is-resized\" style=\"margin-top:var(--wp--preset--spacing--20)\"><img loading=\"lazy\" decoding=\"async\" width=\"2560\" height=\"486\" src=\"https:\/\/ach-dasta.de\/zeitung\/wp-content\/uploads\/2025\/07\/von-studies-fu\u0308r-studies-Kopie-edited-scaled.png\" alt=\"\" class=\"wp-image-3861\" style=\"width:437px;height:auto\" srcset=\"https:\/\/ach-dasta.de\/zeitung\/wp-content\/uploads\/2025\/07\/von-studies-fu\u0308r-studies-Kopie-edited-scaled.png 2560w, https:\/\/ach-dasta.de\/zeitung\/wp-content\/uploads\/2025\/07\/von-studies-fu\u0308r-studies-Kopie-edited-300x57.png 300w, https:\/\/ach-dasta.de\/zeitung\/wp-content\/uploads\/2025\/07\/von-studies-fu\u0308r-studies-Kopie-edited-1024x194.png 1024w, https:\/\/ach-dasta.de\/zeitung\/wp-content\/uploads\/2025\/07\/von-studies-fu\u0308r-studies-Kopie-edited-768x146.png 768w, https:\/\/ach-dasta.de\/zeitung\/wp-content\/uploads\/2025\/07\/von-studies-fu\u0308r-studies-Kopie-edited-1536x292.png 1536w, https:\/\/ach-dasta.de\/zeitung\/wp-content\/uploads\/2025\/07\/von-studies-fu\u0308r-studies-Kopie-edited-2048x389.png 2048w\" sizes=\"(max-width: 2560px) 100vw, 2560px\" \/><\/figure>\n\n\n\n<div style=\"height:100px\" aria-hidden=\"true\" class=\"wp-block-spacer\"><\/div>\n\n\n\n<div style=\"aspect-ratio:3\/2;min-height:unset;\" class=\"wp-block-cover has-aspect-ratio\"><img loading=\"lazy\" decoding=\"async\" width=\"1875\" height=\"1250\" class=\"wp-block-cover__image-background wp-image-4435 size-full\" alt=\"\" src=\"https:\/\/ach-dasta.de\/zeitung\/wp-content\/uploads\/2025\/10\/DSCF4604.jpg\" style=\"object-position:50% 50%\" data-object-fit=\"cover\" data-object-position=\"50% 50%\" srcset=\"https:\/\/ach-dasta.de\/zeitung\/wp-content\/uploads\/2025\/10\/DSCF4604.jpg 1875w, https:\/\/ach-dasta.de\/zeitung\/wp-content\/uploads\/2025\/10\/DSCF4604-300x200.jpg 300w, https:\/\/ach-dasta.de\/zeitung\/wp-content\/uploads\/2025\/10\/DSCF4604-1024x683.jpg 1024w, https:\/\/ach-dasta.de\/zeitung\/wp-content\/uploads\/2025\/10\/DSCF4604-768x512.jpg 768w, https:\/\/ach-dasta.de\/zeitung\/wp-content\/uploads\/2025\/10\/DSCF4604-1536x1024.jpg 1536w\" sizes=\"(max-width: 1875px) 100vw, 1875px\" \/><span aria-hidden=\"true\" class=\"wp-block-cover__background has-background-dim-0 has-background-dim\"><\/span><div class=\"wp-block-cover__inner-container is-layout-constrained wp-block-cover-is-layout-constrained\">\n<p class=\"has-text-align-center has-large-font-size\"><\/p>\n<\/div><\/div>\n\n\n\n<div style=\"height:100px\" aria-hidden=\"true\" class=\"wp-block-spacer\"><\/div>\n\n\n\n<figure class=\"wp-block-image aligncenter size-large is-resized\" style=\"margin-bottom:0\"><img loading=\"lazy\" decoding=\"async\" width=\"1024\" height=\"218\" src=\"https:\/\/ach-dasta.de\/zeitung\/wp-content\/uploads\/2025\/07\/Semesterthema-edited-1024x218.png\" alt=\"\" class=\"wp-image-3867\" style=\"width:644px;height:auto\" srcset=\"https:\/\/ach-dasta.de\/zeitung\/wp-content\/uploads\/2025\/07\/Semesterthema-edited-1024x218.png 1024w, https:\/\/ach-dasta.de\/zeitung\/wp-content\/uploads\/2025\/07\/Semesterthema-edited-300x64.png 300w, https:\/\/ach-dasta.de\/zeitung\/wp-content\/uploads\/2025\/07\/Semesterthema-edited-768x163.png 768w, https:\/\/ach-dasta.de\/zeitung\/wp-content\/uploads\/2025\/07\/Semesterthema-edited-1536x326.png 1536w, https:\/\/ach-dasta.de\/zeitung\/wp-content\/uploads\/2025\/07\/Semesterthema-edited-2048x435.png 2048w\" sizes=\"(max-width: 1024px) 100vw, 1024px\" \/><\/figure>\n\n\n\n<h2 class=\"wp-block-heading has-text-align-center\" style=\"font-style:normal;font-weight:1000\"><em>in bewegung<\/em><\/h2>\n\n\n\n<div style=\"height:40px\" aria-hidden=\"true\" class=\"wp-block-spacer\"><\/div>\n\n\n\n<div class=\"wp-block-group is-layout-constrained wp-block-group-is-layout-constrained\">\n<div class=\"wp-block-columns is-layout-flex wp-container-core-columns-is-layout-1da14fc4 wp-block-columns-is-layout-flex\" style=\"padding-top:0;padding-right:var(--wp--preset--spacing--20);padding-bottom:0;padding-left:var(--wp--preset--spacing--20)\">\n<div class=\"wp-block-column is-layout-flow wp-block-column-is-layout-flow\">\n<div class=\"wp-block-group is-nowrap is-layout-flex wp-container-core-group-is-layout-6c531013 wp-block-group-is-layout-flex\">\n<p>Nichts in unserer sich st\u00e4ndig wandelnden Welt ist starr. Alles befindet sich in Bewegung- wir befinden uns in Bewegung.<\/p>\n<\/div>\n\n\n\n<div class=\"wp-block-group is-nowrap is-layout-flex wp-container-core-group-is-layout-6c531013 wp-block-group-is-layout-flex\">\n<p>Ob beim Sportmachen, beim Umzug in eine neue Stadt oder auf Reisen: Wir stehen niemals still. Doch nicht immer liegt diese Bewegung in unserer Hand. Sie kann auch von au\u00dfen angesto\u00dfen oder gehemmt werden \u2013 durch gesellschaftliche Umbr\u00fcche, Migration, Krankheit oder k\u00f6rperliche Einschr\u00e4nkungen. \u201e<em>In Bewegung<\/em>\u201c ist als Semesterthema so vielf\u00e4ltig wie jede*r von uns. <\/p>\n<\/div>\n\n\n\n<div class=\"wp-block-group is-nowrap is-layout-flex wp-container-core-group-is-layout-6c531013 wp-block-group-is-layout-flex\">\n<p>F\u00fcr die kommenden Monate suchen wir nun eure bewegenden Geschichten. Ganz egal ob ihr von eurem Lieblingssport, politischem Wandel, Bewegung im digitalen Raum oder dem Fahrradweg zur Uni erz\u00e4hlen wollt &#8211; wir freuen uns \u00fcber eure Einsendungen!<\/p>\n<\/div>\n<\/div>\n\n\n\n<div class=\"wp-block-column is-layout-flow wp-block-column-is-layout-flow\">\n<div class=\"wp-block-group is-nowrap is-layout-flex wp-container-core-group-is-layout-6c531013 wp-block-group-is-layout-flex\">\n<p class=\"has-text-align-left\">Wie bereits in den vergangenen Semestern honorieren wir passende Beitr\u00e4ge mit <em>50 &#8211; 100<\/em>\u20ac: Egal ob Text, Illustration, Klangst\u00fcck, Foto- oder Video-Beitrag.<\/p>\n<\/div>\n\n\n\n<div class=\"wp-block-group is-nowrap is-layout-flex wp-container-core-group-is-layout-6c531013 wp-block-group-is-layout-flex\">\n<p class=\"has-text-align-left has-primary-color has-text-color has-link-color wp-elements-20cb8a156b1c9caed5c890156bb3db61\"><em>Einzige Voraussetzung<\/em>: <br>Du bist eingeschriebene\/r Student*in an der h_da!<\/p>\n<\/div>\n\n\n\n<div class=\"wp-block-group is-nowrap is-layout-flex wp-container-core-group-is-layout-6c531013 wp-block-group-is-layout-flex\">\n<p class=\"has-text-align-left\">Falls du Fragen hast, Unterst\u00fctzung bei der Themenfindung brauchst oder uns deine fertige Einsendung schicken m\u00f6chtest, schreib uns gerne eine Instagram-DM an <a href=\"https:\/\/www.instagram.com\/ach_dasta\/?hl=de\">@ach_dasta<\/a> oder melde dich per Mail via&nbsp;<br><a href=\"mailto:media@asta.h-da.de\">media@asta.h-da.de<\/a>.<\/p>\n<\/div>\n<\/div>\n<\/div>\n\n\n\n<div style=\"height:10px\" aria-hidden=\"true\" class=\"wp-block-spacer\"><\/div>\n\n\n\n<p class=\"has-text-align-center has-primary-color has-text-color has-link-color wp-elements-d81155a44adb91d5980f7946d9006024\">\u2727\u02d6\u00b0. Wir freuen uns auf deinen Beitrag! Deine Ach_dasta!-Redaktion \u2727\u02d6\u00b0<\/p>\n<\/div>\n\n\n\n<div style=\"height:100px\" aria-hidden=\"true\" class=\"wp-block-spacer\"><\/div>\n\n\n\n<p class=\"has-text-align-center has-x-large-font-size\">aktuelle beitr\u00e4ge<\/p>\n\n\n\n<div style=\"height:40px\" aria-hidden=\"true\" class=\"wp-block-spacer\"><\/div>\n\n\n<div class=\"is-style-boxed has-light-bg wp-block-themeisle-blocks-posts-grid\" id=\"wp-block-themeisle-blocks-posts-grid-7cd5c391\"><div class=\"is-grid o-posts-grid-columns-3\"><div class=\"o-posts-grid-post-blog o-posts-grid-post-plain\"><div class=\"o-posts-grid-post\"><div class=\"o-posts-grid-post-image\"><a href=\"https:\/\/ach-dasta.de\/zeitung\/blog\/taxiteller-adorno-schlussverkauf-bildung-konferenz-in-oer-erkenschwick\/\"><img loading=\"lazy\" decoding=\"async\" width=\"1250\" height=\"1563\" src=\"https:\/\/ach-dasta.de\/zeitung\/wp-content\/uploads\/2026\/03\/DSCF6196.jpg\" class=\"attachment-full size-full\" alt=\"Taxiteller &amp; Adorno: Schlussverkauf Bildung Konferenz in Oer-Erkenschwick\" srcset=\"https:\/\/ach-dasta.de\/zeitung\/wp-content\/uploads\/2026\/03\/DSCF6196.jpg 1250w, https:\/\/ach-dasta.de\/zeitung\/wp-content\/uploads\/2026\/03\/DSCF6196-240x300.jpg 240w, https:\/\/ach-dasta.de\/zeitung\/wp-content\/uploads\/2026\/03\/DSCF6196-819x1024.jpg 819w, https:\/\/ach-dasta.de\/zeitung\/wp-content\/uploads\/2026\/03\/DSCF6196-768x960.jpg 768w, https:\/\/ach-dasta.de\/zeitung\/wp-content\/uploads\/2026\/03\/DSCF6196-1228x1536.jpg 1228w\" sizes=\"(max-width: 1250px) 100vw, 1250px\" \/><\/a><\/div><div class=\"o-posts-grid-post-body\"><h5 class=\"o-posts-grid-post-title\"><a href=\"https:\/\/ach-dasta.de\/zeitung\/blog\/taxiteller-adorno-schlussverkauf-bildung-konferenz-in-oer-erkenschwick\/\">Taxiteller &amp; Adorno: Schlussverkauf Bildung Konferenz in Oer-Erkenschwick<\/a><\/h5><p class=\"o-posts-grid-post-meta\">Posted on <time datetime=\"2026-03-25T20:00:00+02:00\">25. M\u00e4rz 2026<\/time>  \/ <a href=\"https:\/\/ach-dasta.de\/zeitung\/blog\/category\/hochschule\/\">hochschule<\/a><\/p><div class=\"o-posts-grid-post-description\"><p>Professuren werden gestrichen, Geb\u00e4ude sind marode, das BAf\u00f6G reicht hinten und vorne nicht. Bundesweit wird Bildung seit Jahren kaputtgespart und der fzs, der Dachverband der Studierendenvertretungen, dem auch unser AStA angeh\u00f6rt, hat darauf eine Kampagne gegr\u00fcndet: \u201eSchlussverkauf Bildung&quot;. Die Idee dahinter ist, die vielen dezentralen K\u00e4mpfe an einzelnen Hochschulen sichtbar zu machen und zu b\u00fcndeln.<\/p><a class=\"o-posts-read-more\" href=\"https:\/\/ach-dasta.de\/zeitung\/blog\/taxiteller-adorno-schlussverkauf-bildung-konferenz-in-oer-erkenschwick\/\">Read More<\/a><\/div><\/div><\/div><\/div><div class=\"o-posts-grid-post-blog o-posts-grid-post-plain\"><div class=\"o-posts-grid-post\"><div class=\"o-posts-grid-post-image\"><a href=\"https:\/\/ach-dasta.de\/zeitung\/blog\/wild-sein-wild-bleiben\/\"><img loading=\"lazy\" decoding=\"async\" width=\"1250\" height=\"938\" src=\"https:\/\/ach-dasta.de\/zeitung\/wp-content\/uploads\/2026\/03\/DSCF2460.jpg\" class=\"attachment-full size-full\" alt=\"Wild sein, wild bleiben?\" srcset=\"https:\/\/ach-dasta.de\/zeitung\/wp-content\/uploads\/2026\/03\/DSCF2460.jpg 1250w, https:\/\/ach-dasta.de\/zeitung\/wp-content\/uploads\/2026\/03\/DSCF2460-300x225.jpg 300w, https:\/\/ach-dasta.de\/zeitung\/wp-content\/uploads\/2026\/03\/DSCF2460-1024x768.jpg 1024w, https:\/\/ach-dasta.de\/zeitung\/wp-content\/uploads\/2026\/03\/DSCF2460-768x576.jpg 768w\" sizes=\"(max-width: 1250px) 100vw, 1250px\" \/><\/a><\/div><div class=\"o-posts-grid-post-body\"><h5 class=\"o-posts-grid-post-title\"><a href=\"https:\/\/ach-dasta.de\/zeitung\/blog\/wild-sein-wild-bleiben\/\">Wild sein, wild bleiben?<\/a><\/h5><p class=\"o-posts-grid-post-meta\">Posted on <time datetime=\"2026-03-18T20:00:00+02:00\">18. M\u00e4rz 2026<\/time>  \/ <a href=\"https:\/\/ach-dasta.de\/zeitung\/blog\/category\/in-bewegung\/\">In Bewegung<\/a><\/p><div class=\"o-posts-grid-post-description\"><p>Von einer quirligen Rasselbande und \u201eIgitt, Kotz und B\u00e4h &#8211; M\u00e4dchen, die stinken\u201d zu Vampiren hinter dem Horizont, von denen die Wilden Kerle, wie bei der RTL-Show Take Me Out, jeweils ein Chick mit nache Hause nehmen. Let\u2019s rewatch und zur\u00fcck zum Anfang.<\/p><a class=\"o-posts-read-more\" href=\"https:\/\/ach-dasta.de\/zeitung\/blog\/wild-sein-wild-bleiben\/\">Read More<\/a><\/div><\/div><\/div><\/div><div class=\"o-posts-grid-post-blog o-posts-grid-post-plain\"><div class=\"o-posts-grid-post\"><div class=\"o-posts-grid-post-image\"><a href=\"https:\/\/ach-dasta.de\/zeitung\/blog\/ikkimel-vs-coach-aaron-erste-lektion-selbstermaechtigung\/\"><img loading=\"lazy\" decoding=\"async\" width=\"1250\" height=\"937\" src=\"https:\/\/ach-dasta.de\/zeitung\/wp-content\/uploads\/2026\/03\/Ikkimel_c_LaurentNoichl-1.jpg\" class=\"attachment-full size-full\" alt=\"Ikkimel vs. Coach Aaron: Erste Lektion Selbsterm\u00e4chtigung\" srcset=\"https:\/\/ach-dasta.de\/zeitung\/wp-content\/uploads\/2026\/03\/Ikkimel_c_LaurentNoichl-1.jpg 1250w, https:\/\/ach-dasta.de\/zeitung\/wp-content\/uploads\/2026\/03\/Ikkimel_c_LaurentNoichl-1-300x225.jpg 300w, https:\/\/ach-dasta.de\/zeitung\/wp-content\/uploads\/2026\/03\/Ikkimel_c_LaurentNoichl-1-1024x768.jpg 1024w, https:\/\/ach-dasta.de\/zeitung\/wp-content\/uploads\/2026\/03\/Ikkimel_c_LaurentNoichl-1-768x576.jpg 768w\" sizes=\"(max-width: 1250px) 100vw, 1250px\" \/><\/a><\/div><div class=\"o-posts-grid-post-body\"><h5 class=\"o-posts-grid-post-title\"><a href=\"https:\/\/ach-dasta.de\/zeitung\/blog\/ikkimel-vs-coach-aaron-erste-lektion-selbstermaechtigung\/\">Ikkimel vs. Coach Aaron: Erste Lektion Selbsterm\u00e4chtigung<\/a><\/h5><p class=\"o-posts-grid-post-meta\">Posted on <time datetime=\"2026-03-11T20:00:00+02:00\">11. M\u00e4rz 2026<\/time>  \/ <a href=\"https:\/\/ach-dasta.de\/zeitung\/blog\/category\/in-bewegung\/\">In Bewegung<\/a><\/p><div class=\"o-posts-grid-post-description\"><p>\u201eFrau\u2018n brauchen kein Schimpfwort, unsre Waffe hei\u00dft Giftmord\u201c ist das schon Drohung, oder darf Kunst so? Neben Ikkimels neuem Song Giftmord, droppten auch einige Kinnladen.<\/p><a class=\"o-posts-read-more\" href=\"https:\/\/ach-dasta.de\/zeitung\/blog\/ikkimel-vs-coach-aaron-erste-lektion-selbstermaechtigung\/\">Read More<\/a><\/div><\/div><\/div><\/div><\/div> <\/div>\n\n\n<div style=\"height:150px\" aria-hidden=\"true\" class=\"wp-block-spacer\"><\/div>\n\n\n\n<p><\/p>\n","protected":false},"excerpt":{"rendered":"<p>das studierenden-magazin der h_da in bewegung Nichts in unserer sich st\u00e4ndig wandelnden Welt ist starr. Alles befindet sich in Bewegung- wir befinden uns in Bewegung. Ob beim Sportmachen, beim Umzug in eine neue Stadt oder auf Reisen: Wir stehen niemals still. Doch nicht immer liegt diese Bewegung in unserer Hand. Sie kann auch von au\u00dfen [&hellip;]<\/p>\n","protected":false},"author":1,"featured_media":0,"parent":0,"menu_order":0,"comment_status":"closed","ping_status":"closed","template":"","meta":{"_monsterinsights_skip_tracking":false,"_monsterinsights_sitenote_active":false,"_monsterinsights_sitenote_note":"","_monsterinsights_sitenote_category":0,"_themeisle_gutenberg_block_has_review":false,"footnotes":""},"class_list":["post-3153","page","type-page","status-publish","hentry"],"_links":{"self":[{"href":"https:\/\/ach-dasta.de\/zeitung\/wp-json\/wp\/v2\/pages\/3153","targetHints":{"allow":["GET"]}}],"collection":[{"href":"https:\/\/ach-dasta.de\/zeitung\/wp-json\/wp\/v2\/pages"}],"about":[{"href":"https:\/\/ach-dasta.de\/zeitung\/wp-json\/wp\/v2\/types\/page"}],"author":[{"embeddable":true,"href":"https:\/\/ach-dasta.de\/zeitung\/wp-json\/wp\/v2\/users\/1"}],"replies":[{"embeddable":true,"href":"https:\/\/ach-dasta.de\/zeitung\/wp-json\/wp\/v2\/comments?post=3153"}],"version-history":[{"count":178,"href":"https:\/\/ach-dasta.de\/zeitung\/wp-json\/wp\/v2\/pages\/3153\/revisions"}],"predecessor-version":[{"id":4455,"href":"https:\/\/ach-dasta.de\/zeitung\/wp-json\/wp\/v2\/pages\/3153\/revisions\/4455"}],"wp:attachment":[{"href":"https:\/\/ach-dasta.de\/zeitung\/wp-json\/wp\/v2\/media?parent=3153"}],"curies":[{"name":"wp","href":"https:\/\/api.w.org\/{rel}","templated":true}]}}