{"id":3613,"date":"2025-07-09T12:46:20","date_gmt":"2025-07-09T10:46:20","guid":{"rendered":"https:\/\/ach-dasta.de\/zeitung\/?page_id=3613"},"modified":"2025-07-14T10:38:57","modified_gmt":"2025-07-14T08:38:57","slug":"hochschule","status":"publish","type":"page","link":"https:\/\/ach-dasta.de\/zeitung\/hochschule\/","title":{"rendered":"hochschule"},"content":{"rendered":"\n<div style=\"height:100px\" aria-hidden=\"true\" class=\"wp-block-spacer\"><\/div>\n\n\n<div class=\"has-light-bg is-style-boxed wp-block-themeisle-blocks-posts-grid\" id=\"wp-block-themeisle-blocks-posts-grid-b70aa267\"><div class=\"is-list\"><div class=\"o-posts-grid-post-blog o-posts-grid-post-plain\"><div class=\"o-posts-grid-post\"><div class=\"o-posts-grid-post-image\"><a href=\"https:\/\/ach-dasta.de\/zeitung\/blog\/taxiteller-adorno-schlussverkauf-bildung-konferenz-in-oer-erkenschwick\/\"><img loading=\"lazy\" decoding=\"async\" width=\"1250\" height=\"1563\" src=\"https:\/\/ach-dasta.de\/zeitung\/wp-content\/uploads\/2026\/03\/DSCF6196.jpg\" class=\"attachment-full size-full\" alt=\"Taxiteller &amp; Adorno: Schlussverkauf Bildung Konferenz in Oer-Erkenschwick\" srcset=\"https:\/\/ach-dasta.de\/zeitung\/wp-content\/uploads\/2026\/03\/DSCF6196.jpg 1250w, https:\/\/ach-dasta.de\/zeitung\/wp-content\/uploads\/2026\/03\/DSCF6196-240x300.jpg 240w, https:\/\/ach-dasta.de\/zeitung\/wp-content\/uploads\/2026\/03\/DSCF6196-819x1024.jpg 819w, https:\/\/ach-dasta.de\/zeitung\/wp-content\/uploads\/2026\/03\/DSCF6196-768x960.jpg 768w, https:\/\/ach-dasta.de\/zeitung\/wp-content\/uploads\/2026\/03\/DSCF6196-1228x1536.jpg 1228w\" sizes=\"(max-width: 1250px) 100vw, 1250px\" \/><\/a><\/div><div class=\"o-posts-grid-post-body\"><h4 class=\"o-posts-grid-post-title\"><a href=\"https:\/\/ach-dasta.de\/zeitung\/blog\/taxiteller-adorno-schlussverkauf-bildung-konferenz-in-oer-erkenschwick\/\">Taxiteller &amp; Adorno: Schlussverkauf Bildung Konferenz in Oer-Erkenschwick<\/a><\/h4><div class=\"o-posts-grid-post-description\"><p>Professuren werden gestrichen, Geb\u00e4ude sind marode, das BAf\u00f6G reicht hinten und vorne nicht. Bundesweit wird Bildung seit Jahren kaputtgespart und der fzs, der Dachverband der Studierendenvertretungen, dem auch unser AStA angeh\u00f6rt, hat darauf eine Kampagne gegr\u00fcndet: \u201eSchlussverkauf Bildung&quot;. Die Idee dahinter ist, die vielen dezentralen K\u00e4mpfe an einzelnen Hochschulen sichtbar zu machen und zu b\u00fcndeln.<\/p><a class=\"o-posts-read-more\" href=\"https:\/\/ach-dasta.de\/zeitung\/blog\/taxiteller-adorno-schlussverkauf-bildung-konferenz-in-oer-erkenschwick\/\">Read More<\/a><\/div><\/div><\/div><\/div><div class=\"o-posts-grid-post-blog o-posts-grid-post-plain\"><div class=\"o-posts-grid-post\"><div class=\"o-posts-grid-post-image\"><a href=\"https:\/\/ach-dasta.de\/zeitung\/blog\/kein-platz-fuer-die-afd-an-der-h_da\/\"><img loading=\"lazy\" decoding=\"async\" width=\"1250\" height=\"833\" src=\"https:\/\/ach-dasta.de\/zeitung\/wp-content\/uploads\/2026\/02\/DSCF1426-2-1.jpg\" class=\"attachment-full size-full\" alt=\"Kein Platz f\u00fcr die AfD an der h_da?\" srcset=\"https:\/\/ach-dasta.de\/zeitung\/wp-content\/uploads\/2026\/02\/DSCF1426-2-1.jpg 1250w, https:\/\/ach-dasta.de\/zeitung\/wp-content\/uploads\/2026\/02\/DSCF1426-2-1-300x200.jpg 300w, https:\/\/ach-dasta.de\/zeitung\/wp-content\/uploads\/2026\/02\/DSCF1426-2-1-1024x682.jpg 1024w, https:\/\/ach-dasta.de\/zeitung\/wp-content\/uploads\/2026\/02\/DSCF1426-2-1-768x512.jpg 768w\" sizes=\"(max-width: 1250px) 100vw, 1250px\" \/><\/a><\/div><div class=\"o-posts-grid-post-body\"><h4 class=\"o-posts-grid-post-title\"><a href=\"https:\/\/ach-dasta.de\/zeitung\/blog\/kein-platz-fuer-die-afd-an-der-h_da\/\">Kein Platz f\u00fcr die AfD an der h_da?<\/a><\/h4><div class=\"o-posts-grid-post-description\"><p>Die Linke Liste F.I.S.H. fordert klare Haltung gegen Rechtsextremismus. Die Gruppe will, dass sich das Studierendenparlament (StuPa) offiziell von der Partei AfD distanziert und erkl\u00e4rt: AfD und Studierendenvertretung, das passt nicht zusammen!<\/p><a class=\"o-posts-read-more\" href=\"https:\/\/ach-dasta.de\/zeitung\/blog\/kein-platz-fuer-die-afd-an-der-h_da\/\">Read More<\/a><\/div><\/div><\/div><\/div><div class=\"o-posts-grid-post-blog o-posts-grid-post-plain\"><div class=\"o-posts-grid-post\"><div class=\"o-posts-grid-post-image\"><a href=\"https:\/\/ach-dasta.de\/zeitung\/blog\/was-studierende-bundesweit-bewegt-einblicke-von-der-fzs-mitgliederversammlung-in-muenchen\/\"><img loading=\"lazy\" decoding=\"async\" width=\"2560\" height=\"1772\" src=\"https:\/\/ach-dasta.de\/zeitung\/wp-content\/uploads\/2025\/08\/76.fzs_webseite-scaled.jpg\" class=\"attachment-full size-full\" alt=\"Was Studierende bundesweit bewegt: Einblicke von der fzs-Mitgliederversammlung in M\u00fcnchen\u00a0\" srcset=\"https:\/\/ach-dasta.de\/zeitung\/wp-content\/uploads\/2025\/08\/76.fzs_webseite-scaled.jpg 2560w, https:\/\/ach-dasta.de\/zeitung\/wp-content\/uploads\/2025\/08\/76.fzs_webseite-300x208.jpg 300w, https:\/\/ach-dasta.de\/zeitung\/wp-content\/uploads\/2025\/08\/76.fzs_webseite-1024x709.jpg 1024w, https:\/\/ach-dasta.de\/zeitung\/wp-content\/uploads\/2025\/08\/76.fzs_webseite-768x532.jpg 768w, https:\/\/ach-dasta.de\/zeitung\/wp-content\/uploads\/2025\/08\/76.fzs_webseite-1536x1063.jpg 1536w, https:\/\/ach-dasta.de\/zeitung\/wp-content\/uploads\/2025\/08\/76.fzs_webseite-2048x1418.jpg 2048w\" sizes=\"(max-width: 2560px) 100vw, 2560px\" \/><\/a><\/div><div class=\"o-posts-grid-post-body\"><h4 class=\"o-posts-grid-post-title\"><a href=\"https:\/\/ach-dasta.de\/zeitung\/blog\/was-studierende-bundesweit-bewegt-einblicke-von-der-fzs-mitgliederversammlung-in-muenchen\/\">Was Studierende bundesweit bewegt: Einblicke von der fzs-Mitgliederversammlung in M\u00fcnchen\u00a0<\/a><\/h4><div class=\"o-posts-grid-post-description\"><p>Was passiert eigentlich, wenn sich Studierendenvertretungen aus ganz Deutschland an einem Ort versammeln? \nWir: das sind Melli, Sebastian und Gabriel und wir hatten die Gelegenheit, genau das mitzuerleben: \nbei der 76. Mitgliederversammlung des freien zusammenschlusses von student*innenschaften (fzs e.V.) in M\u00fcnchen.\u00a0<\/p><a class=\"o-posts-read-more\" href=\"https:\/\/ach-dasta.de\/zeitung\/blog\/was-studierende-bundesweit-bewegt-einblicke-von-der-fzs-mitgliederversammlung-in-muenchen\/\">Read More<\/a><\/div><\/div><\/div><\/div><div class=\"o-posts-grid-post-blog o-posts-grid-post-plain\"><div class=\"o-posts-grid-post\"><div class=\"o-posts-grid-post-image\"><a href=\"https:\/\/ach-dasta.de\/zeitung\/blog\/zwischen-pizza-und-planung\/\"><img loading=\"lazy\" decoding=\"async\" width=\"2560\" height=\"1772\" src=\"https:\/\/ach-dasta.de\/zeitung\/wp-content\/uploads\/2025\/05\/Fachschaft-webseite-1-scaled.jpg\" class=\"attachment-full size-full\" alt=\"Zwischen Pizza und Planung\u00a0\" srcset=\"https:\/\/ach-dasta.de\/zeitung\/wp-content\/uploads\/2025\/05\/Fachschaft-webseite-1-scaled.jpg 2560w, https:\/\/ach-dasta.de\/zeitung\/wp-content\/uploads\/2025\/05\/Fachschaft-webseite-1-300x208.jpg 300w, https:\/\/ach-dasta.de\/zeitung\/wp-content\/uploads\/2025\/05\/Fachschaft-webseite-1-1024x709.jpg 1024w, https:\/\/ach-dasta.de\/zeitung\/wp-content\/uploads\/2025\/05\/Fachschaft-webseite-1-768x532.jpg 768w, https:\/\/ach-dasta.de\/zeitung\/wp-content\/uploads\/2025\/05\/Fachschaft-webseite-1-1536x1063.jpg 1536w, https:\/\/ach-dasta.de\/zeitung\/wp-content\/uploads\/2025\/05\/Fachschaft-webseite-1-2048x1418.jpg 2048w\" sizes=\"(max-width: 2560px) 100vw, 2560px\" \/><\/a><\/div><div class=\"o-posts-grid-post-body\"><h4 class=\"o-posts-grid-post-title\"><a href=\"https:\/\/ach-dasta.de\/zeitung\/blog\/zwischen-pizza-und-planung\/\">Zwischen Pizza und Planung\u00a0<\/a><\/h4><div class=\"o-posts-grid-post-description\"><p>Zwischen Pizza und Planung&nbsp; Von Louisa Albert (21.Mai.2025) Ein Besuch auf der Fachschaftenkonferenz An der Wand stapeln sich Modelle aus Pappe, vorne auf der Tafel hat jemand Kaffeemaschinen skizziert und neben mir wird fl\u00fcsternd diskutiert: Pizza vegan, vegetarisch oder nicht doch lieber Hawaii? Richtig, ich bin heute (9. Mai) auf der Fachschaftenkonferenz. Der Fachbereich Gestaltung [&hellip;]<\/p><a class=\"o-posts-read-more\" href=\"https:\/\/ach-dasta.de\/zeitung\/blog\/zwischen-pizza-und-planung\/\">Read More<\/a><\/div><\/div><\/div><\/div><div class=\"o-posts-grid-post-blog o-posts-grid-post-plain\"><div class=\"o-posts-grid-post\"><div class=\"o-posts-grid-post-image\"><a href=\"https:\/\/ach-dasta.de\/zeitung\/blog\/note-5-fuer-das-gedenken-am-femizid-an-buesra\/\"><img loading=\"lazy\" decoding=\"async\" width=\"2560\" height=\"1772\" src=\"https:\/\/ach-dasta.de\/zeitung\/wp-content\/uploads\/2024\/11\/Bu\u0308sra-Gedenkveranstaltung-Webseite-scaled.jpg\" class=\"attachment-full size-full\" alt=\"Note 5+ f\u00fcr das Gedenken am Femizid an B\u00fc\u015fra\" srcset=\"https:\/\/ach-dasta.de\/zeitung\/wp-content\/uploads\/2024\/11\/Bu\u0308sra-Gedenkveranstaltung-Webseite-scaled.jpg 2560w, https:\/\/ach-dasta.de\/zeitung\/wp-content\/uploads\/2024\/11\/Bu\u0308sra-Gedenkveranstaltung-Webseite-300x208.jpg 300w, https:\/\/ach-dasta.de\/zeitung\/wp-content\/uploads\/2024\/11\/Bu\u0308sra-Gedenkveranstaltung-Webseite-1024x709.jpg 1024w, https:\/\/ach-dasta.de\/zeitung\/wp-content\/uploads\/2024\/11\/Bu\u0308sra-Gedenkveranstaltung-Webseite-768x532.jpg 768w, https:\/\/ach-dasta.de\/zeitung\/wp-content\/uploads\/2024\/11\/Bu\u0308sra-Gedenkveranstaltung-Webseite-1536x1063.jpg 1536w, https:\/\/ach-dasta.de\/zeitung\/wp-content\/uploads\/2024\/11\/Bu\u0308sra-Gedenkveranstaltung-Webseite-2048x1418.jpg 2048w\" sizes=\"(max-width: 2560px) 100vw, 2560px\" \/><\/a><\/div><div class=\"o-posts-grid-post-body\"><h4 class=\"o-posts-grid-post-title\"><a href=\"https:\/\/ach-dasta.de\/zeitung\/blog\/note-5-fuer-das-gedenken-am-femizid-an-buesra\/\">Note 5+ f\u00fcr das Gedenken am Femizid an B\u00fc\u015fra<\/a><\/h4><div class=\"o-posts-grid-post-description\"><p>Note 5+ f\u00fcr das Gedenken am Femizid an B\u00fc\u015fra von Nina Schermal (13.11.2024) Sie h\u00e4tte meine Schwester, meine Freundin oder die Frau sein k\u00f6nnen, die neben mir in der Bahn sitzt \u2013 oder ich. Dieser Gedanke steht an diesem Tag \u00fcber allem. Der Himmel ist grau, die Luft eisig. Studierende tummeln sich am Zentralcampus der [&hellip;]<\/p><a class=\"o-posts-read-more\" href=\"https:\/\/ach-dasta.de\/zeitung\/blog\/note-5-fuer-das-gedenken-am-femizid-an-buesra\/\">Read More<\/a><\/div><\/div><\/div><\/div><div class=\"o-posts-grid-post-blog o-posts-grid-post-plain\"><div class=\"o-posts-grid-post\"><div class=\"o-posts-grid-post-image\"><a href=\"https:\/\/ach-dasta.de\/zeitung\/blog\/in-der-hoffnung-auf-ganzheitlich-inklusivere-campustoiletten-an-der-h_da\/\"><img loading=\"lazy\" decoding=\"async\" width=\"2560\" height=\"1772\" src=\"https:\/\/ach-dasta.de\/zeitung\/wp-content\/uploads\/2024\/10\/Unisex-toiletten-webseite-1-scaled.jpg\" class=\"attachment-full size-full\" alt=\"In der Hoffnung auf ganzheitlich inklusivere Campustoiletten an der h_da\" srcset=\"https:\/\/ach-dasta.de\/zeitung\/wp-content\/uploads\/2024\/10\/Unisex-toiletten-webseite-1-scaled.jpg 2560w, https:\/\/ach-dasta.de\/zeitung\/wp-content\/uploads\/2024\/10\/Unisex-toiletten-webseite-1-300x208.jpg 300w, https:\/\/ach-dasta.de\/zeitung\/wp-content\/uploads\/2024\/10\/Unisex-toiletten-webseite-1-1024x709.jpg 1024w, https:\/\/ach-dasta.de\/zeitung\/wp-content\/uploads\/2024\/10\/Unisex-toiletten-webseite-1-768x532.jpg 768w, https:\/\/ach-dasta.de\/zeitung\/wp-content\/uploads\/2024\/10\/Unisex-toiletten-webseite-1-1536x1063.jpg 1536w, https:\/\/ach-dasta.de\/zeitung\/wp-content\/uploads\/2024\/10\/Unisex-toiletten-webseite-1-2048x1418.jpg 2048w\" sizes=\"(max-width: 2560px) 100vw, 2560px\" \/><\/a><\/div><div class=\"o-posts-grid-post-body\"><h4 class=\"o-posts-grid-post-title\"><a href=\"https:\/\/ach-dasta.de\/zeitung\/blog\/in-der-hoffnung-auf-ganzheitlich-inklusivere-campustoiletten-an-der-h_da\/\">In der Hoffnung auf ganzheitlich inklusivere Campustoiletten an der h_da<\/a><\/h4><div class=\"o-posts-grid-post-description\"><p>In der Hoffnung auf ganzheitlich inklusivere Campustoiletten an der h_da Haase, Ellie (30.10.2024) Ein appellativer Meinungsbeitrag Seit nun gut vier Jahren bezeichne ich mich selbst als \u201equeer\u201c \u2013 also als nicht der Geschlechternorm unserer Gesellschaft entsprechend. Und inzwischen bin ich in meiner pers\u00f6nlichen Entwicklung so weit vorangeschritten, dass mir viele Dinge in Bezug auf den [&hellip;]<\/p><a class=\"o-posts-read-more\" href=\"https:\/\/ach-dasta.de\/zeitung\/blog\/in-der-hoffnung-auf-ganzheitlich-inklusivere-campustoiletten-an-der-h_da\/\">Read More<\/a><\/div><\/div><\/div><\/div><div class=\"o-posts-grid-post-blog o-posts-grid-post-plain\"><div class=\"o-posts-grid-post\"><div class=\"o-posts-grid-post-image\"><a href=\"https:\/\/ach-dasta.de\/zeitung\/blog\/ode-an-den-zeitraum-das-cafe-am-campus-dieburg-ist-nicht-selbstverstaendlich-teil-2\/\"><img loading=\"lazy\" decoding=\"async\" width=\"2560\" height=\"1772\" src=\"https:\/\/ach-dasta.de\/zeitung\/wp-content\/uploads\/2024\/10\/Zeitraum-sparkles-webseite-1-scaled.jpg\" class=\"attachment-full size-full\" alt=\"Ode an den Zeitraum: Das Caf\u00e9 am Campus Dieburg ist nicht selbstverst\u00e4ndlich\u00a0(Teil 2)\" srcset=\"https:\/\/ach-dasta.de\/zeitung\/wp-content\/uploads\/2024\/10\/Zeitraum-sparkles-webseite-1-scaled.jpg 2560w, https:\/\/ach-dasta.de\/zeitung\/wp-content\/uploads\/2024\/10\/Zeitraum-sparkles-webseite-1-300x208.jpg 300w, https:\/\/ach-dasta.de\/zeitung\/wp-content\/uploads\/2024\/10\/Zeitraum-sparkles-webseite-1-1024x709.jpg 1024w, https:\/\/ach-dasta.de\/zeitung\/wp-content\/uploads\/2024\/10\/Zeitraum-sparkles-webseite-1-768x532.jpg 768w, https:\/\/ach-dasta.de\/zeitung\/wp-content\/uploads\/2024\/10\/Zeitraum-sparkles-webseite-1-1536x1063.jpg 1536w, https:\/\/ach-dasta.de\/zeitung\/wp-content\/uploads\/2024\/10\/Zeitraum-sparkles-webseite-1-2048x1418.jpg 2048w\" sizes=\"(max-width: 2560px) 100vw, 2560px\" \/><\/a><\/div><div class=\"o-posts-grid-post-body\"><h4 class=\"o-posts-grid-post-title\"><a href=\"https:\/\/ach-dasta.de\/zeitung\/blog\/ode-an-den-zeitraum-das-cafe-am-campus-dieburg-ist-nicht-selbstverstaendlich-teil-2\/\">Ode an den Zeitraum: Das Caf\u00e9 am Campus Dieburg ist nicht selbstverst\u00e4ndlich\u00a0(Teil 2)<\/a><\/h4><div class=\"o-posts-grid-post-description\"><p>Ode an den Zeitraum: Das Caf\u00e9 am Campus Dieburg ist nicht selbstverst\u00e4ndlich\u00a0(Teil 2) von Maya-Katharina Schulz (22.10.2024) Vielleicht sagt es nicht allen Darmst\u00e4dter Studis etwas, doch f\u00fcr diejenigen am Campus Dieburg hat es ungef\u00e4hr dieselbe Bedeutung wie ein Streifen Land am Horizont f\u00fcr einen Schiffbr\u00fcchigen:\u00a0Das Caf\u00e9 Zeitraum. Seit fast 20 Jahren versorgt es nicht nur [&hellip;]<\/p><a class=\"o-posts-read-more\" href=\"https:\/\/ach-dasta.de\/zeitung\/blog\/ode-an-den-zeitraum-das-cafe-am-campus-dieburg-ist-nicht-selbstverstaendlich-teil-2\/\">Read More<\/a><\/div><\/div><\/div><\/div><div class=\"o-posts-grid-post-blog o-posts-grid-post-plain\"><div class=\"o-posts-grid-post\"><div class=\"o-posts-grid-post-image\"><a href=\"https:\/\/ach-dasta.de\/zeitung\/blog\/ode-an-den-zeitraum-das-cafe-am-campus-dieburg-ist-nicht-selbstverstaendlich\/\"><img loading=\"lazy\" decoding=\"async\" width=\"2560\" height=\"1772\" src=\"https:\/\/ach-dasta.de\/zeitung\/wp-content\/uploads\/2024\/10\/Cafe-Zeitraum-webseite-scaled.jpg\" class=\"attachment-full size-full\" alt=\"Ode an den Zeitraum: Das Caf\u00e9 am Campus Dieburg ist nicht selbstverst\u00e4ndlich (TEIl 1)\" srcset=\"https:\/\/ach-dasta.de\/zeitung\/wp-content\/uploads\/2024\/10\/Cafe-Zeitraum-webseite-scaled.jpg 2560w, https:\/\/ach-dasta.de\/zeitung\/wp-content\/uploads\/2024\/10\/Cafe-Zeitraum-webseite-300x208.jpg 300w, https:\/\/ach-dasta.de\/zeitung\/wp-content\/uploads\/2024\/10\/Cafe-Zeitraum-webseite-1024x709.jpg 1024w, https:\/\/ach-dasta.de\/zeitung\/wp-content\/uploads\/2024\/10\/Cafe-Zeitraum-webseite-768x532.jpg 768w, https:\/\/ach-dasta.de\/zeitung\/wp-content\/uploads\/2024\/10\/Cafe-Zeitraum-webseite-1536x1063.jpg 1536w, https:\/\/ach-dasta.de\/zeitung\/wp-content\/uploads\/2024\/10\/Cafe-Zeitraum-webseite-2048x1418.jpg 2048w\" sizes=\"(max-width: 2560px) 100vw, 2560px\" \/><\/a><\/div><div class=\"o-posts-grid-post-body\"><h4 class=\"o-posts-grid-post-title\"><a href=\"https:\/\/ach-dasta.de\/zeitung\/blog\/ode-an-den-zeitraum-das-cafe-am-campus-dieburg-ist-nicht-selbstverstaendlich\/\">Ode an den Zeitraum: Das Caf\u00e9 am Campus Dieburg ist nicht selbstverst\u00e4ndlich (TEIl 1)<\/a><\/h4><div class=\"o-posts-grid-post-description\"><p>Ode an den Zeitraum: Das Caf\u00e9 am Campus Dieburg ist nicht selbstverst\u00e4ndlich (Teil 1) von Maya-Katharina Schulz (09.10.2024) Vielleicht sagt es nicht allen Darmst\u00e4dter Studis etwas, doch f\u00fcr diejenigen am Campus Dieburg hat es ungef\u00e4hr dieselbe Bedeutung wie ein Streifen Land am Horizont f\u00fcr einen Schiffbr\u00fcchigen: Das Caf\u00e9 Zeitraum. Seit fast 20 Jahren versorgt es [&hellip;]<\/p><a class=\"o-posts-read-more\" href=\"https:\/\/ach-dasta.de\/zeitung\/blog\/ode-an-den-zeitraum-das-cafe-am-campus-dieburg-ist-nicht-selbstverstaendlich\/\">Read More<\/a><\/div><\/div><\/div><\/div><div class=\"o-posts-grid-post-blog o-posts-grid-post-plain\"><div class=\"o-posts-grid-post\"><div class=\"o-posts-grid-post-image\"><a href=\"https:\/\/ach-dasta.de\/zeitung\/blog\/darmstadt-fuer-sparfuechse-rabatte-die-studis-kennen-sollten\/\"><img loading=\"lazy\" decoding=\"async\" width=\"2560\" height=\"1772\" src=\"https:\/\/ach-dasta.de\/zeitung\/wp-content\/uploads\/2024\/07\/Studentenrabatt-Webseite_klein-1-scaled.jpg\" class=\"attachment-full size-full\" alt=\"Darmstadt f\u00fcr Sparf\u00fcchse &#8211; Rabatte, die Studis kennen sollten\" srcset=\"https:\/\/ach-dasta.de\/zeitung\/wp-content\/uploads\/2024\/07\/Studentenrabatt-Webseite_klein-1-scaled.jpg 2560w, https:\/\/ach-dasta.de\/zeitung\/wp-content\/uploads\/2024\/07\/Studentenrabatt-Webseite_klein-1-300x208.jpg 300w, https:\/\/ach-dasta.de\/zeitung\/wp-content\/uploads\/2024\/07\/Studentenrabatt-Webseite_klein-1-1024x709.jpg 1024w, https:\/\/ach-dasta.de\/zeitung\/wp-content\/uploads\/2024\/07\/Studentenrabatt-Webseite_klein-1-768x532.jpg 768w, https:\/\/ach-dasta.de\/zeitung\/wp-content\/uploads\/2024\/07\/Studentenrabatt-Webseite_klein-1-1536x1063.jpg 1536w, https:\/\/ach-dasta.de\/zeitung\/wp-content\/uploads\/2024\/07\/Studentenrabatt-Webseite_klein-1-2048x1418.jpg 2048w\" sizes=\"(max-width: 2560px) 100vw, 2560px\" \/><\/a><\/div><div class=\"o-posts-grid-post-body\"><h4 class=\"o-posts-grid-post-title\"><a href=\"https:\/\/ach-dasta.de\/zeitung\/blog\/darmstadt-fuer-sparfuechse-rabatte-die-studis-kennen-sollten\/\">Darmstadt f\u00fcr Sparf\u00fcchse &#8211; Rabatte, die Studis kennen sollten<\/a><\/h4><div class=\"o-posts-grid-post-description\"><p>Als Studi hat man es nicht immer leicht. Meist ist das Geld knapp und der Lifestyle kommt zu kurz. Bei manchen Anbietern lohnt es sich, genauer hinzuschauen \u2013 oft k\u00f6nnen Studierende sparen. Antonia Hirschmann hat f\u00fcr ach_dasta! ein paar Tipps zusammengestellt, bei denen man in Darmstadt als Studi den Geldbeutel schonen kann.<\/p><a class=\"o-posts-read-more\" href=\"https:\/\/ach-dasta.de\/zeitung\/blog\/darmstadt-fuer-sparfuechse-rabatte-die-studis-kennen-sollten\/\">Read More<\/a><\/div><\/div><\/div><\/div><div class=\"o-posts-grid-post-blog o-posts-grid-post-plain\"><div class=\"o-posts-grid-post\"><div class=\"o-posts-grid-post-image\"><a href=\"https:\/\/ach-dasta.de\/zeitung\/blog\/campusfest-2024-recap\/\"><img loading=\"lazy\" decoding=\"async\" width=\"1600\" height=\"1107\" src=\"https:\/\/ach-dasta.de\/zeitung\/wp-content\/uploads\/2024\/06\/WhatsApp-Image-2024-06-17-at-12.00.46.jpeg\" class=\"attachment-full size-full\" alt=\"Campusfest 2024 &#8211; Recap\" srcset=\"https:\/\/ach-dasta.de\/zeitung\/wp-content\/uploads\/2024\/06\/WhatsApp-Image-2024-06-17-at-12.00.46.jpeg 1600w, https:\/\/ach-dasta.de\/zeitung\/wp-content\/uploads\/2024\/06\/WhatsApp-Image-2024-06-17-at-12.00.46-300x208.jpeg 300w, https:\/\/ach-dasta.de\/zeitung\/wp-content\/uploads\/2024\/06\/WhatsApp-Image-2024-06-17-at-12.00.46-1024x708.jpeg 1024w, https:\/\/ach-dasta.de\/zeitung\/wp-content\/uploads\/2024\/06\/WhatsApp-Image-2024-06-17-at-12.00.46-768x531.jpeg 768w, https:\/\/ach-dasta.de\/zeitung\/wp-content\/uploads\/2024\/06\/WhatsApp-Image-2024-06-17-at-12.00.46-1536x1063.jpeg 1536w\" sizes=\"(max-width: 1600px) 100vw, 1600px\" \/><\/a><\/div><div class=\"o-posts-grid-post-body\"><h4 class=\"o-posts-grid-post-title\"><a href=\"https:\/\/ach-dasta.de\/zeitung\/blog\/campusfest-2024-recap\/\">Campusfest 2024 &#8211; Recap<\/a><\/h4><div class=\"o-posts-grid-post-description\"><p>Hier ein paar Eindr\u00fccke vom diesj\u00e4hrigen Festival auf dem h_da-Campus in Darmstadt! Musik von Lena&amp;Linus, Rikas, Clara John und Zartmann, sportliche Einrichtungen, gutes Essen und eine &#8211; dank euch &#8211; super Stimmung haben es wieder mal zu einem ganz besonderen Event gemacht.<\/p><a class=\"o-posts-read-more\" href=\"https:\/\/ach-dasta.de\/zeitung\/blog\/campusfest-2024-recap\/\">Read More<\/a><\/div><\/div><\/div><\/div><div class=\"o-posts-grid-post-blog o-posts-grid-post-plain\"><div class=\"o-posts-grid-post\"><div class=\"o-posts-grid-post-image\"><a href=\"https:\/\/ach-dasta.de\/zeitung\/blog\/inside-campusfestival-nachhaltigkeit-diversitaet-und-inklusion-wie-plant-man-ein-festival\/\"><img loading=\"lazy\" decoding=\"async\" width=\"2560\" height=\"1772\" src=\"https:\/\/ach-dasta.de\/zeitung\/wp-content\/uploads\/2024\/06\/Campus-Festival-Webseite_klein-1-scaled.jpg\" class=\"attachment-full size-full\" alt=\"Inside Campusfestival &#8211; Nachhaltigkeit, Diversit\u00e4t und Inklusion: Wie plant man ein Festival?\" srcset=\"https:\/\/ach-dasta.de\/zeitung\/wp-content\/uploads\/2024\/06\/Campus-Festival-Webseite_klein-1-scaled.jpg 2560w, https:\/\/ach-dasta.de\/zeitung\/wp-content\/uploads\/2024\/06\/Campus-Festival-Webseite_klein-1-300x208.jpg 300w, https:\/\/ach-dasta.de\/zeitung\/wp-content\/uploads\/2024\/06\/Campus-Festival-Webseite_klein-1-1024x709.jpg 1024w, https:\/\/ach-dasta.de\/zeitung\/wp-content\/uploads\/2024\/06\/Campus-Festival-Webseite_klein-1-768x532.jpg 768w, https:\/\/ach-dasta.de\/zeitung\/wp-content\/uploads\/2024\/06\/Campus-Festival-Webseite_klein-1-1536x1063.jpg 1536w, https:\/\/ach-dasta.de\/zeitung\/wp-content\/uploads\/2024\/06\/Campus-Festival-Webseite_klein-1-2048x1418.jpg 2048w\" sizes=\"(max-width: 2560px) 100vw, 2560px\" \/><\/a><\/div><div class=\"o-posts-grid-post-body\"><h4 class=\"o-posts-grid-post-title\"><a href=\"https:\/\/ach-dasta.de\/zeitung\/blog\/inside-campusfestival-nachhaltigkeit-diversitaet-und-inklusion-wie-plant-man-ein-festival\/\">Inside Campusfestival &#8211; Nachhaltigkeit, Diversit\u00e4t und Inklusion: Wie plant man ein Festival?<\/a><\/h4><div class=\"o-posts-grid-post-description\"><p>Diesen Donnerstag ist es wieder soweit: Am 13.6. findet das Campusfestival statt. Ach_dasta! hat mit Silke Bertaloth und Christian Jung \u00fcber Orga und Planung eines nachhaltigen, diversen und inklusiven Festivals gesprochen.<\/p><a class=\"o-posts-read-more\" href=\"https:\/\/ach-dasta.de\/zeitung\/blog\/inside-campusfestival-nachhaltigkeit-diversitaet-und-inklusion-wie-plant-man-ein-festival\/\">Read More<\/a><\/div><\/div><\/div><\/div><div class=\"o-posts-grid-post-blog o-posts-grid-post-plain\"><div class=\"o-posts-grid-post\"><div class=\"o-posts-grid-post-image\"><a href=\"https:\/\/ach-dasta.de\/zeitung\/blog\/rauch-im-keller-enttaeuscht-aber-nicht-ueberrascht\/\"><img loading=\"lazy\" decoding=\"async\" width=\"2560\" height=\"1772\" src=\"https:\/\/ach-dasta.de\/zeitung\/wp-content\/uploads\/2024\/06\/IMG_3098_klein-2-scaled.jpg\" class=\"attachment-full size-full\" alt=\"Rauch im Keller: Entt\u00e4uscht, aber nicht \u00fcberrascht\" srcset=\"https:\/\/ach-dasta.de\/zeitung\/wp-content\/uploads\/2024\/06\/IMG_3098_klein-2-scaled.jpg 2560w, https:\/\/ach-dasta.de\/zeitung\/wp-content\/uploads\/2024\/06\/IMG_3098_klein-2-300x208.jpg 300w, https:\/\/ach-dasta.de\/zeitung\/wp-content\/uploads\/2024\/06\/IMG_3098_klein-2-1024x709.jpg 1024w, https:\/\/ach-dasta.de\/zeitung\/wp-content\/uploads\/2024\/06\/IMG_3098_klein-2-768x532.jpg 768w, https:\/\/ach-dasta.de\/zeitung\/wp-content\/uploads\/2024\/06\/IMG_3098_klein-2-1536x1063.jpg 1536w, https:\/\/ach-dasta.de\/zeitung\/wp-content\/uploads\/2024\/06\/IMG_3098_klein-2-2048x1418.jpg 2048w\" sizes=\"(max-width: 2560px) 100vw, 2560px\" \/><\/a><\/div><div class=\"o-posts-grid-post-body\"><h4 class=\"o-posts-grid-post-title\"><a href=\"https:\/\/ach-dasta.de\/zeitung\/blog\/rauch-im-keller-enttaeuscht-aber-nicht-ueberrascht\/\">Rauch im Keller: Entt\u00e4uscht, aber nicht \u00fcberrascht<\/a><\/h4><div class=\"o-posts-grid-post-description\"><p>Feueralarm in Dieburg! Ach_dasta!-Redakteur Marco war dabei und berichtet, wie gut (oder auch weniger gut) der Mediencampus in Sachen Brandschutz aufgestellt ist.<\/p><a class=\"o-posts-read-more\" href=\"https:\/\/ach-dasta.de\/zeitung\/blog\/rauch-im-keller-enttaeuscht-aber-nicht-ueberrascht\/\">Read More<\/a><\/div><\/div><\/div><\/div><\/div> <\/div>\n\n\n<div style=\"height:100px\" aria-hidden=\"true\" class=\"wp-block-spacer\"><\/div>\n","protected":false},"excerpt":{"rendered":"","protected":false},"author":1,"featured_media":0,"parent":0,"menu_order":0,"comment_status":"closed","ping_status":"closed","template":"","meta":{"_monsterinsights_skip_tracking":false,"_monsterinsights_sitenote_active":false,"_monsterinsights_sitenote_note":"","_monsterinsights_sitenote_category":0,"_themeisle_gutenberg_block_has_review":false,"footnotes":""},"class_list":["post-3613","page","type-page","status-publish","hentry"],"_links":{"self":[{"href":"https:\/\/ach-dasta.de\/zeitung\/wp-json\/wp\/v2\/pages\/3613","targetHints":{"allow":["GET"]}}],"collection":[{"href":"https:\/\/ach-dasta.de\/zeitung\/wp-json\/wp\/v2\/pages"}],"about":[{"href":"https:\/\/ach-dasta.de\/zeitung\/wp-json\/wp\/v2\/types\/page"}],"author":[{"embeddable":true,"href":"https:\/\/ach-dasta.de\/zeitung\/wp-json\/wp\/v2\/users\/1"}],"replies":[{"embeddable":true,"href":"https:\/\/ach-dasta.de\/zeitung\/wp-json\/wp\/v2\/comments?post=3613"}],"version-history":[{"count":11,"href":"https:\/\/ach-dasta.de\/zeitung\/wp-json\/wp\/v2\/pages\/3613\/revisions"}],"predecessor-version":[{"id":4108,"href":"https:\/\/ach-dasta.de\/zeitung\/wp-json\/wp\/v2\/pages\/3613\/revisions\/4108"}],"wp:attachment":[{"href":"https:\/\/ach-dasta.de\/zeitung\/wp-json\/wp\/v2\/media?parent=3613"}],"curies":[{"name":"wp","href":"https:\/\/api.w.org\/{rel}","templated":true}]}}