{"id":3983,"date":"2025-07-09T12:51:02","date_gmt":"2025-07-09T10:51:02","guid":{"rendered":"https:\/\/ach-dasta.de\/zeitung\/?page_id=3983"},"modified":"2025-07-14T10:40:10","modified_gmt":"2025-07-14T08:40:10","slug":"darmstadt","status":"publish","type":"page","link":"https:\/\/ach-dasta.de\/zeitung\/darmstadt\/","title":{"rendered":"darmstadt"},"content":{"rendered":"\n<div style=\"height:100px\" aria-hidden=\"true\" class=\"wp-block-spacer\"><\/div>\n\n\n<div class=\"is-style-boxed has-light-bg wp-block-themeisle-blocks-posts-grid\" id=\"wp-block-themeisle-blocks-posts-grid-df95a48b\"><div class=\"is-list\"><div class=\"o-posts-grid-post-blog o-posts-grid-post-plain\"><div class=\"o-posts-grid-post\"><div class=\"o-posts-grid-post-image\"><a href=\"https:\/\/ach-dasta.de\/zeitung\/blog\/wie-viel-schwammstadt-steckt-in-darmstadt\/\"><img loading=\"lazy\" decoding=\"async\" width=\"2560\" height=\"1772\" src=\"https:\/\/ach-dasta.de\/zeitung\/wp-content\/uploads\/2025\/10\/schwammstadt_webseite-scaled.jpg\" class=\"attachment-full size-full\" alt=\"Wie viel Schwammstadt steckt in Darmstadt?\" srcset=\"https:\/\/ach-dasta.de\/zeitung\/wp-content\/uploads\/2025\/10\/schwammstadt_webseite-scaled.jpg 2560w, https:\/\/ach-dasta.de\/zeitung\/wp-content\/uploads\/2025\/10\/schwammstadt_webseite-300x208.jpg 300w, https:\/\/ach-dasta.de\/zeitung\/wp-content\/uploads\/2025\/10\/schwammstadt_webseite-1024x709.jpg 1024w, https:\/\/ach-dasta.de\/zeitung\/wp-content\/uploads\/2025\/10\/schwammstadt_webseite-768x532.jpg 768w, https:\/\/ach-dasta.de\/zeitung\/wp-content\/uploads\/2025\/10\/schwammstadt_webseite-1536x1063.jpg 1536w, https:\/\/ach-dasta.de\/zeitung\/wp-content\/uploads\/2025\/10\/schwammstadt_webseite-2048x1418.jpg 2048w\" sizes=\"(max-width: 2560px) 100vw, 2560px\" \/><\/a><\/div><div class=\"o-posts-grid-post-body\"><h4 class=\"o-posts-grid-post-title\"><a href=\"https:\/\/ach-dasta.de\/zeitung\/blog\/wie-viel-schwammstadt-steckt-in-darmstadt\/\">Wie viel Schwammstadt steckt in Darmstadt?<\/a><\/h4><div class=\"o-posts-grid-post-description\"><p>Wer in die Einsteinstra\u00dfe im Darmst\u00e4dter Stadtteil Bessungen einbiegt, f\u00fchlt sich wie in die Zukunft versetzt. Es ist wie eine Vision vom perfekten und nachhaltigen Wohnen. Sieht so eine verantwortungsvolle Politik aus? Wie positioniert sich Darmstadt im Kampf gegen den Klimawandel? Und welche Rolle spielt dabei das Konzept von Schwammst\u00e4dten?<\/p><a class=\"o-posts-read-more\" href=\"https:\/\/ach-dasta.de\/zeitung\/blog\/wie-viel-schwammstadt-steckt-in-darmstadt\/\">Read More<\/a><\/div><\/div><\/div><\/div><div class=\"o-posts-grid-post-blog o-posts-grid-post-plain\"><div class=\"o-posts-grid-post\"><div class=\"o-posts-grid-post-image\"><a href=\"https:\/\/ach-dasta.de\/zeitung\/blog\/die-stadt-ist-nicht-fuer-alle-da\/\"><img loading=\"lazy\" decoding=\"async\" width=\"2560\" height=\"1772\" src=\"https:\/\/ach-dasta.de\/zeitung\/wp-content\/uploads\/2025\/08\/Bettelverbot-webseite-scaled.jpg\" class=\"attachment-full size-full\" alt=\"Die Stadt ist (nicht) f\u00fcr alle da\" srcset=\"https:\/\/ach-dasta.de\/zeitung\/wp-content\/uploads\/2025\/08\/Bettelverbot-webseite-scaled.jpg 2560w, https:\/\/ach-dasta.de\/zeitung\/wp-content\/uploads\/2025\/08\/Bettelverbot-webseite-300x208.jpg 300w, https:\/\/ach-dasta.de\/zeitung\/wp-content\/uploads\/2025\/08\/Bettelverbot-webseite-1024x709.jpg 1024w, https:\/\/ach-dasta.de\/zeitung\/wp-content\/uploads\/2025\/08\/Bettelverbot-webseite-768x532.jpg 768w, https:\/\/ach-dasta.de\/zeitung\/wp-content\/uploads\/2025\/08\/Bettelverbot-webseite-1536x1063.jpg 1536w, https:\/\/ach-dasta.de\/zeitung\/wp-content\/uploads\/2025\/08\/Bettelverbot-webseite-2048x1418.jpg 2048w\" sizes=\"(max-width: 2560px) 100vw, 2560px\" \/><\/a><\/div><div class=\"o-posts-grid-post-body\"><h4 class=\"o-posts-grid-post-title\"><a href=\"https:\/\/ach-dasta.de\/zeitung\/blog\/die-stadt-ist-nicht-fuer-alle-da\/\">Die Stadt ist (nicht) f\u00fcr alle da<\/a><\/h4><div class=\"o-posts-grid-post-description\"><p>\u201cIch bin w\u00fctend\u201d, ruft die junge blonde Frau vor dem Luisencenter ins Mikrofon. \u201cIch bin w\u00fctend dar\u00fcber, wie die Stadt Darmstadt mit mittellosen Menschen umgeht.\u201d Mit ihrer Wut ist sie nicht alleine. In kleinen Gruppen dr\u00e4ngen sich ihre Zuh\u00f6rer:innen zusammen \u2013\u00a0 trotz des Regens, der einem die Sicht erschwert und die Klamotten durchn\u00e4sst.<\/p><a class=\"o-posts-read-more\" href=\"https:\/\/ach-dasta.de\/zeitung\/blog\/die-stadt-ist-nicht-fuer-alle-da\/\">Read More<\/a><\/div><\/div><\/div><\/div><div class=\"o-posts-grid-post-blog o-posts-grid-post-plain\"><div class=\"o-posts-grid-post\"><div class=\"o-posts-grid-post-image\"><a href=\"https:\/\/ach-dasta.de\/zeitung\/blog\/wo-das-leben-abschied-nimmt\/\"><img loading=\"lazy\" decoding=\"async\" width=\"2560\" height=\"1772\" src=\"https:\/\/ach-dasta.de\/zeitung\/wp-content\/uploads\/2025\/08\/Bestattung_webseite-scaled.jpg\" class=\"attachment-full size-full\" alt=\"Wo das Leben Abschied nimmt\" srcset=\"https:\/\/ach-dasta.de\/zeitung\/wp-content\/uploads\/2025\/08\/Bestattung_webseite-scaled.jpg 2560w, https:\/\/ach-dasta.de\/zeitung\/wp-content\/uploads\/2025\/08\/Bestattung_webseite-300x208.jpg 300w, https:\/\/ach-dasta.de\/zeitung\/wp-content\/uploads\/2025\/08\/Bestattung_webseite-1024x709.jpg 1024w, https:\/\/ach-dasta.de\/zeitung\/wp-content\/uploads\/2025\/08\/Bestattung_webseite-768x532.jpg 768w, https:\/\/ach-dasta.de\/zeitung\/wp-content\/uploads\/2025\/08\/Bestattung_webseite-1536x1063.jpg 1536w, https:\/\/ach-dasta.de\/zeitung\/wp-content\/uploads\/2025\/08\/Bestattung_webseite-2048x1418.jpg 2048w\" sizes=\"(max-width: 2560px) 100vw, 2560px\" \/><\/a><\/div><div class=\"o-posts-grid-post-body\"><h4 class=\"o-posts-grid-post-title\"><a href=\"https:\/\/ach-dasta.de\/zeitung\/blog\/wo-das-leben-abschied-nimmt\/\">Wo das Leben Abschied nimmt<\/a><\/h4><div class=\"o-posts-grid-post-description\"><p>Ich stehe mit ihr im Keller des Bestattungsinstituts Kahrhof. Um uns herum: eine riesige Auswahl\u00a0 an S\u00e4rgen und Urnen \u2013 aus Holz, in Baumrindenoptik, aus Papier, ja sogar ein biologisch\u00a0 abbaubarer Pilzsarg, der aus Myzel gez\u00fcchtet wurde. Inmitten dieser Beh\u00e4ltnisse frage ich mich,\u00a0 wie es wohl sein muss, sich tagt\u00e4glich mit dem Tod zu besch\u00e4ftigen.\u00a0\u00a0<\/p><a class=\"o-posts-read-more\" href=\"https:\/\/ach-dasta.de\/zeitung\/blog\/wo-das-leben-abschied-nimmt\/\">Read More<\/a><\/div><\/div><\/div><\/div><div class=\"o-posts-grid-post-blog o-posts-grid-post-plain\"><div class=\"o-posts-grid-post\"><div class=\"o-posts-grid-post-image\"><a href=\"https:\/\/ach-dasta.de\/zeitung\/blog\/ein-langer-atem-fuer-den-darmbach\/\"><img loading=\"lazy\" decoding=\"async\" width=\"2560\" height=\"1772\" src=\"https:\/\/ach-dasta.de\/zeitung\/wp-content\/uploads\/2025\/03\/Darmbach-webseite-1-scaled.jpg\" class=\"attachment-full size-full\" alt=\"\u201cEin langer Atem f\u00fcr den Darmbach\u201d\" srcset=\"https:\/\/ach-dasta.de\/zeitung\/wp-content\/uploads\/2025\/03\/Darmbach-webseite-1-scaled.jpg 2560w, https:\/\/ach-dasta.de\/zeitung\/wp-content\/uploads\/2025\/03\/Darmbach-webseite-1-300x208.jpg 300w, https:\/\/ach-dasta.de\/zeitung\/wp-content\/uploads\/2025\/03\/Darmbach-webseite-1-1024x709.jpg 1024w, https:\/\/ach-dasta.de\/zeitung\/wp-content\/uploads\/2025\/03\/Darmbach-webseite-1-768x532.jpg 768w, https:\/\/ach-dasta.de\/zeitung\/wp-content\/uploads\/2025\/03\/Darmbach-webseite-1-1536x1063.jpg 1536w, https:\/\/ach-dasta.de\/zeitung\/wp-content\/uploads\/2025\/03\/Darmbach-webseite-1-2048x1418.jpg 2048w\" sizes=\"(max-width: 2560px) 100vw, 2560px\" \/><\/a><\/div><div class=\"o-posts-grid-post-body\"><h4 class=\"o-posts-grid-post-title\"><a href=\"https:\/\/ach-dasta.de\/zeitung\/blog\/ein-langer-atem-fuer-den-darmbach\/\">\u201cEin langer Atem f\u00fcr den Darmbach\u201d<\/a><\/h4><div class=\"o-posts-grid-post-description\"><p>\u201cEin langer Atem f\u00fcr den Darmbach\u201d von Lucie Kraft (19.M\u00e4r.2025) Wie eine Initiative versucht, das kleine Gew\u00e4sser im Herzen der Stadt wieder zum Leben zu erwecken Der rund 30 Kilometer lange Darmbach entspringt im Darmst\u00e4dter Ostwald. Ab dem Vivarium flie\u00dft er durch Wiesenlandschaften, durchquert den Botanischen Garten und den Gro\u00dfen Woog, bevor er gr\u00f6\u00dftenteils unterirdisch [&hellip;]<\/p><a class=\"o-posts-read-more\" href=\"https:\/\/ach-dasta.de\/zeitung\/blog\/ein-langer-atem-fuer-den-darmbach\/\">Read More<\/a><\/div><\/div><\/div><\/div><div class=\"o-posts-grid-post-blog o-posts-grid-post-plain\"><div class=\"o-posts-grid-post\"><div class=\"o-posts-grid-post-image\"><a href=\"https:\/\/ach-dasta.de\/zeitung\/blog\/bangen-um-den-osthang\/\"><img loading=\"lazy\" decoding=\"async\" width=\"2560\" height=\"1772\" src=\"https:\/\/ach-dasta.de\/zeitung\/wp-content\/uploads\/2024\/12\/Osthang-webseite-1-scaled.jpg\" class=\"attachment-full size-full\" alt=\"Bangen um den Osthang\" srcset=\"https:\/\/ach-dasta.de\/zeitung\/wp-content\/uploads\/2024\/12\/Osthang-webseite-1-scaled.jpg 2560w, https:\/\/ach-dasta.de\/zeitung\/wp-content\/uploads\/2024\/12\/Osthang-webseite-1-300x208.jpg 300w, https:\/\/ach-dasta.de\/zeitung\/wp-content\/uploads\/2024\/12\/Osthang-webseite-1-1024x709.jpg 1024w, https:\/\/ach-dasta.de\/zeitung\/wp-content\/uploads\/2024\/12\/Osthang-webseite-1-768x532.jpg 768w, https:\/\/ach-dasta.de\/zeitung\/wp-content\/uploads\/2024\/12\/Osthang-webseite-1-1536x1063.jpg 1536w, https:\/\/ach-dasta.de\/zeitung\/wp-content\/uploads\/2024\/12\/Osthang-webseite-1-2048x1418.jpg 2048w\" sizes=\"(max-width: 2560px) 100vw, 2560px\" \/><\/a><\/div><div class=\"o-posts-grid-post-body\"><h4 class=\"o-posts-grid-post-title\"><a href=\"https:\/\/ach-dasta.de\/zeitung\/blog\/bangen-um-den-osthang\/\">Bangen um den Osthang<\/a><\/h4><div class=\"o-posts-grid-post-description\"><p>Bangen um den Osthang Wohin mit Darmstadts Kulturszene?\u00a0 Von Louisa Albert (11.Dez.2024) Ein Zollstock wedelt in der Luft, an ihm befestigt ist eine d\u00fcnne Seite Papier. \u201cOHA bleibt\u201d, ist darauf zu lesen. Mehr braucht es kaum, um zusammenzufassen, um was es den etwa 300 Leuten geht, die sich an diesem Sonntag auf dem Luisenplatz versammelt [&hellip;]<\/p><a class=\"o-posts-read-more\" href=\"https:\/\/ach-dasta.de\/zeitung\/blog\/bangen-um-den-osthang\/\">Read More<\/a><\/div><\/div><\/div><\/div><div class=\"o-posts-grid-post-blog o-posts-grid-post-plain\"><div class=\"o-posts-grid-post\"><div class=\"o-posts-grid-post-image\"><a href=\"https:\/\/ach-dasta.de\/zeitung\/blog\/fuer-den-letzten-heiner\/\"><img loading=\"lazy\" decoding=\"async\" width=\"2560\" height=\"1772\" src=\"https:\/\/ach-dasta.de\/zeitung\/wp-content\/uploads\/2024\/11\/Heiner-Webseite-1-scaled.jpg\" class=\"attachment-full size-full\" alt=\"F\u00fcr \u201cden letzten Heiner\u201d\u00a0\" srcset=\"https:\/\/ach-dasta.de\/zeitung\/wp-content\/uploads\/2024\/11\/Heiner-Webseite-1-scaled.jpg 2560w, https:\/\/ach-dasta.de\/zeitung\/wp-content\/uploads\/2024\/11\/Heiner-Webseite-1-300x208.jpg 300w, https:\/\/ach-dasta.de\/zeitung\/wp-content\/uploads\/2024\/11\/Heiner-Webseite-1-1024x709.jpg 1024w, https:\/\/ach-dasta.de\/zeitung\/wp-content\/uploads\/2024\/11\/Heiner-Webseite-1-768x532.jpg 768w, https:\/\/ach-dasta.de\/zeitung\/wp-content\/uploads\/2024\/11\/Heiner-Webseite-1-1536x1063.jpg 1536w, https:\/\/ach-dasta.de\/zeitung\/wp-content\/uploads\/2024\/11\/Heiner-Webseite-1-2048x1418.jpg 2048w\" sizes=\"(max-width: 2560px) 100vw, 2560px\" \/><\/a><\/div><div class=\"o-posts-grid-post-body\"><h4 class=\"o-posts-grid-post-title\"><a href=\"https:\/\/ach-dasta.de\/zeitung\/blog\/fuer-den-letzten-heiner\/\">F\u00fcr \u201cden letzten Heiner\u201d\u00a0<\/a><\/h4><div class=\"o-posts-grid-post-description\"><p>F\u00fcr \u201cden letzten Heiner\u201d von Christoph Pfeiffer (20.11.2024) Als das Martinsviertel auf die Stra\u00dfe ging&nbsp; Der Geruch von Ru\u00df und Benzin macht sich breit, Motorenger\u00e4usche bahnen sich ihren Weg durch das Viertel. Seitdem die vierspurige Autobahn das Martinsviertel zweigeteilt hat, hat sich das Leben im Darmst\u00e4dter Norden ver\u00e4ndert. Mit Charme behaftet und lebendig &#8211; das [&hellip;]<\/p><a class=\"o-posts-read-more\" href=\"https:\/\/ach-dasta.de\/zeitung\/blog\/fuer-den-letzten-heiner\/\">Read More<\/a><\/div><\/div><\/div><\/div><div class=\"o-posts-grid-post-blog o-posts-grid-post-plain\"><div class=\"o-posts-grid-post\"><div class=\"o-posts-grid-post-image\"><a href=\"https:\/\/ach-dasta.de\/zeitung\/blog\/so-klingt-darmstadt\/\"><img loading=\"lazy\" decoding=\"async\" width=\"2560\" height=\"1772\" src=\"https:\/\/ach-dasta.de\/zeitung\/wp-content\/uploads\/2023\/10\/Webseite-klein-scaled.jpg\" class=\"attachment-full size-full\" alt=\"So klingt Darmstadt\" srcset=\"https:\/\/ach-dasta.de\/zeitung\/wp-content\/uploads\/2023\/10\/Webseite-klein-scaled.jpg 2560w, https:\/\/ach-dasta.de\/zeitung\/wp-content\/uploads\/2023\/10\/Webseite-klein-300x208.jpg 300w, https:\/\/ach-dasta.de\/zeitung\/wp-content\/uploads\/2023\/10\/Webseite-klein-1024x709.jpg 1024w, https:\/\/ach-dasta.de\/zeitung\/wp-content\/uploads\/2023\/10\/Webseite-klein-768x532.jpg 768w, https:\/\/ach-dasta.de\/zeitung\/wp-content\/uploads\/2023\/10\/Webseite-klein-1536x1063.jpg 1536w, https:\/\/ach-dasta.de\/zeitung\/wp-content\/uploads\/2023\/10\/Webseite-klein-2048x1418.jpg 2048w\" sizes=\"(max-width: 2560px) 100vw, 2560px\" \/><\/a><\/div><div class=\"o-posts-grid-post-body\"><h4 class=\"o-posts-grid-post-title\"><a href=\"https:\/\/ach-dasta.de\/zeitung\/blog\/so-klingt-darmstadt\/\">So klingt Darmstadt<\/a><\/h4><div class=\"o-posts-grid-post-description\"><p>Ein Semester, 6 Monate, 24 Wochen, 168 Tage, 39 Tracks : unsere Ach_dasta! Playlist. Der kr\u00f6nende Abschluss mit Basedrum und Synthesizer unserer &#8230;in Darmstadt-Ausgabe. Es g\u00e4be noch so viel mehr Themen und Menschen \u00fcber die wir hier berichten k\u00f6nnten. Es g\u00e4be auch noch viel mehr Bands und Songs.<\/p><a class=\"o-posts-read-more\" href=\"https:\/\/ach-dasta.de\/zeitung\/blog\/so-klingt-darmstadt\/\">Read More<\/a><\/div><\/div><\/div><\/div><div class=\"o-posts-grid-post-blog o-posts-grid-post-plain\"><div class=\"o-posts-grid-post\"><div class=\"o-posts-grid-post-image\"><a href=\"https:\/\/ach-dasta.de\/zeitung\/blog\/in-darmstadt-ueber-vulven-reden\/\"><img loading=\"lazy\" decoding=\"async\" width=\"2560\" height=\"1772\" src=\"https:\/\/ach-dasta.de\/zeitung\/wp-content\/uploads\/2023\/10\/Webseite3-scaled.jpg\" class=\"attachment-full size-full\" alt=\"Vulva-Illustration und zwei Herzen\" srcset=\"https:\/\/ach-dasta.de\/zeitung\/wp-content\/uploads\/2023\/10\/Webseite3-scaled.jpg 2560w, https:\/\/ach-dasta.de\/zeitung\/wp-content\/uploads\/2023\/10\/Webseite3-300x208.jpg 300w, https:\/\/ach-dasta.de\/zeitung\/wp-content\/uploads\/2023\/10\/Webseite3-1024x709.jpg 1024w, https:\/\/ach-dasta.de\/zeitung\/wp-content\/uploads\/2023\/10\/Webseite3-768x532.jpg 768w, https:\/\/ach-dasta.de\/zeitung\/wp-content\/uploads\/2023\/10\/Webseite3-1536x1063.jpg 1536w, https:\/\/ach-dasta.de\/zeitung\/wp-content\/uploads\/2023\/10\/Webseite3-2048x1418.jpg 2048w\" sizes=\"(max-width: 2560px) 100vw, 2560px\" \/><\/a><\/div><div class=\"o-posts-grid-post-body\"><h4 class=\"o-posts-grid-post-title\"><a href=\"https:\/\/ach-dasta.de\/zeitung\/blog\/in-darmstadt-ueber-vulven-reden\/\">In Darmstadt \u2026 \u00dcber Vulven reden<\/a><\/h4><div class=\"o-posts-grid-post-description\"><p>Die Vulva &#8211; die H\u00e4lfte der Weltbev\u00f6lkerung hat sie. Und doch kann kaum jemand eine akkurate Vulva malen, wenn man die Person dazu auffordert. Einen Penis? Kein Problem. Den Anus? Easy! Aber eine Vulva? Schwierig.<\/p><a class=\"o-posts-read-more\" href=\"https:\/\/ach-dasta.de\/zeitung\/blog\/in-darmstadt-ueber-vulven-reden\/\">Read More<\/a><\/div><\/div><\/div><\/div><div class=\"o-posts-grid-post-blog o-posts-grid-post-plain\"><div class=\"o-posts-grid-post\"><div class=\"o-posts-grid-post-image\"><a href=\"https:\/\/ach-dasta.de\/zeitung\/blog\/zu-viele-neukundinnen-zu-wenige-lebensmittelspenden\/\"><img loading=\"lazy\" decoding=\"async\" width=\"2560\" height=\"1772\" src=\"https:\/\/ach-dasta.de\/zeitung\/wp-content\/uploads\/2023\/10\/webseite-min-scaled.jpg\" class=\"attachment-full size-full\" alt=\"Zu viele Neukund*innen, zu wenige Lebensmittelspenden\" srcset=\"https:\/\/ach-dasta.de\/zeitung\/wp-content\/uploads\/2023\/10\/webseite-min-scaled.jpg 2560w, https:\/\/ach-dasta.de\/zeitung\/wp-content\/uploads\/2023\/10\/webseite-min-300x208.jpg 300w, https:\/\/ach-dasta.de\/zeitung\/wp-content\/uploads\/2023\/10\/webseite-min-1024x709.jpg 1024w, https:\/\/ach-dasta.de\/zeitung\/wp-content\/uploads\/2023\/10\/webseite-min-768x532.jpg 768w, https:\/\/ach-dasta.de\/zeitung\/wp-content\/uploads\/2023\/10\/webseite-min-1536x1063.jpg 1536w, https:\/\/ach-dasta.de\/zeitung\/wp-content\/uploads\/2023\/10\/webseite-min-2048x1418.jpg 2048w\" sizes=\"(max-width: 2560px) 100vw, 2560px\" \/><\/a><\/div><div class=\"o-posts-grid-post-body\"><h4 class=\"o-posts-grid-post-title\"><a href=\"https:\/\/ach-dasta.de\/zeitung\/blog\/zu-viele-neukundinnen-zu-wenige-lebensmittelspenden\/\">Zu viele Neukund*innen, zu wenige Lebensmittelspenden<\/a><\/h4><div class=\"o-posts-grid-post-description\"><p>Dieburg, sieben Uhr in der Fr\u00fch. Keine zehn Gehminuten von meiner WG in der Spitalstra\u00dfe entfernt, befindet sich inmitten des Industriegebiets die Dieburger Tafel. Eine Reportage.<\/p><a class=\"o-posts-read-more\" href=\"https:\/\/ach-dasta.de\/zeitung\/blog\/zu-viele-neukundinnen-zu-wenige-lebensmittelspenden\/\">Read More<\/a><\/div><\/div><\/div><\/div><div class=\"o-posts-grid-post-blog o-posts-grid-post-plain\"><div class=\"o-posts-grid-post\"><div class=\"o-posts-grid-post-image\"><a href=\"https:\/\/ach-dasta.de\/zeitung\/blog\/wir-moechten-eine-andere-welt-erschaffen\/\"><img loading=\"lazy\" decoding=\"async\" width=\"2560\" height=\"1714\" src=\"https:\/\/ach-dasta.de\/zeitung\/wp-content\/uploads\/2023\/10\/Klause-Reportage-min-scaled.jpg\" class=\"attachment-full size-full\" alt=\"&#8222;Wir m\u00f6chten eine andere Welt erschaffen.&#8220;\" srcset=\"https:\/\/ach-dasta.de\/zeitung\/wp-content\/uploads\/2023\/10\/Klause-Reportage-min-scaled.jpg 2560w, https:\/\/ach-dasta.de\/zeitung\/wp-content\/uploads\/2023\/10\/Klause-Reportage-min-300x201.jpg 300w, https:\/\/ach-dasta.de\/zeitung\/wp-content\/uploads\/2023\/10\/Klause-Reportage-min-1024x685.jpg 1024w, https:\/\/ach-dasta.de\/zeitung\/wp-content\/uploads\/2023\/10\/Klause-Reportage-min-768x514.jpg 768w, https:\/\/ach-dasta.de\/zeitung\/wp-content\/uploads\/2023\/10\/Klause-Reportage-min-1536x1028.jpg 1536w, https:\/\/ach-dasta.de\/zeitung\/wp-content\/uploads\/2023\/10\/Klause-Reportage-min-2048x1371.jpg 2048w\" sizes=\"(max-width: 2560px) 100vw, 2560px\" \/><\/a><\/div><div class=\"o-posts-grid-post-body\"><h4 class=\"o-posts-grid-post-title\"><a href=\"https:\/\/ach-dasta.de\/zeitung\/blog\/wir-moechten-eine-andere-welt-erschaffen\/\">&#8222;Wir m\u00f6chten eine andere Welt erschaffen.&#8220;<\/a><\/h4><div class=\"o-posts-grid-post-description\"><p>Darmstadt Hauptbahnhof. So wie jeder Hauptbahnhof ist auch dieser eher trist als fr\u00f6hlich. Grauer Boden, wenig begr\u00fcnt und wenn man Pech hat, tritt man in einen Kaugummi. Doch noch auf dem Gel\u00e4nde des Darmst\u00e4dter Hauptbahnhofs verbirgt sich ein kleiner gr\u00fcner Garten: die Klause. Eine Reportage.<\/p><a class=\"o-posts-read-more\" href=\"https:\/\/ach-dasta.de\/zeitung\/blog\/wir-moechten-eine-andere-welt-erschaffen\/\">Read More<\/a><\/div><\/div><\/div><\/div><div class=\"o-posts-grid-post-blog o-posts-grid-post-plain\"><div class=\"o-posts-grid-post\"><div class=\"o-posts-grid-post-image\"><a href=\"https:\/\/ach-dasta.de\/zeitung\/blog\/landtagswahl-hessen-wahl-o-mat-infotext\/\"><img loading=\"lazy\" decoding=\"async\" width=\"2560\" height=\"1772\" src=\"https:\/\/ach-dasta.de\/zeitung\/wp-content\/uploads\/2023\/10\/Webseite-1-min-scaled.jpg\" class=\"attachment-full size-full\" alt=\"Wohin mit Hessen? Der Wahl-O-Mat f\u00fcr Studis schafft Abhilfe\" srcset=\"https:\/\/ach-dasta.de\/zeitung\/wp-content\/uploads\/2023\/10\/Webseite-1-min-scaled.jpg 2560w, https:\/\/ach-dasta.de\/zeitung\/wp-content\/uploads\/2023\/10\/Webseite-1-min-300x208.jpg 300w, https:\/\/ach-dasta.de\/zeitung\/wp-content\/uploads\/2023\/10\/Webseite-1-min-1024x709.jpg 1024w, https:\/\/ach-dasta.de\/zeitung\/wp-content\/uploads\/2023\/10\/Webseite-1-min-768x532.jpg 768w, https:\/\/ach-dasta.de\/zeitung\/wp-content\/uploads\/2023\/10\/Webseite-1-min-1536x1063.jpg 1536w, https:\/\/ach-dasta.de\/zeitung\/wp-content\/uploads\/2023\/10\/Webseite-1-min-2048x1418.jpg 2048w\" sizes=\"(max-width: 2560px) 100vw, 2560px\" \/><\/a><\/div><div class=\"o-posts-grid-post-body\"><h4 class=\"o-posts-grid-post-title\"><a href=\"https:\/\/ach-dasta.de\/zeitung\/blog\/landtagswahl-hessen-wahl-o-mat-infotext\/\">Wohin mit Hessen? Der Wahl-O-Mat f\u00fcr Studis schafft Abhilfe<\/a><\/h4><div class=\"o-posts-grid-post-description\"><p>Am Sonntag ist Landtagswahl in Hessen! Aber was, wenn ich in diesem Jahr noch nicht wirklich Zeit hatte, mich mit den Parteien und ihren jeweiligen Programmen auseinanderzusetzen?<\/p><a class=\"o-posts-read-more\" href=\"https:\/\/ach-dasta.de\/zeitung\/blog\/landtagswahl-hessen-wahl-o-mat-infotext\/\">Read More<\/a><\/div><\/div><\/div><\/div><div class=\"o-posts-grid-post-blog o-posts-grid-post-plain\"><div class=\"o-posts-grid-post\"><div class=\"o-posts-grid-post-image\"><a href=\"https:\/\/ach-dasta.de\/zeitung\/blog\/alternative-hippies-rechte-esoterik-die-lebensreformbewegung\/\"><img loading=\"lazy\" decoding=\"async\" width=\"1552\" height=\"1075\" src=\"https:\/\/ach-dasta.de\/zeitung\/wp-content\/uploads\/2023\/09\/Design-ohne-Titel-e1695930685706.jpg\" class=\"attachment-full size-full\" alt=\"Alternative Hippies, rechte Esoterik &#038; die Lebensreformbewegung\" srcset=\"https:\/\/ach-dasta.de\/zeitung\/wp-content\/uploads\/2023\/09\/Design-ohne-Titel-e1695930685706.jpg 1552w, https:\/\/ach-dasta.de\/zeitung\/wp-content\/uploads\/2023\/09\/Design-ohne-Titel-e1695930685706-300x208.jpg 300w, https:\/\/ach-dasta.de\/zeitung\/wp-content\/uploads\/2023\/09\/Design-ohne-Titel-e1695930685706-1024x709.jpg 1024w, https:\/\/ach-dasta.de\/zeitung\/wp-content\/uploads\/2023\/09\/Design-ohne-Titel-e1695930685706-768x532.jpg 768w, https:\/\/ach-dasta.de\/zeitung\/wp-content\/uploads\/2023\/09\/Design-ohne-Titel-e1695930685706-1536x1064.jpg 1536w\" sizes=\"(max-width: 1552px) 100vw, 1552px\" \/><\/a><\/div><div class=\"o-posts-grid-post-body\"><h4 class=\"o-posts-grid-post-title\"><a href=\"https:\/\/ach-dasta.de\/zeitung\/blog\/alternative-hippies-rechte-esoterik-die-lebensreformbewegung\/\">Alternative Hippies, rechte Esoterik &#038; die Lebensreformbewegung<\/a><\/h4><div class=\"o-posts-grid-post-description\"><p>Als Reaktion auf die Reportage &quot;An diesem Ort herrscht Friede, Freude, Eierkuchen&quot; entstand dieser Artikel. Der Bezug zwischen rechter Querdenkerbewegung, Eso-Hippies und der Lebensreformbewegung betrifft uns alle, denn er findet sich an vielen Orten unserer Gesellschaft.<\/p><a class=\"o-posts-read-more\" href=\"https:\/\/ach-dasta.de\/zeitung\/blog\/alternative-hippies-rechte-esoterik-die-lebensreformbewegung\/\">Read More<\/a><\/div><\/div><\/div><\/div><\/div> <\/div>\n\n\n<div style=\"height:150px\" aria-hidden=\"true\" class=\"wp-block-spacer\"><\/div>\n","protected":false},"excerpt":{"rendered":"","protected":false},"author":1,"featured_media":0,"parent":0,"menu_order":0,"comment_status":"closed","ping_status":"closed","template":"","meta":{"_monsterinsights_skip_tracking":false,"_monsterinsights_sitenote_active":false,"_monsterinsights_sitenote_note":"","_monsterinsights_sitenote_category":0,"_themeisle_gutenberg_block_has_review":false,"footnotes":""},"class_list":["post-3983","page","type-page","status-publish","hentry"],"_links":{"self":[{"href":"https:\/\/ach-dasta.de\/zeitung\/wp-json\/wp\/v2\/pages\/3983","targetHints":{"allow":["GET"]}}],"collection":[{"href":"https:\/\/ach-dasta.de\/zeitung\/wp-json\/wp\/v2\/pages"}],"about":[{"href":"https:\/\/ach-dasta.de\/zeitung\/wp-json\/wp\/v2\/types\/page"}],"author":[{"embeddable":true,"href":"https:\/\/ach-dasta.de\/zeitung\/wp-json\/wp\/v2\/users\/1"}],"replies":[{"embeddable":true,"href":"https:\/\/ach-dasta.de\/zeitung\/wp-json\/wp\/v2\/comments?post=3983"}],"version-history":[{"count":7,"href":"https:\/\/ach-dasta.de\/zeitung\/wp-json\/wp\/v2\/pages\/3983\/revisions"}],"predecessor-version":[{"id":4109,"href":"https:\/\/ach-dasta.de\/zeitung\/wp-json\/wp\/v2\/pages\/3983\/revisions\/4109"}],"wp:attachment":[{"href":"https:\/\/ach-dasta.de\/zeitung\/wp-json\/wp\/v2\/media?parent=3983"}],"curies":[{"name":"wp","href":"https:\/\/api.w.org\/{rel}","templated":true}]}}