{"id":4112,"date":"2025-07-14T16:33:53","date_gmt":"2025-07-14T14:33:53","guid":{"rendered":"https:\/\/ach-dasta.de\/zeitung\/?page_id=4112"},"modified":"2025-07-14T17:52:26","modified_gmt":"2025-07-14T15:52:26","slug":"flinta","status":"publish","type":"page","link":"https:\/\/ach-dasta.de\/zeitung\/flinta\/","title":{"rendered":"flinta*"},"content":{"rendered":"\n<div style=\"height:100px\" aria-hidden=\"true\" class=\"wp-block-spacer\"><\/div>\n\n\n<div class=\"is-style-boxed has-light-bg wp-block-themeisle-blocks-posts-grid\" id=\"wp-block-themeisle-blocks-posts-grid-df95a48b\"><div class=\"is-list\"><div class=\"o-posts-grid-post-blog o-posts-grid-post-plain\"><div class=\"o-posts-grid-post\"><div class=\"o-posts-grid-post-image\"><a href=\"https:\/\/ach-dasta.de\/zeitung\/blog\/spray-it-loud\/\"><img loading=\"lazy\" decoding=\"async\" width=\"1806\" height=\"1250\" src=\"https:\/\/ach-dasta.de\/zeitung\/wp-content\/uploads\/2025\/10\/Graffiti_webseite.jpg\" class=\"attachment-full size-full\" alt=\"S(pr)ay it loud\" srcset=\"https:\/\/ach-dasta.de\/zeitung\/wp-content\/uploads\/2025\/10\/Graffiti_webseite.jpg 1806w, https:\/\/ach-dasta.de\/zeitung\/wp-content\/uploads\/2025\/10\/Graffiti_webseite-300x208.jpg 300w, https:\/\/ach-dasta.de\/zeitung\/wp-content\/uploads\/2025\/10\/Graffiti_webseite-1024x709.jpg 1024w, https:\/\/ach-dasta.de\/zeitung\/wp-content\/uploads\/2025\/10\/Graffiti_webseite-768x532.jpg 768w, https:\/\/ach-dasta.de\/zeitung\/wp-content\/uploads\/2025\/10\/Graffiti_webseite-1536x1063.jpg 1536w\" sizes=\"(max-width: 1806px) 100vw, 1806px\" \/><\/a><\/div><div class=\"o-posts-grid-post-body\"><h4 class=\"o-posts-grid-post-title\"><a href=\"https:\/\/ach-dasta.de\/zeitung\/blog\/spray-it-loud\/\">S(pr)ay it loud<\/a><\/h4><div class=\"o-posts-grid-post-description\"><p>Graue W\u00e4nde werden zu Kunst, w\u00e4hrend bei n\u00e4chtlichen Streifz\u00fcgen das Adrenalin kickt. Graffiti ist f\u00fcr viele Sprayer*innen gelebte Subkultur, in der sich FLINTA* langsam aber sicher ihren rechtm\u00e4\u00dfigen Platz erk\u00e4mpfen.<\/p><a class=\"o-posts-read-more\" href=\"https:\/\/ach-dasta.de\/zeitung\/blog\/spray-it-loud\/\">Read More<\/a><\/div><\/div><\/div><\/div><div class=\"o-posts-grid-post-blog o-posts-grid-post-plain\"><div class=\"o-posts-grid-post\"><div class=\"o-posts-grid-post-image\"><a href=\"https:\/\/ach-dasta.de\/zeitung\/blog\/ich-will-menschen-mit-meinen-songs-verletzlich-machen\/\"><img loading=\"lazy\" decoding=\"async\" width=\"2560\" height=\"1707\" src=\"https:\/\/ach-dasta.de\/zeitung\/wp-content\/uploads\/2025\/05\/DSCF2739-2-scaled.jpg\" class=\"attachment-full size-full\" alt=\"\u201cIch will Menschen mit meinen Songs verletzlich machen.\u201d\" srcset=\"https:\/\/ach-dasta.de\/zeitung\/wp-content\/uploads\/2025\/05\/DSCF2739-2-scaled.jpg 2560w, https:\/\/ach-dasta.de\/zeitung\/wp-content\/uploads\/2025\/05\/DSCF2739-2-300x200.jpg 300w, https:\/\/ach-dasta.de\/zeitung\/wp-content\/uploads\/2025\/05\/DSCF2739-2-1024x683.jpg 1024w, https:\/\/ach-dasta.de\/zeitung\/wp-content\/uploads\/2025\/05\/DSCF2739-2-768x512.jpg 768w, https:\/\/ach-dasta.de\/zeitung\/wp-content\/uploads\/2025\/05\/DSCF2739-2-1536x1024.jpg 1536w, https:\/\/ach-dasta.de\/zeitung\/wp-content\/uploads\/2025\/05\/DSCF2739-2-2048x1365.jpg 2048w, https:\/\/ach-dasta.de\/zeitung\/wp-content\/uploads\/2025\/05\/DSCF2739-2-930x620.jpg 930w\" sizes=\"(max-width: 2560px) 100vw, 2560px\" \/><\/a><\/div><div class=\"o-posts-grid-post-body\"><h4 class=\"o-posts-grid-post-title\"><a href=\"https:\/\/ach-dasta.de\/zeitung\/blog\/ich-will-menschen-mit-meinen-songs-verletzlich-machen\/\">\u201cIch will Menschen mit meinen Songs verletzlich machen.\u201d<\/a><\/h4><div class=\"o-posts-grid-post-description\"><p>\u201cIch will Menschen mit meinen Songs verletzlich machen.\u201d Von Louisa Albert (14.Mai.2025) Sie werde \u201ceine Kleinigkeit vorbereiten\u201d, schreibt uns Kati (@glittatownn) vor unserem Interview auf WhatsApp. Eine halbe Stunde sp\u00e4ter begr\u00fc\u00dft uns die 22-J\u00e4hrige dann mit selbst gebackenen Croissants und Kaffee in ihrer Wohnung. Essen geh\u00f6re f\u00fcr sie zur Gastfreundschaft dazu, erkl\u00e4rt sie und schiebt [&hellip;]<\/p><a class=\"o-posts-read-more\" href=\"https:\/\/ach-dasta.de\/zeitung\/blog\/ich-will-menschen-mit-meinen-songs-verletzlich-machen\/\">Read More<\/a><\/div><\/div><\/div><\/div><div class=\"o-posts-grid-post-blog o-posts-grid-post-plain\"><div class=\"o-posts-grid-post\"><div class=\"o-posts-grid-post-image\"><a href=\"https:\/\/ach-dasta.de\/zeitung\/blog\/beats-baesse-und-barrieren\/\"><img loading=\"lazy\" decoding=\"async\" width=\"2048\" height=\"2560\" src=\"https:\/\/ach-dasta.de\/zeitung\/wp-content\/uploads\/2025\/01\/2-2-scaled.jpg\" class=\"attachment-full size-full\" alt=\"Beats, B\u00e4sse und Barrieren\" srcset=\"https:\/\/ach-dasta.de\/zeitung\/wp-content\/uploads\/2025\/01\/2-2-scaled.jpg 2048w, https:\/\/ach-dasta.de\/zeitung\/wp-content\/uploads\/2025\/01\/2-2-240x300.jpg 240w, https:\/\/ach-dasta.de\/zeitung\/wp-content\/uploads\/2025\/01\/2-2-819x1024.jpg 819w, https:\/\/ach-dasta.de\/zeitung\/wp-content\/uploads\/2025\/01\/2-2-768x960.jpg 768w, https:\/\/ach-dasta.de\/zeitung\/wp-content\/uploads\/2025\/01\/2-2-1229x1536.jpg 1229w, https:\/\/ach-dasta.de\/zeitung\/wp-content\/uploads\/2025\/01\/2-2-1638x2048.jpg 1638w\" sizes=\"(max-width: 2048px) 100vw, 2048px\" \/><\/a><\/div><div class=\"o-posts-grid-post-body\"><h4 class=\"o-posts-grid-post-title\"><a href=\"https:\/\/ach-dasta.de\/zeitung\/blog\/beats-baesse-und-barrieren\/\">Beats, B\u00e4sse und Barrieren<\/a><\/h4><div class=\"o-posts-grid-post-description\"><p>Beats, B\u00e4sse und Barrieren Von Louisa Albert (15.01.2025) Als Kind war sie Scooter-Fan, heute feiert sie Gabber* und Breakbeat*. Melanie (wassamelonie) ist 23, wohnt in Darmstadt und wenn sie nicht gerade am Dieburger Campus mit ihrem Master besch\u00e4ftigt ist, dann findet man sie zum Beispiel zwischen Schallplatten oder hinter ihrem DJ-Pult. Seit etwas mehr als [&hellip;]<\/p><a class=\"o-posts-read-more\" href=\"https:\/\/ach-dasta.de\/zeitung\/blog\/beats-baesse-und-barrieren\/\">Read More<\/a><\/div><\/div><\/div><\/div><\/div> <\/div>\n\n\n<div style=\"height:150px\" aria-hidden=\"true\" class=\"wp-block-spacer\"><\/div>\n","protected":false},"excerpt":{"rendered":"","protected":false},"author":1,"featured_media":0,"parent":0,"menu_order":0,"comment_status":"closed","ping_status":"closed","template":"","meta":{"_monsterinsights_skip_tracking":false,"_monsterinsights_sitenote_active":false,"_monsterinsights_sitenote_note":"","_monsterinsights_sitenote_category":0,"_themeisle_gutenberg_block_has_review":false,"footnotes":""},"class_list":["post-4112","page","type-page","status-publish","hentry"],"_links":{"self":[{"href":"https:\/\/ach-dasta.de\/zeitung\/wp-json\/wp\/v2\/pages\/4112","targetHints":{"allow":["GET"]}}],"collection":[{"href":"https:\/\/ach-dasta.de\/zeitung\/wp-json\/wp\/v2\/pages"}],"about":[{"href":"https:\/\/ach-dasta.de\/zeitung\/wp-json\/wp\/v2\/types\/page"}],"author":[{"embeddable":true,"href":"https:\/\/ach-dasta.de\/zeitung\/wp-json\/wp\/v2\/users\/1"}],"replies":[{"embeddable":true,"href":"https:\/\/ach-dasta.de\/zeitung\/wp-json\/wp\/v2\/comments?post=4112"}],"version-history":[{"count":2,"href":"https:\/\/ach-dasta.de\/zeitung\/wp-json\/wp\/v2\/pages\/4112\/revisions"}],"predecessor-version":[{"id":4127,"href":"https:\/\/ach-dasta.de\/zeitung\/wp-json\/wp\/v2\/pages\/4112\/revisions\/4127"}],"wp:attachment":[{"href":"https:\/\/ach-dasta.de\/zeitung\/wp-json\/wp\/v2\/media?parent=4112"}],"curies":[{"name":"wp","href":"https:\/\/api.w.org\/{rel}","templated":true}]}}