{"id":4114,"date":"2025-07-14T16:34:06","date_gmt":"2025-07-14T14:34:06","guid":{"rendered":"https:\/\/ach-dasta.de\/zeitung\/?page_id=4114"},"modified":"2025-07-14T17:45:41","modified_gmt":"2025-07-14T15:45:41","slug":"pride","status":"publish","type":"page","link":"https:\/\/ach-dasta.de\/zeitung\/pride\/","title":{"rendered":"pride"},"content":{"rendered":"\n<div style=\"height:100px\" aria-hidden=\"true\" class=\"wp-block-spacer\"><\/div>\n\n\n<div class=\"is-style-boxed has-light-bg wp-block-themeisle-blocks-posts-grid\" id=\"wp-block-themeisle-blocks-posts-grid-df95a48b\"><div class=\"is-list\"><div class=\"o-posts-grid-post-blog o-posts-grid-post-plain\"><div class=\"o-posts-grid-post\"><div class=\"o-posts-grid-post-image\"><a href=\"https:\/\/ach-dasta.de\/zeitung\/blog\/wer-dieses-jahr-nicht-dabei-war-war-nie-dabei\/\"><img loading=\"lazy\" decoding=\"async\" width=\"1875\" height=\"1250\" src=\"https:\/\/ach-dasta.de\/zeitung\/wp-content\/uploads\/2025\/08\/IMG_9978.jpg\" class=\"attachment-full size-full\" alt=\"\u201eWer dieses Jahr nicht dabei war, war nie dabei\u201c\" srcset=\"https:\/\/ach-dasta.de\/zeitung\/wp-content\/uploads\/2025\/08\/IMG_9978.jpg 1875w, https:\/\/ach-dasta.de\/zeitung\/wp-content\/uploads\/2025\/08\/IMG_9978-300x200.jpg 300w, https:\/\/ach-dasta.de\/zeitung\/wp-content\/uploads\/2025\/08\/IMG_9978-1024x683.jpg 1024w, https:\/\/ach-dasta.de\/zeitung\/wp-content\/uploads\/2025\/08\/IMG_9978-768x512.jpg 768w, https:\/\/ach-dasta.de\/zeitung\/wp-content\/uploads\/2025\/08\/IMG_9978-1536x1024.jpg 1536w\" sizes=\"(max-width: 1875px) 100vw, 1875px\" \/><\/a><\/div><div class=\"o-posts-grid-post-body\"><h4 class=\"o-posts-grid-post-title\"><a href=\"https:\/\/ach-dasta.de\/zeitung\/blog\/wer-dieses-jahr-nicht-dabei-war-war-nie-dabei\/\">\u201eWer dieses Jahr nicht dabei war, war nie dabei\u201c<\/a><\/h4><div class=\"o-posts-grid-post-description\"><p>Ein Interview mit Jan Bambach, Vorstandsmitglied bei vielbunt Darmstadt, \u00fcber Finanzierungsl\u00fccken, politischen Rechtsruck, Solidarit\u00e4t und Widerstand.<\/p><a class=\"o-posts-read-more\" href=\"https:\/\/ach-dasta.de\/zeitung\/blog\/wer-dieses-jahr-nicht-dabei-war-war-nie-dabei\/\">Read More<\/a><\/div><\/div><\/div><\/div><div class=\"o-posts-grid-post-blog o-posts-grid-post-plain\"><div class=\"o-posts-grid-post\"><div class=\"o-posts-grid-post-image\"><a href=\"https:\/\/ach-dasta.de\/zeitung\/blog\/wir-koennen-uns-nicht-auf-den-staat-oder-auf-die-polizei-verlassen-der-alternative-csd-in-darmstadt-eine-rueckkehr-zum-politischen-protest\/\"><img loading=\"lazy\" decoding=\"async\" width=\"2560\" height=\"1772\" src=\"https:\/\/ach-dasta.de\/zeitung\/wp-content\/uploads\/2024\/09\/Prideweek-Webseite_klein-1-scaled.jpg\" class=\"attachment-full size-full\" alt=\"\u201eWir k\u00f6nnen uns nicht auf den Staat oder auf die Polizei verlassen\u201c &#8211; Der alternative CSD in Darmstadt: Eine R\u00fcckkehr zum politischen Protest\" srcset=\"https:\/\/ach-dasta.de\/zeitung\/wp-content\/uploads\/2024\/09\/Prideweek-Webseite_klein-1-scaled.jpg 2560w, https:\/\/ach-dasta.de\/zeitung\/wp-content\/uploads\/2024\/09\/Prideweek-Webseite_klein-1-300x208.jpg 300w, https:\/\/ach-dasta.de\/zeitung\/wp-content\/uploads\/2024\/09\/Prideweek-Webseite_klein-1-1024x709.jpg 1024w, https:\/\/ach-dasta.de\/zeitung\/wp-content\/uploads\/2024\/09\/Prideweek-Webseite_klein-1-768x532.jpg 768w, https:\/\/ach-dasta.de\/zeitung\/wp-content\/uploads\/2024\/09\/Prideweek-Webseite_klein-1-1536x1063.jpg 1536w, https:\/\/ach-dasta.de\/zeitung\/wp-content\/uploads\/2024\/09\/Prideweek-Webseite_klein-1-2048x1418.jpg 2048w\" sizes=\"(max-width: 2560px) 100vw, 2560px\" \/><\/a><\/div><div class=\"o-posts-grid-post-body\"><h4 class=\"o-posts-grid-post-title\"><a href=\"https:\/\/ach-dasta.de\/zeitung\/blog\/wir-koennen-uns-nicht-auf-den-staat-oder-auf-die-polizei-verlassen-der-alternative-csd-in-darmstadt-eine-rueckkehr-zum-politischen-protest\/\">\u201eWir k\u00f6nnen uns nicht auf den Staat oder auf die Polizei verlassen\u201c &#8211; Der alternative CSD in Darmstadt: Eine R\u00fcckkehr zum politischen Protest<\/a><\/h4><div class=\"o-posts-grid-post-description\"><p>\u201eWir k\u00f6nnen uns nicht auf den Staat oder auf die Polizei verlassen\u201c &#8211; Der alternative CSD in Darmstadt: Eine R\u00fcckkehr zum politischen Protest von Katarina Neher\u00a0(13.09.2024) F\u00fcr viele queere Menschen sind die Besuche verschiedener CSDs in ganz Deutschland ein fester Bestandteil des Sommers. Doch w\u00e4hrend der traditionelle CSD sich immer mehr zu einem popul\u00e4ren Event [&hellip;]<\/p><a class=\"o-posts-read-more\" href=\"https:\/\/ach-dasta.de\/zeitung\/blog\/wir-koennen-uns-nicht-auf-den-staat-oder-auf-die-polizei-verlassen-der-alternative-csd-in-darmstadt-eine-rueckkehr-zum-politischen-protest\/\">Read More<\/a><\/div><\/div><\/div><\/div><div class=\"o-posts-grid-post-blog o-posts-grid-post-plain\"><div class=\"o-posts-grid-post\"><div class=\"o-posts-grid-post-image\"><a href=\"https:\/\/ach-dasta.de\/zeitung\/blog\/der-ach_dachsta-erklaert-was-ist-eigentlich-das-gleichstellungsbuero\/\"><img loading=\"lazy\" decoding=\"async\" width=\"2048\" height=\"1418\" src=\"https:\/\/ach-dasta.de\/zeitung\/wp-content\/uploads\/2024\/09\/WhatsApp-Image-2024-09-11-at-18.12.14.jpeg\" class=\"attachment-full size-full\" alt=\"Der Ach_DACHSta erkl\u00e4rt: Was ist eigentlich das Gleichstellungsb\u00fcro?\" srcset=\"https:\/\/ach-dasta.de\/zeitung\/wp-content\/uploads\/2024\/09\/WhatsApp-Image-2024-09-11-at-18.12.14.jpeg 2048w, https:\/\/ach-dasta.de\/zeitung\/wp-content\/uploads\/2024\/09\/WhatsApp-Image-2024-09-11-at-18.12.14-300x208.jpeg 300w, https:\/\/ach-dasta.de\/zeitung\/wp-content\/uploads\/2024\/09\/WhatsApp-Image-2024-09-11-at-18.12.14-1024x709.jpeg 1024w, https:\/\/ach-dasta.de\/zeitung\/wp-content\/uploads\/2024\/09\/WhatsApp-Image-2024-09-11-at-18.12.14-768x532.jpeg 768w, https:\/\/ach-dasta.de\/zeitung\/wp-content\/uploads\/2024\/09\/WhatsApp-Image-2024-09-11-at-18.12.14-1536x1064.jpeg 1536w\" sizes=\"(max-width: 2048px) 100vw, 2048px\" \/><\/a><\/div><div class=\"o-posts-grid-post-body\"><h4 class=\"o-posts-grid-post-title\"><a href=\"https:\/\/ach-dasta.de\/zeitung\/blog\/der-ach_dachsta-erklaert-was-ist-eigentlich-das-gleichstellungsbuero\/\">Der Ach_DACHSta erkl\u00e4rt: Was ist eigentlich das Gleichstellungsb\u00fcro?<\/a><\/h4><div class=\"o-posts-grid-post-description\"><p>Der Ach_DACHSta erkl\u00e4rt: Was ist eigentlich das Gleichstellungsb\u00fcro? von Maya-Katharina Schulz (12.09.2024) Illustration: Margo Sibel Koneberg Kurz gesagt: Das Gleichstellungsb\u00fcro k\u00fcmmert sich um alles, was mit der Gleichberechtigung der Geschlechter an der h_da zu tun hat. In der Praxis hei\u00dft das: Ungerechtigkeiten und Diskriminierung beseitigen, sodass Menschen aller Geschlechter dieselben Chancen haben, an der Hochschule [&hellip;]<\/p><a class=\"o-posts-read-more\" href=\"https:\/\/ach-dasta.de\/zeitung\/blog\/der-ach_dachsta-erklaert-was-ist-eigentlich-das-gleichstellungsbuero\/\">Read More<\/a><\/div><\/div><\/div><\/div><div class=\"o-posts-grid-post-blog o-posts-grid-post-plain\"><div class=\"o-posts-grid-post\"><div class=\"o-posts-grid-post-image\"><a href=\"https:\/\/ach-dasta.de\/zeitung\/blog\/von-new-york-bis-darmstadt-die-geschichte-des-christopher-street-day\/\"><img loading=\"lazy\" decoding=\"async\" width=\"2560\" height=\"1772\" src=\"https:\/\/ach-dasta.de\/zeitung\/wp-content\/uploads\/2024\/09\/Prideweek-Webseite_klein-3-scaled.jpg\" class=\"attachment-full size-full\" alt=\"Von New York bis Darmstadt: die Geschichte des Christopher Street Day\" srcset=\"https:\/\/ach-dasta.de\/zeitung\/wp-content\/uploads\/2024\/09\/Prideweek-Webseite_klein-3-scaled.jpg 2560w, https:\/\/ach-dasta.de\/zeitung\/wp-content\/uploads\/2024\/09\/Prideweek-Webseite_klein-3-300x208.jpg 300w, https:\/\/ach-dasta.de\/zeitung\/wp-content\/uploads\/2024\/09\/Prideweek-Webseite_klein-3-1024x709.jpg 1024w, https:\/\/ach-dasta.de\/zeitung\/wp-content\/uploads\/2024\/09\/Prideweek-Webseite_klein-3-768x532.jpg 768w, https:\/\/ach-dasta.de\/zeitung\/wp-content\/uploads\/2024\/09\/Prideweek-Webseite_klein-3-1536x1063.jpg 1536w, https:\/\/ach-dasta.de\/zeitung\/wp-content\/uploads\/2024\/09\/Prideweek-Webseite_klein-3-2048x1418.jpg 2048w\" sizes=\"(max-width: 2560px) 100vw, 2560px\" \/><\/a><\/div><div class=\"o-posts-grid-post-body\"><h4 class=\"o-posts-grid-post-title\"><a href=\"https:\/\/ach-dasta.de\/zeitung\/blog\/von-new-york-bis-darmstadt-die-geschichte-des-christopher-street-day\/\">Von New York bis Darmstadt: die Geschichte des Christopher Street Day<\/a><\/h4><div class=\"o-posts-grid-post-description\"><p>Von New York bis Darmstadt: die Geschichte des Christopher Street Day von Stay Eller (11.09.2024) Der Christopher Street Day (CSD) hat sich weltweit als ein Symbol des Widerstands und der Forderung nach Gleichberechtigung f\u00fcr die LGBTQIA+-Community etabliert. Doch wie genau entstand diese Bewegung, die nicht nur in Metropolen wie New York, sondern auch in kleineren [&hellip;]<\/p><a class=\"o-posts-read-more\" href=\"https:\/\/ach-dasta.de\/zeitung\/blog\/von-new-york-bis-darmstadt-die-geschichte-des-christopher-street-day\/\">Read More<\/a><\/div><\/div><\/div><\/div><div class=\"o-posts-grid-post-blog o-posts-grid-post-plain\"><div class=\"o-posts-grid-post\"><div class=\"o-posts-grid-post-image\"><a href=\"https:\/\/ach-dasta.de\/zeitung\/blog\/wieso-wir-trotz-steigender-queerfeindlichkeit-nicht-die-hoffnung-verlieren-sollten\/\"><img loading=\"lazy\" decoding=\"async\" width=\"2560\" height=\"1772\" src=\"https:\/\/ach-dasta.de\/zeitung\/wp-content\/uploads\/2024\/09\/Prideweek-Webseite_klein-3-scaled.jpg\" class=\"attachment-full size-full\" alt=\"Wieso wir trotz steigender Queerfeindlichkeit nicht die Hoffnung verlieren sollten\" srcset=\"https:\/\/ach-dasta.de\/zeitung\/wp-content\/uploads\/2024\/09\/Prideweek-Webseite_klein-3-scaled.jpg 2560w, https:\/\/ach-dasta.de\/zeitung\/wp-content\/uploads\/2024\/09\/Prideweek-Webseite_klein-3-300x208.jpg 300w, https:\/\/ach-dasta.de\/zeitung\/wp-content\/uploads\/2024\/09\/Prideweek-Webseite_klein-3-1024x709.jpg 1024w, https:\/\/ach-dasta.de\/zeitung\/wp-content\/uploads\/2024\/09\/Prideweek-Webseite_klein-3-768x532.jpg 768w, https:\/\/ach-dasta.de\/zeitung\/wp-content\/uploads\/2024\/09\/Prideweek-Webseite_klein-3-1536x1063.jpg 1536w, https:\/\/ach-dasta.de\/zeitung\/wp-content\/uploads\/2024\/09\/Prideweek-Webseite_klein-3-2048x1418.jpg 2048w\" sizes=\"(max-width: 2560px) 100vw, 2560px\" \/><\/a><\/div><div class=\"o-posts-grid-post-body\"><h4 class=\"o-posts-grid-post-title\"><a href=\"https:\/\/ach-dasta.de\/zeitung\/blog\/wieso-wir-trotz-steigender-queerfeindlichkeit-nicht-die-hoffnung-verlieren-sollten\/\">Wieso wir trotz steigender Queerfeindlichkeit nicht die Hoffnung verlieren sollten<\/a><\/h4><div class=\"o-posts-grid-post-description\"><p>Wieso wir trotz steigender Queerfeindlichkeit nicht die Hoffnung verlieren sollten von Ellie Haase (10.09.2024) Der deutschlandweite politische Rechtsruck macht sich auch in Darmstadt bemerkbar. Was bietet unsere Stadt f\u00fcr Anlaufstellen f\u00fcr LGBTQIA+-Personen und gibt es \u00fcberhaupt noch Hoffnung auf eine Besserung f\u00fcr die Lebenssituation queerer Menschen? Illustration: Margo Sibel Koneberg Als queere Person ist es [&hellip;]<\/p><a class=\"o-posts-read-more\" href=\"https:\/\/ach-dasta.de\/zeitung\/blog\/wieso-wir-trotz-steigender-queerfeindlichkeit-nicht-die-hoffnung-verlieren-sollten\/\">Read More<\/a><\/div><\/div><\/div><\/div><div class=\"o-posts-grid-post-blog o-posts-grid-post-plain\"><div class=\"o-posts-grid-post\"><div class=\"o-posts-grid-post-image\"><a href=\"https:\/\/ach-dasta.de\/zeitung\/blog\/warum-wir-alle-pride-auch-heute-noch-brauchen\/\"><img loading=\"lazy\" decoding=\"async\" width=\"2560\" height=\"1772\" src=\"https:\/\/ach-dasta.de\/zeitung\/wp-content\/uploads\/2024\/09\/Prideweek-Webseite_klein-1-scaled.jpg\" class=\"attachment-full size-full\" alt=\"Warum wir alle Pride auch heute noch brauchen\" srcset=\"https:\/\/ach-dasta.de\/zeitung\/wp-content\/uploads\/2024\/09\/Prideweek-Webseite_klein-1-scaled.jpg 2560w, https:\/\/ach-dasta.de\/zeitung\/wp-content\/uploads\/2024\/09\/Prideweek-Webseite_klein-1-300x208.jpg 300w, https:\/\/ach-dasta.de\/zeitung\/wp-content\/uploads\/2024\/09\/Prideweek-Webseite_klein-1-1024x709.jpg 1024w, https:\/\/ach-dasta.de\/zeitung\/wp-content\/uploads\/2024\/09\/Prideweek-Webseite_klein-1-768x532.jpg 768w, https:\/\/ach-dasta.de\/zeitung\/wp-content\/uploads\/2024\/09\/Prideweek-Webseite_klein-1-1536x1063.jpg 1536w, https:\/\/ach-dasta.de\/zeitung\/wp-content\/uploads\/2024\/09\/Prideweek-Webseite_klein-1-2048x1418.jpg 2048w\" sizes=\"(max-width: 2560px) 100vw, 2560px\" \/><\/a><\/div><div class=\"o-posts-grid-post-body\"><h4 class=\"o-posts-grid-post-title\"><a href=\"https:\/\/ach-dasta.de\/zeitung\/blog\/warum-wir-alle-pride-auch-heute-noch-brauchen\/\">Warum wir alle Pride auch heute noch brauchen<\/a><\/h4><div class=\"o-posts-grid-post-description\"><p>Warum wir alle Pride auch heute noch brauchen von Stay Eller (09.09.2024) Inhaltswarnung: Der Text thematisiert Diskriminierung und Gewalt gegen LGBTQIA+-Personen sowie k\u00f6rperliche Angriffe. Es werden auch rechtsextreme Bedrohungen, Hassverbrechen und politische Entwicklungen angesprochen, die LGBTQIA+-Rechte und andere Minderheiten gef\u00e4hrden. Sensible Themen wie homophobe und queerfeindliche \u00dcbergriffe sowie rechtsextreme Aktivit\u00e4ten werden ebenfalls behandelt. Illustration: Margo [&hellip;]<\/p><a class=\"o-posts-read-more\" href=\"https:\/\/ach-dasta.de\/zeitung\/blog\/warum-wir-alle-pride-auch-heute-noch-brauchen\/\">Read More<\/a><\/div><\/div><\/div><\/div><\/div> <\/div>\n\n\n<div style=\"height:150px\" aria-hidden=\"true\" class=\"wp-block-spacer\"><\/div>\n","protected":false},"excerpt":{"rendered":"","protected":false},"author":1,"featured_media":0,"parent":0,"menu_order":0,"comment_status":"closed","ping_status":"closed","template":"","meta":{"_monsterinsights_skip_tracking":false,"_monsterinsights_sitenote_active":false,"_monsterinsights_sitenote_note":"","_monsterinsights_sitenote_category":0,"_themeisle_gutenberg_block_has_review":false,"footnotes":""},"class_list":["post-4114","page","type-page","status-publish","hentry"],"_links":{"self":[{"href":"https:\/\/ach-dasta.de\/zeitung\/wp-json\/wp\/v2\/pages\/4114","targetHints":{"allow":["GET"]}}],"collection":[{"href":"https:\/\/ach-dasta.de\/zeitung\/wp-json\/wp\/v2\/pages"}],"about":[{"href":"https:\/\/ach-dasta.de\/zeitung\/wp-json\/wp\/v2\/types\/page"}],"author":[{"embeddable":true,"href":"https:\/\/ach-dasta.de\/zeitung\/wp-json\/wp\/v2\/users\/1"}],"replies":[{"embeddable":true,"href":"https:\/\/ach-dasta.de\/zeitung\/wp-json\/wp\/v2\/comments?post=4114"}],"version-history":[{"count":2,"href":"https:\/\/ach-dasta.de\/zeitung\/wp-json\/wp\/v2\/pages\/4114\/revisions"}],"predecessor-version":[{"id":4129,"href":"https:\/\/ach-dasta.de\/zeitung\/wp-json\/wp\/v2\/pages\/4114\/revisions\/4129"}],"wp:attachment":[{"href":"https:\/\/ach-dasta.de\/zeitung\/wp-json\/wp\/v2\/media?parent=4114"}],"curies":[{"name":"wp","href":"https:\/\/api.w.org\/{rel}","templated":true}]}}