{"id":4116,"date":"2025-07-14T16:34:20","date_gmt":"2025-07-14T14:34:20","guid":{"rendered":"https:\/\/ach-dasta.de\/zeitung\/?page_id=4116"},"modified":"2025-07-15T20:45:27","modified_gmt":"2025-07-15T18:45:27","slug":"femizid","status":"publish","type":"page","link":"https:\/\/ach-dasta.de\/zeitung\/femizid\/","title":{"rendered":"femizid"},"content":{"rendered":"\n<div style=\"height:100px\" aria-hidden=\"true\" class=\"wp-block-spacer\"><\/div>\n\n\n<div class=\"is-style-boxed has-light-bg wp-block-themeisle-blocks-posts-grid\" id=\"wp-block-themeisle-blocks-posts-grid-df95a48b\"><div class=\"is-list\"><div class=\"o-posts-grid-post-blog o-posts-grid-post-plain\"><div class=\"o-posts-grid-post\"><div class=\"o-posts-grid-post-image\"><a href=\"https:\/\/ach-dasta.de\/zeitung\/blog\/note-5-fuer-das-gedenken-am-femizid-an-buesra\/\"><img loading=\"lazy\" decoding=\"async\" width=\"2560\" height=\"1772\" src=\"https:\/\/ach-dasta.de\/zeitung\/wp-content\/uploads\/2024\/11\/Bu\u0308sra-Gedenkveranstaltung-Webseite-scaled.jpg\" class=\"attachment-full size-full\" alt=\"Note 5+ f\u00fcr das Gedenken am Femizid an B\u00fc\u015fra\" srcset=\"https:\/\/ach-dasta.de\/zeitung\/wp-content\/uploads\/2024\/11\/Bu\u0308sra-Gedenkveranstaltung-Webseite-scaled.jpg 2560w, https:\/\/ach-dasta.de\/zeitung\/wp-content\/uploads\/2024\/11\/Bu\u0308sra-Gedenkveranstaltung-Webseite-300x208.jpg 300w, https:\/\/ach-dasta.de\/zeitung\/wp-content\/uploads\/2024\/11\/Bu\u0308sra-Gedenkveranstaltung-Webseite-1024x709.jpg 1024w, https:\/\/ach-dasta.de\/zeitung\/wp-content\/uploads\/2024\/11\/Bu\u0308sra-Gedenkveranstaltung-Webseite-768x532.jpg 768w, https:\/\/ach-dasta.de\/zeitung\/wp-content\/uploads\/2024\/11\/Bu\u0308sra-Gedenkveranstaltung-Webseite-1536x1063.jpg 1536w, https:\/\/ach-dasta.de\/zeitung\/wp-content\/uploads\/2024\/11\/Bu\u0308sra-Gedenkveranstaltung-Webseite-2048x1418.jpg 2048w\" sizes=\"(max-width: 2560px) 100vw, 2560px\" \/><\/a><\/div><div class=\"o-posts-grid-post-body\"><h4 class=\"o-posts-grid-post-title\"><a href=\"https:\/\/ach-dasta.de\/zeitung\/blog\/note-5-fuer-das-gedenken-am-femizid-an-buesra\/\">Note 5+ f\u00fcr das Gedenken am Femizid an B\u00fc\u015fra<\/a><\/h4><div class=\"o-posts-grid-post-description\"><p>Note 5+ f\u00fcr das Gedenken am Femizid an B\u00fc\u015fra von Nina Schermal (13.11.2024) Sie h\u00e4tte meine Schwester, meine Freundin oder die Frau sein k\u00f6nnen, die neben mir in der Bahn sitzt \u2013 oder ich. Dieser Gedanke steht an diesem Tag \u00fcber allem. Der Himmel ist grau, die Luft eisig. Studierende tummeln sich am Zentralcampus der [&hellip;]<\/p><a class=\"o-posts-read-more\" href=\"https:\/\/ach-dasta.de\/zeitung\/blog\/note-5-fuer-das-gedenken-am-femizid-an-buesra\/\">Read More<\/a><\/div><\/div><\/div><\/div><div class=\"o-posts-grid-post-blog o-posts-grid-post-plain\"><div class=\"o-posts-grid-post\"><div class=\"o-posts-grid-post-image\"><a href=\"https:\/\/ach-dasta.de\/zeitung\/blog\/die-themen-haeusliche-gewalt-und-femizid-sind-in-der-gesellschaft-noch-nicht-angekommen-interview-mit-dem-frauenhaus-darmstadt\/\"><img loading=\"lazy\" decoding=\"async\" width=\"2560\" height=\"1772\" src=\"https:\/\/ach-dasta.de\/zeitung\/wp-content\/uploads\/2024\/03\/Femizid-Webseite_klein-5-scaled.jpg\" class=\"attachment-full size-full\" alt=\"\u201eDie Themen h\u00e4usliche Gewalt und Femizid sind in der Gesellschaft noch nicht angekommen\u201c &#8211; Interview mit dem Frauenhaus Darmstadt\" srcset=\"https:\/\/ach-dasta.de\/zeitung\/wp-content\/uploads\/2024\/03\/Femizid-Webseite_klein-5-scaled.jpg 2560w, https:\/\/ach-dasta.de\/zeitung\/wp-content\/uploads\/2024\/03\/Femizid-Webseite_klein-5-300x208.jpg 300w, https:\/\/ach-dasta.de\/zeitung\/wp-content\/uploads\/2024\/03\/Femizid-Webseite_klein-5-1024x709.jpg 1024w, https:\/\/ach-dasta.de\/zeitung\/wp-content\/uploads\/2024\/03\/Femizid-Webseite_klein-5-768x532.jpg 768w, https:\/\/ach-dasta.de\/zeitung\/wp-content\/uploads\/2024\/03\/Femizid-Webseite_klein-5-1536x1063.jpg 1536w, https:\/\/ach-dasta.de\/zeitung\/wp-content\/uploads\/2024\/03\/Femizid-Webseite_klein-5-2048x1418.jpg 2048w\" sizes=\"(max-width: 2560px) 100vw, 2560px\" \/><\/a><\/div><div class=\"o-posts-grid-post-body\"><h4 class=\"o-posts-grid-post-title\"><a href=\"https:\/\/ach-dasta.de\/zeitung\/blog\/die-themen-haeusliche-gewalt-und-femizid-sind-in-der-gesellschaft-noch-nicht-angekommen-interview-mit-dem-frauenhaus-darmstadt\/\">\u201eDie Themen h\u00e4usliche Gewalt und Femizid sind in der Gesellschaft noch nicht angekommen\u201c &#8211; Interview mit dem Frauenhaus Darmstadt<\/a><\/h4><div class=\"o-posts-grid-post-description\"><p>Wohin, wenn es keinen anderen Weg mehr gibt? Wenn Gewalt den Alltag bestimmt und nicht nur vor den eigenen vier W\u00e4nden keinen Halt macht, sondern sogar erst recht dort stattfindet?\u00a0Ach_dasta! hat mit Frauenhaus-Leiterin Christine Degel \u00fcber ihre Arbeit gesprochen.\u00a0<\/p><a class=\"o-posts-read-more\" href=\"https:\/\/ach-dasta.de\/zeitung\/blog\/die-themen-haeusliche-gewalt-und-femizid-sind-in-der-gesellschaft-noch-nicht-angekommen-interview-mit-dem-frauenhaus-darmstadt\/\">Read More<\/a><\/div><\/div><\/div><\/div><div class=\"o-posts-grid-post-blog o-posts-grid-post-plain\"><div class=\"o-posts-grid-post\"><div class=\"o-posts-grid-post-image\"><a href=\"https:\/\/ach-dasta.de\/zeitung\/blog\/steine-statt-support-vom-frausein-und-femizid-am-fachbereich-maschinenbau-kunststofftechnik\/\"><img loading=\"lazy\" decoding=\"async\" width=\"2560\" height=\"1772\" src=\"https:\/\/ach-dasta.de\/zeitung\/wp-content\/uploads\/2024\/03\/Femizid-Webseite_klein-3-scaled.jpg\" class=\"attachment-full size-full\" alt=\"Steine statt Support: Vom Frausein und Femizid am Fachbereich Maschinenbau &#038; Kunststofftechnik\" srcset=\"https:\/\/ach-dasta.de\/zeitung\/wp-content\/uploads\/2024\/03\/Femizid-Webseite_klein-3-scaled.jpg 2560w, https:\/\/ach-dasta.de\/zeitung\/wp-content\/uploads\/2024\/03\/Femizid-Webseite_klein-3-300x208.jpg 300w, https:\/\/ach-dasta.de\/zeitung\/wp-content\/uploads\/2024\/03\/Femizid-Webseite_klein-3-1024x709.jpg 1024w, https:\/\/ach-dasta.de\/zeitung\/wp-content\/uploads\/2024\/03\/Femizid-Webseite_klein-3-768x532.jpg 768w, https:\/\/ach-dasta.de\/zeitung\/wp-content\/uploads\/2024\/03\/Femizid-Webseite_klein-3-1536x1063.jpg 1536w, https:\/\/ach-dasta.de\/zeitung\/wp-content\/uploads\/2024\/03\/Femizid-Webseite_klein-3-2048x1418.jpg 2048w\" sizes=\"(max-width: 2560px) 100vw, 2560px\" \/><\/a><\/div><div class=\"o-posts-grid-post-body\"><h4 class=\"o-posts-grid-post-title\"><a href=\"https:\/\/ach-dasta.de\/zeitung\/blog\/steine-statt-support-vom-frausein-und-femizid-am-fachbereich-maschinenbau-kunststofftechnik\/\">Steine statt Support: Vom Frausein und Femizid am Fachbereich Maschinenbau &#038; Kunststofftechnik<\/a><\/h4><div class=\"o-posts-grid-post-description\"><p>Dort, wo vor 14 Jahren eine Studierende von ihrem Ex-Freund erstochen wurde, geht Alicia* heute ein und aus. Unwissend was dort, im Computerraum der Hochschule Darmstadt, 2009 eigentlich passiert ist: Ein Femizid an der 26-j\u00e4hrigen B\u00fc\u015fra.<\/p><a class=\"o-posts-read-more\" href=\"https:\/\/ach-dasta.de\/zeitung\/blog\/steine-statt-support-vom-frausein-und-femizid-am-fachbereich-maschinenbau-kunststofftechnik\/\">Read More<\/a><\/div><\/div><\/div><\/div><div class=\"o-posts-grid-post-blog o-posts-grid-post-plain\"><div class=\"o-posts-grid-post\"><div class=\"o-posts-grid-post-image\"><a href=\"https:\/\/ach-dasta.de\/zeitung\/blog\/themenwoche-femizide-eine-einleitung\/\"><img loading=\"lazy\" decoding=\"async\" width=\"2560\" height=\"1772\" src=\"https:\/\/ach-dasta.de\/zeitung\/wp-content\/uploads\/2024\/03\/Femizid-Webseite_klein-1-scaled.jpg\" class=\"attachment-full size-full\" alt=\"Themenwoche: Femizide &#8211; Eine Einleitung\" srcset=\"https:\/\/ach-dasta.de\/zeitung\/wp-content\/uploads\/2024\/03\/Femizid-Webseite_klein-1-scaled.jpg 2560w, https:\/\/ach-dasta.de\/zeitung\/wp-content\/uploads\/2024\/03\/Femizid-Webseite_klein-1-300x208.jpg 300w, https:\/\/ach-dasta.de\/zeitung\/wp-content\/uploads\/2024\/03\/Femizid-Webseite_klein-1-1024x709.jpg 1024w, https:\/\/ach-dasta.de\/zeitung\/wp-content\/uploads\/2024\/03\/Femizid-Webseite_klein-1-768x532.jpg 768w, https:\/\/ach-dasta.de\/zeitung\/wp-content\/uploads\/2024\/03\/Femizid-Webseite_klein-1-1536x1063.jpg 1536w, https:\/\/ach-dasta.de\/zeitung\/wp-content\/uploads\/2024\/03\/Femizid-Webseite_klein-1-2048x1418.jpg 2048w\" sizes=\"(max-width: 2560px) 100vw, 2560px\" \/><\/a><\/div><div class=\"o-posts-grid-post-body\"><h4 class=\"o-posts-grid-post-title\"><a href=\"https:\/\/ach-dasta.de\/zeitung\/blog\/themenwoche-femizide-eine-einleitung\/\">Themenwoche: Femizide &#8211; Eine Einleitung<\/a><\/h4><div class=\"o-posts-grid-post-description\"><p>Alle zw\u00f6lf Minuten wird weltweit eine Frau oder ein M\u00e4dchen durch die Hand ihres Partners oder ihrer Familie umgebracht. Auch in Deutschland stirbt fast alle drei Tage eine Frau auf diese Weise. Wenn Frauen aufgrund ihres Geschlechts umgebracht werden, spricht man von einem Femizid.<\/p><a class=\"o-posts-read-more\" href=\"https:\/\/ach-dasta.de\/zeitung\/blog\/themenwoche-femizide-eine-einleitung\/\">Read More<\/a><\/div><\/div><\/div><\/div><div class=\"o-posts-grid-post-blog o-posts-grid-post-plain\"><div class=\"o-posts-grid-post\"><div class=\"o-posts-grid-post-image\"><a href=\"https:\/\/ach-dasta.de\/zeitung\/blog\/cw-femizid-gedenkfeier-fuer-buesra-g-am-freitag-dem-10-november\/\"><img loading=\"lazy\" decoding=\"async\" width=\"1280\" height=\"853\" src=\"https:\/\/ach-dasta.de\/zeitung\/wp-content\/uploads\/2023\/11\/Femizid-an-Buesra-G.-Bild.jpg\" class=\"attachment-full size-full\" alt=\"CW: Femizid &#8211; Gedenkfeier f\u00fcr B\u00fc\u015fra G. am Freitag, dem 10. November\" srcset=\"https:\/\/ach-dasta.de\/zeitung\/wp-content\/uploads\/2023\/11\/Femizid-an-Buesra-G.-Bild.jpg 1280w, https:\/\/ach-dasta.de\/zeitung\/wp-content\/uploads\/2023\/11\/Femizid-an-Buesra-G.-Bild-300x200.jpg 300w, https:\/\/ach-dasta.de\/zeitung\/wp-content\/uploads\/2023\/11\/Femizid-an-Buesra-G.-Bild-1024x682.jpg 1024w, https:\/\/ach-dasta.de\/zeitung\/wp-content\/uploads\/2023\/11\/Femizid-an-Buesra-G.-Bild-768x512.jpg 768w, https:\/\/ach-dasta.de\/zeitung\/wp-content\/uploads\/2023\/11\/Femizid-an-Buesra-G.-Bild-930x620.jpg 930w\" sizes=\"(max-width: 1280px) 100vw, 1280px\" \/><\/a><\/div><div class=\"o-posts-grid-post-body\"><h4 class=\"o-posts-grid-post-title\"><a href=\"https:\/\/ach-dasta.de\/zeitung\/blog\/cw-femizid-gedenkfeier-fuer-buesra-g-am-freitag-dem-10-november\/\">CW: Femizid &#8211; Gedenkfeier f\u00fcr B\u00fc\u015fra G. am Freitag, dem 10. November<\/a><\/h4><div class=\"o-posts-grid-post-description\"><p>14 Jahre ist es her, dass die 26-j\u00e4hrige Emine B\u00fcsra G., von ihren Freund:innen B\u00fcsra genannt, im Diplomandenraum des Geb\u00e4udes an der Stephanstra\u00dfe der H_da von ihrem zwei Jahre j\u00fcngeren Exfreund ermordet wurde.<\/p><a class=\"o-posts-read-more\" href=\"https:\/\/ach-dasta.de\/zeitung\/blog\/cw-femizid-gedenkfeier-fuer-buesra-g-am-freitag-dem-10-november\/\">Read More<\/a><\/div><\/div><\/div><\/div><\/div> <\/div>\n\n\n<div style=\"height:150px\" aria-hidden=\"true\" class=\"wp-block-spacer\"><\/div>\n\n\n\n<p><\/p>\n","protected":false},"excerpt":{"rendered":"","protected":false},"author":1,"featured_media":0,"parent":0,"menu_order":0,"comment_status":"closed","ping_status":"closed","template":"","meta":{"_monsterinsights_skip_tracking":false,"_monsterinsights_sitenote_active":false,"_monsterinsights_sitenote_note":"","_monsterinsights_sitenote_category":0,"_themeisle_gutenberg_block_has_review":false,"footnotes":""},"class_list":["post-4116","page","type-page","status-publish","hentry"],"_links":{"self":[{"href":"https:\/\/ach-dasta.de\/zeitung\/wp-json\/wp\/v2\/pages\/4116","targetHints":{"allow":["GET"]}}],"collection":[{"href":"https:\/\/ach-dasta.de\/zeitung\/wp-json\/wp\/v2\/pages"}],"about":[{"href":"https:\/\/ach-dasta.de\/zeitung\/wp-json\/wp\/v2\/types\/page"}],"author":[{"embeddable":true,"href":"https:\/\/ach-dasta.de\/zeitung\/wp-json\/wp\/v2\/users\/1"}],"replies":[{"embeddable":true,"href":"https:\/\/ach-dasta.de\/zeitung\/wp-json\/wp\/v2\/comments?post=4116"}],"version-history":[{"count":4,"href":"https:\/\/ach-dasta.de\/zeitung\/wp-json\/wp\/v2\/pages\/4116\/revisions"}],"predecessor-version":[{"id":4130,"href":"https:\/\/ach-dasta.de\/zeitung\/wp-json\/wp\/v2\/pages\/4116\/revisions\/4130"}],"wp:attachment":[{"href":"https:\/\/ach-dasta.de\/zeitung\/wp-json\/wp\/v2\/media?parent=4116"}],"curies":[{"name":"wp","href":"https:\/\/api.w.org\/{rel}","templated":true}]}}