{"id":4136,"date":"2025-07-15T20:48:28","date_gmt":"2025-07-15T18:48:28","guid":{"rendered":"https:\/\/ach-dasta.de\/zeitung\/?page_id=4136"},"modified":"2025-07-15T21:01:15","modified_gmt":"2025-07-15T19:01:15","slug":"naehe","status":"publish","type":"page","link":"https:\/\/ach-dasta.de\/zeitung\/naehe\/","title":{"rendered":"n\u00e4he"},"content":{"rendered":"\n<div style=\"height:100px\" aria-hidden=\"true\" class=\"wp-block-spacer\"><\/div>\n\n\n<div class=\"is-style-boxed wp-block-themeisle-blocks-posts-grid\" id=\"wp-block-themeisle-blocks-posts-grid-df95a48b\"><div class=\"is-list\"><div class=\"o-posts-grid-post-blog o-posts-grid-post-plain\"><div class=\"o-posts-grid-post\"><div class=\"o-posts-grid-post-image\"><a href=\"https:\/\/ach-dasta.de\/zeitung\/blog\/kunstgalerie-naehe\/\"><img loading=\"lazy\" decoding=\"async\" width=\"1000\" height=\"1319\" src=\"https:\/\/ach-dasta.de\/zeitung\/wp-content\/uploads\/2021\/10\/Gwendolin_serpent.jpg\" class=\"attachment-full size-full\" alt=\"Kunstgalerie\" srcset=\"https:\/\/ach-dasta.de\/zeitung\/wp-content\/uploads\/2021\/10\/Gwendolin_serpent.jpg 1000w, https:\/\/ach-dasta.de\/zeitung\/wp-content\/uploads\/2021\/10\/Gwendolin_serpent-227x300.jpg 227w, https:\/\/ach-dasta.de\/zeitung\/wp-content\/uploads\/2021\/10\/Gwendolin_serpent-776x1024.jpg 776w, https:\/\/ach-dasta.de\/zeitung\/wp-content\/uploads\/2021\/10\/Gwendolin_serpent-768x1013.jpg 768w\" sizes=\"(max-width: 1000px) 100vw, 1000px\" \/><\/a><\/div><div class=\"o-posts-grid-post-body\"><h4 class=\"o-posts-grid-post-title\"><a href=\"https:\/\/ach-dasta.de\/zeitung\/blog\/kunstgalerie-naehe\/\">Kunstgalerie<\/a><\/h4><div class=\"o-posts-grid-post-description\"><p>Kunstgalerie Manchmal sagt ein Bild mehr als tausend Worte. Zum Thema N\u00e4he haben eure Mitstudierenden uns nicht nur Texte gesendet, sondern das Thema auch visuell bearbeitet.<\/p><a class=\"o-posts-read-more\" href=\"https:\/\/ach-dasta.de\/zeitung\/blog\/kunstgalerie-naehe\/\">Read More<\/a><\/div><\/div><\/div><\/div><div class=\"o-posts-grid-post-blog o-posts-grid-post-plain\"><div class=\"o-posts-grid-post\"><div class=\"o-posts-grid-post-image\"><a href=\"https:\/\/ach-dasta.de\/zeitung\/blog\/nachts-am-fenster-ist-frieden\/\"><img loading=\"lazy\" decoding=\"async\" width=\"402\" height=\"503\" src=\"https:\/\/ach-dasta.de\/zeitung\/wp-content\/uploads\/2021\/07\/hanna_hello_spring.png\" class=\"attachment-full size-full\" alt=\"Nachts am Fenster ist Frieden\" srcset=\"https:\/\/ach-dasta.de\/zeitung\/wp-content\/uploads\/2021\/07\/hanna_hello_spring.png 402w, https:\/\/ach-dasta.de\/zeitung\/wp-content\/uploads\/2021\/07\/hanna_hello_spring-240x300.png 240w\" sizes=\"(max-width: 402px) 100vw, 402px\" \/><\/a><\/div><div class=\"o-posts-grid-post-body\"><h4 class=\"o-posts-grid-post-title\"><a href=\"https:\/\/ach-dasta.de\/zeitung\/blog\/nachts-am-fenster-ist-frieden\/\">Nachts am Fenster ist Frieden<\/a><\/h4><div class=\"o-posts-grid-post-description\"><p>In bew\u00f6lkter Dunkelheit,\nin gedimmtem Licht,\nw\u00e4rmt mich der Gedanke dass jeder auf dieser Welt, vielleicht sogar jeder in diesem\nUniversum, zu den selben Sternen blickt.<\/p><a class=\"o-posts-read-more\" href=\"https:\/\/ach-dasta.de\/zeitung\/blog\/nachts-am-fenster-ist-frieden\/\">Read More<\/a><\/div><\/div><\/div><\/div><div class=\"o-posts-grid-post-blog o-posts-grid-post-plain\"><div class=\"o-posts-grid-post\"><div class=\"o-posts-grid-post-image\"><a href=\"https:\/\/ach-dasta.de\/zeitung\/blog\/jugend-lucia_junker\/\"><img loading=\"lazy\" decoding=\"async\" width=\"801\" height=\"801\" src=\"https:\/\/ach-dasta.de\/zeitung\/wp-content\/uploads\/2021\/07\/Bild-No-Future.jpg\" class=\"attachment-full size-full\" alt=\"Jugend-von Coronas\u00fcndern und Lockdownhelden Fotomontage\" srcset=\"https:\/\/ach-dasta.de\/zeitung\/wp-content\/uploads\/2021\/07\/Bild-No-Future.jpg 801w, https:\/\/ach-dasta.de\/zeitung\/wp-content\/uploads\/2021\/07\/Bild-No-Future-300x300.jpg 300w, https:\/\/ach-dasta.de\/zeitung\/wp-content\/uploads\/2021\/07\/Bild-No-Future-150x150.jpg 150w, https:\/\/ach-dasta.de\/zeitung\/wp-content\/uploads\/2021\/07\/Bild-No-Future-768x768.jpg 768w\" sizes=\"(max-width: 801px) 100vw, 801px\" \/><\/a><\/div><div class=\"o-posts-grid-post-body\"><h4 class=\"o-posts-grid-post-title\"><a href=\"https:\/\/ach-dasta.de\/zeitung\/blog\/jugend-lucia_junker\/\">\u201eJugend\u201c \u2013 EIN WORT IN DER KRISE<\/a><\/h4><div class=\"o-posts-grid-post-description\"><p>\u201eJugend\u201c, ein Wort das in der Coronakrise oft ausgesprochen wurde \u2013 im positiven und im negativen Sinne. Wie ist es in einer Pandemie \u201eJugend\u201c zu sein, wie nah sind Politiker der &quot;Jugend&quot; und kann man in der Coronakrise von einer Stigmatisierung dieser sprechen?<\/p><a class=\"o-posts-read-more\" href=\"https:\/\/ach-dasta.de\/zeitung\/blog\/jugend-lucia_junker\/\">Read More<\/a><\/div><\/div><\/div><\/div><div class=\"o-posts-grid-post-blog o-posts-grid-post-plain\"><div class=\"o-posts-grid-post\"><div class=\"o-posts-grid-post-image\"><a href=\"https:\/\/ach-dasta.de\/zeitung\/blog\/hi-komm-mir-bloss-nicht-zu-nahe\/\"><img loading=\"lazy\" decoding=\"async\" width=\"1000\" height=\"707\" src=\"https:\/\/ach-dasta.de\/zeitung\/wp-content\/uploads\/2021\/06\/Komm_mir_bloss_nicht_zu_nahe_5.png\" class=\"attachment-full size-full\" alt=\"Hi, komm mir blo\u00df nicht zu nahe!\" srcset=\"https:\/\/ach-dasta.de\/zeitung\/wp-content\/uploads\/2021\/06\/Komm_mir_bloss_nicht_zu_nahe_5.png 1000w, https:\/\/ach-dasta.de\/zeitung\/wp-content\/uploads\/2021\/06\/Komm_mir_bloss_nicht_zu_nahe_5-300x212.png 300w, https:\/\/ach-dasta.de\/zeitung\/wp-content\/uploads\/2021\/06\/Komm_mir_bloss_nicht_zu_nahe_5-768x543.png 768w\" sizes=\"(max-width: 1000px) 100vw, 1000px\" \/><\/a><\/div><div class=\"o-posts-grid-post-body\"><h4 class=\"o-posts-grid-post-title\"><a href=\"https:\/\/ach-dasta.de\/zeitung\/blog\/hi-komm-mir-bloss-nicht-zu-nahe\/\">Hi, komm mir blo\u00df nicht zu nahe!<\/a><\/h4><div class=\"o-posts-grid-post-description\"><p>Vor langer Zeit, noch bis zum Jahre 2019, gingen Menschen aus Ihren Wohnungen und H\u00e4usern in die echte Welt hinaus. Wenn sie dort auf eine bekannte Person trafen, war es \u00fcblich diese zu begr\u00fc\u00dfen. Oft geh\u00f6rte dazu eine Geste in der man sich n\u00e4her treten musste, wie das Sch\u00fctteln der H\u00e4nde.<\/p><a class=\"o-posts-read-more\" href=\"https:\/\/ach-dasta.de\/zeitung\/blog\/hi-komm-mir-bloss-nicht-zu-nahe\/\">Read More<\/a><\/div><\/div><\/div><\/div><div class=\"o-posts-grid-post-blog o-posts-grid-post-plain\"><div class=\"o-posts-grid-post\"><div class=\"o-posts-grid-post-image\"><a href=\"https:\/\/ach-dasta.de\/zeitung\/blog\/monk\/\"><img loading=\"lazy\" decoding=\"async\" width=\"1000\" height=\"665\" src=\"https:\/\/ach-dasta.de\/zeitung\/wp-content\/uploads\/2021\/10\/MONK_Buspanik.jpg\" class=\"attachment-full size-full\" alt=\"MONK\" srcset=\"https:\/\/ach-dasta.de\/zeitung\/wp-content\/uploads\/2021\/10\/MONK_Buspanik.jpg 1000w, https:\/\/ach-dasta.de\/zeitung\/wp-content\/uploads\/2021\/10\/MONK_Buspanik-300x200.jpg 300w, https:\/\/ach-dasta.de\/zeitung\/wp-content\/uploads\/2021\/10\/MONK_Buspanik-768x511.jpg 768w\" sizes=\"(max-width: 1000px) 100vw, 1000px\" \/><\/a><\/div><div class=\"o-posts-grid-post-body\"><h4 class=\"o-posts-grid-post-title\"><a href=\"https:\/\/ach-dasta.de\/zeitung\/blog\/monk\/\">MONK<\/a><\/h4><div class=\"o-posts-grid-post-description\"><p>Ich \u00f6ffne die Augen. Meine Stirn lehnt an der feuchten Fensterscheibe. Die Vibration des Zuges in voller Fahrt macht es mir schwer, meine Umgebung klar zu erfassen.<\/p><a class=\"o-posts-read-more\" href=\"https:\/\/ach-dasta.de\/zeitung\/blog\/monk\/\">Read More<\/a><\/div><\/div><\/div><\/div><\/div> <\/div>\n\n\n<div style=\"height:150px\" aria-hidden=\"true\" class=\"wp-block-spacer\"><\/div>\n","protected":false},"excerpt":{"rendered":"","protected":false},"author":1,"featured_media":0,"parent":0,"menu_order":0,"comment_status":"closed","ping_status":"closed","template":"","meta":{"_monsterinsights_skip_tracking":false,"_monsterinsights_sitenote_active":false,"_monsterinsights_sitenote_note":"","_monsterinsights_sitenote_category":0,"_themeisle_gutenberg_block_has_review":false,"footnotes":""},"class_list":["post-4136","page","type-page","status-publish","hentry"],"_links":{"self":[{"href":"https:\/\/ach-dasta.de\/zeitung\/wp-json\/wp\/v2\/pages\/4136","targetHints":{"allow":["GET"]}}],"collection":[{"href":"https:\/\/ach-dasta.de\/zeitung\/wp-json\/wp\/v2\/pages"}],"about":[{"href":"https:\/\/ach-dasta.de\/zeitung\/wp-json\/wp\/v2\/types\/page"}],"author":[{"embeddable":true,"href":"https:\/\/ach-dasta.de\/zeitung\/wp-json\/wp\/v2\/users\/1"}],"replies":[{"embeddable":true,"href":"https:\/\/ach-dasta.de\/zeitung\/wp-json\/wp\/v2\/comments?post=4136"}],"version-history":[{"count":2,"href":"https:\/\/ach-dasta.de\/zeitung\/wp-json\/wp\/v2\/pages\/4136\/revisions"}],"predecessor-version":[{"id":4161,"href":"https:\/\/ach-dasta.de\/zeitung\/wp-json\/wp\/v2\/pages\/4136\/revisions\/4161"}],"wp:attachment":[{"href":"https:\/\/ach-dasta.de\/zeitung\/wp-json\/wp\/v2\/media?parent=4136"}],"curies":[{"name":"wp","href":"https:\/\/api.w.org\/{rel}","templated":true}]}}