{"id":4152,"date":"2025-07-15T20:50:35","date_gmt":"2025-07-15T18:50:35","guid":{"rendered":"https:\/\/ach-dasta.de\/zeitung\/?page_id=4152"},"modified":"2025-07-15T21:15:23","modified_gmt":"2025-07-15T19:15:23","slug":"hitze","status":"publish","type":"page","link":"https:\/\/ach-dasta.de\/zeitung\/hitze\/","title":{"rendered":"hitze"},"content":{"rendered":"\n<div style=\"height:100px\" aria-hidden=\"true\" class=\"wp-block-spacer\"><\/div>\n\n\n<div class=\"is-style-boxed wp-block-themeisle-blocks-posts-grid\" id=\"wp-block-themeisle-blocks-posts-grid-df95a48b\"><div class=\"is-list\"><div class=\"o-posts-grid-post-blog o-posts-grid-post-plain\"><div class=\"o-posts-grid-post\"><div class=\"o-posts-grid-post-image\"><a href=\"https:\/\/ach-dasta.de\/zeitung\/blog\/leben-und-studieren-mit-morbus-croh\/\"><img loading=\"lazy\" decoding=\"async\" width=\"2560\" height=\"1772\" src=\"https:\/\/ach-dasta.de\/zeitung\/wp-content\/uploads\/2025\/09\/morbus-crohn-webseite-scaled.jpg\" class=\"attachment-full size-full\" alt=\"Leben und Studieren mit Morbus Crohn\" srcset=\"https:\/\/ach-dasta.de\/zeitung\/wp-content\/uploads\/2025\/09\/morbus-crohn-webseite-scaled.jpg 2560w, https:\/\/ach-dasta.de\/zeitung\/wp-content\/uploads\/2025\/09\/morbus-crohn-webseite-300x208.jpg 300w, https:\/\/ach-dasta.de\/zeitung\/wp-content\/uploads\/2025\/09\/morbus-crohn-webseite-1024x709.jpg 1024w, https:\/\/ach-dasta.de\/zeitung\/wp-content\/uploads\/2025\/09\/morbus-crohn-webseite-768x532.jpg 768w, https:\/\/ach-dasta.de\/zeitung\/wp-content\/uploads\/2025\/09\/morbus-crohn-webseite-1536x1063.jpg 1536w, https:\/\/ach-dasta.de\/zeitung\/wp-content\/uploads\/2025\/09\/morbus-crohn-webseite-2048x1418.jpg 2048w\" sizes=\"(max-width: 2560px) 100vw, 2560px\" \/><\/a><\/div><div class=\"o-posts-grid-post-body\"><h4 class=\"o-posts-grid-post-title\"><a href=\"https:\/\/ach-dasta.de\/zeitung\/blog\/leben-und-studieren-mit-morbus-croh\/\">Leben und Studieren mit Morbus Crohn<\/a><\/h4><div class=\"o-posts-grid-post-description\"><p>Als ich aufwachte, schwamm ich noch im Nebel der Narkose. Alles war weich, wattig und entspannt. \u201cWie geht es Ihnen?\u201d, drang eine Stimme zu mir vor, die ich dem Arzt zuordnen konnte. \u201cGut, noch ziemlich benebelt.\u201d, brachte ich mit viel M\u00fche hervor. \u201cAlles klar, dann kommen Sie doch einfach gleich ins Besprechungszimmer!\u201d, fl\u00fcsterte die Stimme des Arztes wie durch Watte in meine Richtung und er verlie\u00df den Raum.\u00a0Kurze Zeit darauf bekam ich dann die Diagnose auf das, was mich seit 2 Jahren immer wieder lahmlegte: Morbus Crohn.<\/p><a class=\"o-posts-read-more\" href=\"https:\/\/ach-dasta.de\/zeitung\/blog\/leben-und-studieren-mit-morbus-croh\/\">Read More<\/a><\/div><\/div><\/div><\/div><div class=\"o-posts-grid-post-blog o-posts-grid-post-plain\"><div class=\"o-posts-grid-post\"><div class=\"o-posts-grid-post-image\"><a href=\"https:\/\/ach-dasta.de\/zeitung\/blog\/fifty-shades-of-verantwortung\/\"><img loading=\"lazy\" decoding=\"async\" width=\"2560\" height=\"1772\" src=\"https:\/\/ach-dasta.de\/zeitung\/wp-content\/uploads\/2025\/09\/50shades-webseite-ko\u0308rnung-scaled.jpg\" class=\"attachment-full size-full\" alt=\"Fifty Shades of Verantwortung:\" srcset=\"https:\/\/ach-dasta.de\/zeitung\/wp-content\/uploads\/2025\/09\/50shades-webseite-ko\u0308rnung-scaled.jpg 2560w, https:\/\/ach-dasta.de\/zeitung\/wp-content\/uploads\/2025\/09\/50shades-webseite-ko\u0308rnung-300x208.jpg 300w, https:\/\/ach-dasta.de\/zeitung\/wp-content\/uploads\/2025\/09\/50shades-webseite-ko\u0308rnung-1024x709.jpg 1024w, https:\/\/ach-dasta.de\/zeitung\/wp-content\/uploads\/2025\/09\/50shades-webseite-ko\u0308rnung-768x532.jpg 768w, https:\/\/ach-dasta.de\/zeitung\/wp-content\/uploads\/2025\/09\/50shades-webseite-ko\u0308rnung-1536x1063.jpg 1536w, https:\/\/ach-dasta.de\/zeitung\/wp-content\/uploads\/2025\/09\/50shades-webseite-ko\u0308rnung-2048x1418.jpg 2048w\" sizes=\"(max-width: 2560px) 100vw, 2560px\" \/><\/a><\/div><div class=\"o-posts-grid-post-body\"><h4 class=\"o-posts-grid-post-title\"><a href=\"https:\/\/ach-dasta.de\/zeitung\/blog\/fifty-shades-of-verantwortung\/\">Fifty Shades of Verantwortung:<\/a><\/h4><div class=\"o-posts-grid-post-description\"><p>Im Bauch steigt Hitze auf und w\u00e4rmt wohltuend den ganzen K\u00f6rper. Schemenhafte Umrisse, Atmen und fahrige Ber\u00fchrungen von Haut an Haut. Intuitiv laufen die Bewegungen ab, mit dem Ziel, der Person nah zu sein und miteinander zu verschmelzen. Aus dem Unterbewusstsein schleicht sich die Frage: Wie k\u00f6nnen wir weitergehen und sicher sein?<\/p><a class=\"o-posts-read-more\" href=\"https:\/\/ach-dasta.de\/zeitung\/blog\/fifty-shades-of-verantwortung\/\">Read More<\/a><\/div><\/div><\/div><\/div><div class=\"o-posts-grid-post-blog o-posts-grid-post-plain\"><div class=\"o-posts-grid-post\"><div class=\"o-posts-grid-post-image\"><a href=\"https:\/\/ach-dasta.de\/zeitung\/blog\/das-leben-unter-der-spanischen-sonne\/\"><img loading=\"lazy\" decoding=\"async\" width=\"2560\" height=\"1773\" src=\"https:\/\/ach-dasta.de\/zeitung\/wp-content\/uploads\/2025\/09\/erasmus-webseite-scaled.jpg\" class=\"attachment-full size-full\" alt=\"Das Leben unter der spanischen Sonne\" srcset=\"https:\/\/ach-dasta.de\/zeitung\/wp-content\/uploads\/2025\/09\/erasmus-webseite-scaled.jpg 2560w, https:\/\/ach-dasta.de\/zeitung\/wp-content\/uploads\/2025\/09\/erasmus-webseite-300x208.jpg 300w, https:\/\/ach-dasta.de\/zeitung\/wp-content\/uploads\/2025\/09\/erasmus-webseite-1024x709.jpg 1024w, https:\/\/ach-dasta.de\/zeitung\/wp-content\/uploads\/2025\/09\/erasmus-webseite-768x532.jpg 768w, https:\/\/ach-dasta.de\/zeitung\/wp-content\/uploads\/2025\/09\/erasmus-webseite-1536x1064.jpg 1536w, https:\/\/ach-dasta.de\/zeitung\/wp-content\/uploads\/2025\/09\/erasmus-webseite-2048x1418.jpg 2048w\" sizes=\"(max-width: 2560px) 100vw, 2560px\" \/><\/a><\/div><div class=\"o-posts-grid-post-body\"><h4 class=\"o-posts-grid-post-title\"><a href=\"https:\/\/ach-dasta.de\/zeitung\/blog\/das-leben-unter-der-spanischen-sonne\/\">Das Leben unter der spanischen Sonne<\/a><\/h4><div class=\"o-posts-grid-post-description\"><p>\u201eQu\u00e9 calor!\u201c ruft unsere Vermieterin zur Begr\u00fc\u00dfung, als sie in unsere WG kommt, um potenziellen Nachmieter*innen unsere Wohnung zu zeigen. Sie hat Recht, es ist Mitte Juni im S\u00fcden von Spanien und da wir keine Klimaanlage in der Wohnung haben, ist es drinnen kaum k\u00fchler als drau\u00dfen.<\/p><a class=\"o-posts-read-more\" href=\"https:\/\/ach-dasta.de\/zeitung\/blog\/das-leben-unter-der-spanischen-sonne\/\">Read More<\/a><\/div><\/div><\/div><\/div><div class=\"o-posts-grid-post-blog o-posts-grid-post-plain\"><div class=\"o-posts-grid-post\"><div class=\"o-posts-grid-post-image\"><a href=\"https:\/\/ach-dasta.de\/zeitung\/blog\/burn-baby-burn\/\"><img loading=\"lazy\" decoding=\"async\" width=\"2560\" height=\"1772\" src=\"https:\/\/ach-dasta.de\/zeitung\/wp-content\/uploads\/2025\/09\/burn-baby-burn-webseite-scaled.jpg\" class=\"attachment-full size-full\" alt=\"burn baby burn\" srcset=\"https:\/\/ach-dasta.de\/zeitung\/wp-content\/uploads\/2025\/09\/burn-baby-burn-webseite-scaled.jpg 2560w, https:\/\/ach-dasta.de\/zeitung\/wp-content\/uploads\/2025\/09\/burn-baby-burn-webseite-300x208.jpg 300w, https:\/\/ach-dasta.de\/zeitung\/wp-content\/uploads\/2025\/09\/burn-baby-burn-webseite-1024x709.jpg 1024w, https:\/\/ach-dasta.de\/zeitung\/wp-content\/uploads\/2025\/09\/burn-baby-burn-webseite-768x532.jpg 768w, https:\/\/ach-dasta.de\/zeitung\/wp-content\/uploads\/2025\/09\/burn-baby-burn-webseite-1536x1063.jpg 1536w, https:\/\/ach-dasta.de\/zeitung\/wp-content\/uploads\/2025\/09\/burn-baby-burn-webseite-2048x1418.jpg 2048w\" sizes=\"(max-width: 2560px) 100vw, 2560px\" \/><\/a><\/div><div class=\"o-posts-grid-post-body\"><h4 class=\"o-posts-grid-post-title\"><a href=\"https:\/\/ach-dasta.de\/zeitung\/blog\/burn-baby-burn\/\">burn baby burn<\/a><\/h4><div class=\"o-posts-grid-post-description\"><p>Flammen. Maskierte Gesichter. Kartonschilder, die wie Notrufe wirken. Ein junger Mensch steht auf einem Polizeiauto, die Sonne brennt durch den Smog \u2013 das Bild geht viral. Rebellion hat einen Look, und er wird hei\u00dfer mit jeder Krise.<\/p><a class=\"o-posts-read-more\" href=\"https:\/\/ach-dasta.de\/zeitung\/blog\/burn-baby-burn\/\">Read More<\/a><\/div><\/div><\/div><\/div><div class=\"o-posts-grid-post-blog o-posts-grid-post-plain\"><div class=\"o-posts-grid-post\"><div class=\"o-posts-grid-post-image\"><a href=\"https:\/\/ach-dasta.de\/zeitung\/blog\/der-schweiss-der-ungleichheit\/\"><img loading=\"lazy\" decoding=\"async\" width=\"1152\" height=\"798\" src=\"https:\/\/ach-dasta.de\/zeitung\/wp-content\/uploads\/2025\/07\/schweiss_webseite.png\" class=\"attachment-full size-full\" alt=\"Der Schwei\u00df der Ungleichheit\" srcset=\"https:\/\/ach-dasta.de\/zeitung\/wp-content\/uploads\/2025\/07\/schweiss_webseite.png 1152w, https:\/\/ach-dasta.de\/zeitung\/wp-content\/uploads\/2025\/07\/schweiss_webseite-300x208.png 300w, https:\/\/ach-dasta.de\/zeitung\/wp-content\/uploads\/2025\/07\/schweiss_webseite-1024x709.png 1024w, https:\/\/ach-dasta.de\/zeitung\/wp-content\/uploads\/2025\/07\/schweiss_webseite-768x532.png 768w\" sizes=\"(max-width: 1152px) 100vw, 1152px\" \/><\/a><\/div><div class=\"o-posts-grid-post-body\"><h4 class=\"o-posts-grid-post-title\"><a href=\"https:\/\/ach-dasta.de\/zeitung\/blog\/der-schweiss-der-ungleichheit\/\">Der Schwei\u00df der Ungleichheit<\/a><\/h4><div class=\"o-posts-grid-post-description\"><p>Doch diese Hitze ist nicht nur eine Wettererscheinung \u2013 sie ist ein Brennglas sozialer Ungleichheit. Der Klimawandel trifft uns alle. Aber nicht alle gleich. Denn wie du Hitze erlebst, h\u00e4ngt stark davon ab, wer du bist, wo du lebst \u2013 und was du besitzt.<\/p><a class=\"o-posts-read-more\" href=\"https:\/\/ach-dasta.de\/zeitung\/blog\/der-schweiss-der-ungleichheit\/\">Read More<\/a><\/div><\/div><\/div><\/div><div class=\"o-posts-grid-post-blog o-posts-grid-post-plain\"><div class=\"o-posts-grid-post\"><div class=\"o-posts-grid-post-image\"><a href=\"https:\/\/ach-dasta.de\/zeitung\/blog\/wie-ich-in-japan-badete\/\"><img loading=\"lazy\" decoding=\"async\" width=\"938\" height=\"1250\" src=\"https:\/\/ach-dasta.de\/zeitung\/wp-content\/uploads\/2025\/07\/IMG_9023.jpg\" class=\"attachment-full size-full\" alt=\"Wie ich in Japan badete\u00a0\u00a0\" srcset=\"https:\/\/ach-dasta.de\/zeitung\/wp-content\/uploads\/2025\/07\/IMG_9023.jpg 938w, https:\/\/ach-dasta.de\/zeitung\/wp-content\/uploads\/2025\/07\/IMG_9023-225x300.jpg 225w, https:\/\/ach-dasta.de\/zeitung\/wp-content\/uploads\/2025\/07\/IMG_9023-768x1023.jpg 768w\" sizes=\"(max-width: 938px) 100vw, 938px\" \/><\/a><\/div><div class=\"o-posts-grid-post-body\"><h4 class=\"o-posts-grid-post-title\"><a href=\"https:\/\/ach-dasta.de\/zeitung\/blog\/wie-ich-in-japan-badete\/\">Wie ich in Japan badete\u00a0\u00a0<\/a><\/h4><div class=\"o-posts-grid-post-description\"><p>von Julia Ruppert (18.Jul.2025) Im vergangenen Wintersemester habe ich mein Auslandssemester an der Kyushu University in&nbsp; Fukuoka, einer japanischen Gro\u00dfstadt, verbracht. Um die Uni oder meinen Alltag soll es aber in&nbsp; diesem Bericht nicht gehen. Auf meiner To-Do-Liste stand n\u00e4mlich eine Sache ziemlich weit oben:&nbsp; Baden gehen. Das habe ich flei\u00dfig abgehakt \u2013 in verschiedenen [&hellip;]<\/p><a class=\"o-posts-read-more\" href=\"https:\/\/ach-dasta.de\/zeitung\/blog\/wie-ich-in-japan-badete\/\">Read More<\/a><\/div><\/div><\/div><\/div><div class=\"o-posts-grid-post-blog o-posts-grid-post-plain\"><div class=\"o-posts-grid-post\"><div class=\"o-posts-grid-post-image\"><a href=\"https:\/\/ach-dasta.de\/zeitung\/blog\/die-letzte-kurve\/\"><img loading=\"lazy\" decoding=\"async\" width=\"2048\" height=\"1536\" src=\"https:\/\/ach-dasta.de\/zeitung\/wp-content\/uploads\/2025\/06\/Autounfall-websetie.jpg\" class=\"attachment-full size-full\" alt=\"Die letzte Kurve\" srcset=\"https:\/\/ach-dasta.de\/zeitung\/wp-content\/uploads\/2025\/06\/Autounfall-websetie.jpg 2048w, https:\/\/ach-dasta.de\/zeitung\/wp-content\/uploads\/2025\/06\/Autounfall-websetie-300x225.jpg 300w, https:\/\/ach-dasta.de\/zeitung\/wp-content\/uploads\/2025\/06\/Autounfall-websetie-1024x768.jpg 1024w, https:\/\/ach-dasta.de\/zeitung\/wp-content\/uploads\/2025\/06\/Autounfall-websetie-768x576.jpg 768w, https:\/\/ach-dasta.de\/zeitung\/wp-content\/uploads\/2025\/06\/Autounfall-websetie-1536x1152.jpg 1536w, https:\/\/ach-dasta.de\/zeitung\/wp-content\/uploads\/2025\/06\/Autounfall-websetie-1440x1080.jpg 1440w\" sizes=\"(max-width: 2048px) 100vw, 2048px\" \/><\/a><\/div><div class=\"o-posts-grid-post-body\"><h4 class=\"o-posts-grid-post-title\"><a href=\"https:\/\/ach-dasta.de\/zeitung\/blog\/die-letzte-kurve\/\">Die letzte Kurve<\/a><\/h4><div class=\"o-posts-grid-post-description\"><p>Die letzte kurve Wie mein Autounfall meine Sicht auf das Leben ver\u00e4nderte Von Katharina N\u00fc\u00dflein (11.Jun.2025) Unf\u00e4lle, Schicksalschl\u00e4ge und Verluste geschehen, das ist uns allen bewusst. Es passiert nur in Filmen und in den Nachrichten &#8211; das dachte ich bis letzten Sommer auch. Sie f\u00fchlen sich so weit weg an, bis man selbst von ihnen [&hellip;]<\/p><a class=\"o-posts-read-more\" href=\"https:\/\/ach-dasta.de\/zeitung\/blog\/die-letzte-kurve\/\">Read More<\/a><\/div><\/div><\/div><\/div><div class=\"o-posts-grid-post-blog o-posts-grid-post-plain\"><div class=\"o-posts-grid-post\"><div class=\"o-posts-grid-post-image\"><a href=\"https:\/\/ach-dasta.de\/zeitung\/blog\/die-hexe-in-mir-und-dir\/\"><img loading=\"lazy\" decoding=\"async\" width=\"2560\" height=\"1772\" src=\"https:\/\/ach-dasta.de\/zeitung\/wp-content\/uploads\/2025\/05\/Hexen_webseite-scaled.jpg\" class=\"attachment-full size-full\" alt=\"Die Hexe in mir (und Dir)\u00a0\" srcset=\"https:\/\/ach-dasta.de\/zeitung\/wp-content\/uploads\/2025\/05\/Hexen_webseite-scaled.jpg 2560w, https:\/\/ach-dasta.de\/zeitung\/wp-content\/uploads\/2025\/05\/Hexen_webseite-300x208.jpg 300w, https:\/\/ach-dasta.de\/zeitung\/wp-content\/uploads\/2025\/05\/Hexen_webseite-1024x709.jpg 1024w, https:\/\/ach-dasta.de\/zeitung\/wp-content\/uploads\/2025\/05\/Hexen_webseite-768x532.jpg 768w, https:\/\/ach-dasta.de\/zeitung\/wp-content\/uploads\/2025\/05\/Hexen_webseite-1536x1063.jpg 1536w, https:\/\/ach-dasta.de\/zeitung\/wp-content\/uploads\/2025\/05\/Hexen_webseite-2048x1418.jpg 2048w, https:\/\/ach-dasta.de\/zeitung\/wp-content\/uploads\/2025\/05\/Hexen_webseite-1560x1080.jpg 1560w\" sizes=\"(max-width: 2560px) 100vw, 2560px\" \/><\/a><\/div><div class=\"o-posts-grid-post-body\"><h4 class=\"o-posts-grid-post-title\"><a href=\"https:\/\/ach-dasta.de\/zeitung\/blog\/die-hexe-in-mir-und-dir\/\">Die Hexe in mir (und Dir)\u00a0<\/a><\/h4><div class=\"o-posts-grid-post-description\"><p>Die Hexe in mir (und Dir)\u00a0 Von Ellie Haase (28.Mai.2025) \u201eDu Hexe!\u201c\u00a0 Es ist nicht unwahrscheinlich, dass ich mich vor Beginn meiner Recherche zu diesem&nbsp; Artikel von dieser Bemerkung pers\u00f6nlich angegriffen gef\u00fchlt h\u00e4tte. Dass ich die&nbsp; Aussage nach meiner Besch\u00e4ftigung mit dem Thema eher als Kompliment&nbsp; wahrnehme, ist umso erstaunlicher.&nbsp; Illustration: Margo Sibel Koneberg Wenn [&hellip;]<\/p><a class=\"o-posts-read-more\" href=\"https:\/\/ach-dasta.de\/zeitung\/blog\/die-hexe-in-mir-und-dir\/\">Read More<\/a><\/div><\/div><\/div><\/div><div class=\"o-posts-grid-post-blog o-posts-grid-post-plain\"><div class=\"o-posts-grid-post\"><div class=\"o-posts-grid-post-image\"><a href=\"https:\/\/ach-dasta.de\/zeitung\/blog\/ich-will-menschen-mit-meinen-songs-verletzlich-machen\/\"><img loading=\"lazy\" decoding=\"async\" width=\"2560\" height=\"1707\" src=\"https:\/\/ach-dasta.de\/zeitung\/wp-content\/uploads\/2025\/05\/DSCF2739-2-scaled.jpg\" class=\"attachment-full size-full\" alt=\"\u201cIch will Menschen mit meinen Songs verletzlich machen.\u201d\" srcset=\"https:\/\/ach-dasta.de\/zeitung\/wp-content\/uploads\/2025\/05\/DSCF2739-2-scaled.jpg 2560w, https:\/\/ach-dasta.de\/zeitung\/wp-content\/uploads\/2025\/05\/DSCF2739-2-300x200.jpg 300w, https:\/\/ach-dasta.de\/zeitung\/wp-content\/uploads\/2025\/05\/DSCF2739-2-1024x683.jpg 1024w, https:\/\/ach-dasta.de\/zeitung\/wp-content\/uploads\/2025\/05\/DSCF2739-2-768x512.jpg 768w, https:\/\/ach-dasta.de\/zeitung\/wp-content\/uploads\/2025\/05\/DSCF2739-2-1536x1024.jpg 1536w, https:\/\/ach-dasta.de\/zeitung\/wp-content\/uploads\/2025\/05\/DSCF2739-2-2048x1365.jpg 2048w, https:\/\/ach-dasta.de\/zeitung\/wp-content\/uploads\/2025\/05\/DSCF2739-2-930x620.jpg 930w\" sizes=\"(max-width: 2560px) 100vw, 2560px\" \/><\/a><\/div><div class=\"o-posts-grid-post-body\"><h4 class=\"o-posts-grid-post-title\"><a href=\"https:\/\/ach-dasta.de\/zeitung\/blog\/ich-will-menschen-mit-meinen-songs-verletzlich-machen\/\">\u201cIch will Menschen mit meinen Songs verletzlich machen.\u201d<\/a><\/h4><div class=\"o-posts-grid-post-description\"><p>\u201cIch will Menschen mit meinen Songs verletzlich machen.\u201d Von Louisa Albert (14.Mai.2025) Sie werde \u201ceine Kleinigkeit vorbereiten\u201d, schreibt uns Kati (@glittatownn) vor unserem Interview auf WhatsApp. Eine halbe Stunde sp\u00e4ter begr\u00fc\u00dft uns die 22-J\u00e4hrige dann mit selbst gebackenen Croissants und Kaffee in ihrer Wohnung. Essen geh\u00f6re f\u00fcr sie zur Gastfreundschaft dazu, erkl\u00e4rt sie und schiebt [&hellip;]<\/p><a class=\"o-posts-read-more\" href=\"https:\/\/ach-dasta.de\/zeitung\/blog\/ich-will-menschen-mit-meinen-songs-verletzlich-machen\/\">Read More<\/a><\/div><\/div><\/div><\/div><\/div> <\/div>\n\n\n<div style=\"height:150px\" aria-hidden=\"true\" class=\"wp-block-spacer\"><\/div>\n","protected":false},"excerpt":{"rendered":"","protected":false},"author":1,"featured_media":0,"parent":0,"menu_order":0,"comment_status":"closed","ping_status":"closed","template":"","meta":{"_monsterinsights_skip_tracking":false,"_monsterinsights_sitenote_active":false,"_monsterinsights_sitenote_note":"","_monsterinsights_sitenote_category":0,"_themeisle_gutenberg_block_has_review":false,"footnotes":""},"class_list":["post-4152","page","type-page","status-publish","hentry"],"_links":{"self":[{"href":"https:\/\/ach-dasta.de\/zeitung\/wp-json\/wp\/v2\/pages\/4152","targetHints":{"allow":["GET"]}}],"collection":[{"href":"https:\/\/ach-dasta.de\/zeitung\/wp-json\/wp\/v2\/pages"}],"about":[{"href":"https:\/\/ach-dasta.de\/zeitung\/wp-json\/wp\/v2\/types\/page"}],"author":[{"embeddable":true,"href":"https:\/\/ach-dasta.de\/zeitung\/wp-json\/wp\/v2\/users\/1"}],"replies":[{"embeddable":true,"href":"https:\/\/ach-dasta.de\/zeitung\/wp-json\/wp\/v2\/comments?post=4152"}],"version-history":[{"count":2,"href":"https:\/\/ach-dasta.de\/zeitung\/wp-json\/wp\/v2\/pages\/4152\/revisions"}],"predecessor-version":[{"id":4160,"href":"https:\/\/ach-dasta.de\/zeitung\/wp-json\/wp\/v2\/pages\/4152\/revisions\/4160"}],"wp:attachment":[{"href":"https:\/\/ach-dasta.de\/zeitung\/wp-json\/wp\/v2\/media?parent=4152"}],"curies":[{"name":"wp","href":"https:\/\/api.w.org\/{rel}","templated":true}]}}