{"id":53,"date":"2021-06-20T09:48:20","date_gmt":"2021-06-20T09:48:20","guid":{"rendered":"https:\/\/ach-dasta.de\/zeitung\/?page_id=53"},"modified":"2025-09-03T21:31:11","modified_gmt":"2025-09-03T19:31:11","slug":"mach-mit","status":"publish","type":"page","link":"https:\/\/ach-dasta.de\/zeitung\/mach-mit\/","title":{"rendered":"mach mit"},"content":{"rendered":"\n<div class=\"wp-block-columns is-layout-flex wp-container-core-columns-is-layout-28f84493 wp-block-columns-is-layout-flex\">\n<div class=\"wp-block-column is-vertically-aligned-top is-layout-flow wp-block-column-is-layout-flow\" style=\"flex-basis:33.34%\"><\/div>\n\n\n\n<div class=\"wp-block-column is-layout-flow wp-block-column-is-layout-flow\" style=\"flex-basis:33.34%\">\n<figure class=\"wp-block-image size-full has-custom-border\"><img loading=\"lazy\" decoding=\"async\" width=\"710\" height=\"723\" src=\"https:\/\/ach-dasta.de\/zeitung\/wp-content\/uploads\/2025\/06\/mach-mit-mehr-grain-klein.png\" alt=\"\" class=\"wp-image-3336\" style=\"border-style:none;border-width:0px\" srcset=\"https:\/\/ach-dasta.de\/zeitung\/wp-content\/uploads\/2025\/06\/mach-mit-mehr-grain-klein.png 710w, https:\/\/ach-dasta.de\/zeitung\/wp-content\/uploads\/2025\/06\/mach-mit-mehr-grain-klein-295x300.png 295w\" sizes=\"auto, (max-width: 710px) 100vw, 710px\" \/><\/figure>\n<\/div>\n\n\n\n<div class=\"wp-block-column is-layout-flow wp-block-column-is-layout-flow\" style=\"flex-basis:33.33%\"><\/div>\n<\/div>\n\n\n\n<div class=\"wp-block-columns are-vertically-aligned-center is-layout-flex wp-container-core-columns-is-layout-28f84493 wp-block-columns-is-layout-flex\">\n<div class=\"wp-block-column is-vertically-aligned-center is-layout-flow wp-block-column-is-layout-flow\">\n<div class=\"wp-block-group is-nowrap is-layout-flex wp-container-core-group-is-layout-6c531013 wp-block-group-is-layout-flex\">\n<h2 class=\"wp-block-heading has-text-align-right\" style=\"border-style:none;border-width:0px;margin-top:0\">du f\u00fcr<\/h2>\n\n\n\n<figure class=\"wp-block-image aligncenter size-full is-resized\" style=\"margin-top:0;margin-right:0;margin-bottom:0\"><img loading=\"lazy\" decoding=\"async\" width=\"527\" height=\"180\" src=\"https:\/\/ach-dasta.de\/zeitung\/wp-content\/uploads\/2025\/07\/01-blau-scribble.png\" alt=\"\" class=\"wp-image-3622\" style=\"width:276px;height:auto\" srcset=\"https:\/\/ach-dasta.de\/zeitung\/wp-content\/uploads\/2025\/07\/01-blau-scribble.png 527w, https:\/\/ach-dasta.de\/zeitung\/wp-content\/uploads\/2025\/07\/01-blau-scribble-300x102.png 300w\" sizes=\"auto, (max-width: 527px) 100vw, 527px\" \/><\/figure>\n<\/div>\n<\/div>\n<\/div>\n\n\n\n<div style=\"height:6px\" aria-hidden=\"true\" class=\"wp-block-spacer\"><\/div>\n\n\n\n<div id=\"wp-block-themeisle-blocks-accordion-62b145ae\" data-has-schema=\"false\" class=\"wp-block-themeisle-blocks-accordion has-gap has-light-title-bg is-style-default\">\n<details class=\"wp-block-themeisle-blocks-accordion-item\"><summary class=\"wp-block-themeisle-blocks-accordion-item__title\"><h6>ach&#8230; was&#8230; Da?<\/h6><\/summary><div class=\"wp-block-themeisle-blocks-accordion-item__content\">\n<div class=\"wp-block-columns is-layout-flex wp-container-core-columns-is-layout-28f84493 wp-block-columns-is-layout-flex\">\n<div class=\"wp-block-column is-layout-flow wp-block-column-is-layout-flow\" style=\"flex-basis:50%\">\n<p>jedes semester geben wir euch ein thema vor, an dem ihr euch mit euren einsendungen orientiert &#8211; das <strong>semesterthema<\/strong>. jedes halbe jahr schl\u00e4gt unser magazin also inhaltlich eine andere richtung ein, wodurch ihr reichlich zeit habt, euch intensiv \u00fcber eure einsendung gedanken zu machen.<\/p>\n\n\n\n<p>eine \u00fcbersicht bereits vergangener semesterthemen findest du <a href=\"https:\/\/ach-dasta.de\/zeitung\/ausgaben\/\" data-type=\"page\" data-id=\"849\">hier<\/a>!<\/p>\n<\/div>\n\n\n\n<div class=\"wp-block-column is-layout-flow wp-block-column-is-layout-flow\" style=\"flex-basis:50%\">\n<figure class=\"wp-block-image size-full is-resized\"><img loading=\"lazy\" decoding=\"async\" width=\"525\" height=\"362\" src=\"https:\/\/ach-dasta.de\/zeitung\/wp-content\/uploads\/2025\/07\/02-blau-scribble.png\" alt=\"\" class=\"wp-image-3623\" style=\"width:290px;height:auto\" srcset=\"https:\/\/ach-dasta.de\/zeitung\/wp-content\/uploads\/2025\/07\/02-blau-scribble.png 525w, https:\/\/ach-dasta.de\/zeitung\/wp-content\/uploads\/2025\/07\/02-blau-scribble-300x207.png 300w\" sizes=\"auto, (max-width: 525px) 100vw, 525px\" \/><\/figure>\n<\/div>\n<\/div>\n<\/div><\/details>\n\n\n\n<details class=\"wp-block-themeisle-blocks-accordion-item\"><summary class=\"wp-block-themeisle-blocks-accordion-item__title\"><h6>wie kann ich euch unterst\u00fctzen?<\/h6><\/summary><div class=\"wp-block-themeisle-blocks-accordion-item__content\">\n<div class=\"wp-block-columns is-layout-flex wp-container-core-columns-is-layout-28f84493 wp-block-columns-is-layout-flex\">\n<div class=\"wp-block-column is-layout-flow wp-block-column-is-layout-flow\" style=\"flex-basis:66.66%\">\n<p>indem du dich aktiv in die erstellung unseres magazins einbringst,<br>uns feedback gibst, falls du verbesserungsvorschl\u00e4ge hast <br>und uns einen follow auf instagram da l\u00e4sst! <\/p>\n\n\n\n<p class=\"has-primary-color has-text-color has-link-color wp-elements-139088046d5713148a51df2c465e7043\"><strong>Danke<\/strong>!<\/p>\n<\/div>\n<\/div>\n<\/div><\/details>\n\n\n\n<details class=\"wp-block-themeisle-blocks-accordion-item\"><summary class=\"wp-block-themeisle-blocks-accordion-item__title\"><h6>wie kann ich mitmachen?<\/h6><\/summary><div class=\"wp-block-themeisle-blocks-accordion-item__content\">\n<div class=\"wp-block-group is-nowrap is-layout-flex wp-container-core-group-is-layout-6c531013 wp-block-group-is-layout-flex\">\n<p>Indem du uns deine <strong>Artikel, Kunstwerke, Fotos, Audio- und Videobeitr\u00e4ge<\/strong> schickst.<br>diese sollten nach m\u00f6glichkeit etwas mit dem aktuellen semesterthema zu tun haben.<br>zus\u00e4tzlich gibt es die m\u00f6glichkeit, beitr\u00e4ge \u00fcber die <strong>hochschule oder kultur rund um darmstadt<\/strong> einzusenden. <br>diese ver\u00f6ffentlichen wir dann an der seite unserer semesterbeitr\u00e4ge!<br><br>auch wenn du noch keine erfahrung im schreiben, fotos oder videos aufnehmen hast, freuen wir uns \u00fcber deine zusendung. gerne unterst\u00fctzen wir dich, wenn du fragen hast oder hilfe bei der umsetzung deiner idee brauchst. z\u00f6gere daher nicht, uns diesbez\u00fcglich eine nachricht zu schreiben!<br><br>Alle Einsendungen, Fragen und Ideen schickst du bitte an media@asta.h-da.de. alternativ kannst du uns eine dm auf <a href=\"https:\/\/www.instagram.com\/ach_dasta\/?hl=de\">Instagram<\/a> schreiben. wir melden uns dann schnellstm\u00f6glich bei dir.<\/p>\n\n\n\n<figure class=\"wp-block-image size-full\"><img loading=\"lazy\" decoding=\"async\" width=\"419\" height=\"315\" src=\"https:\/\/ach-dasta.de\/zeitung\/wp-content\/uploads\/2025\/07\/07-blau-scribble.png\" alt=\"\" class=\"wp-image-3624\" srcset=\"https:\/\/ach-dasta.de\/zeitung\/wp-content\/uploads\/2025\/07\/07-blau-scribble.png 419w, https:\/\/ach-dasta.de\/zeitung\/wp-content\/uploads\/2025\/07\/07-blau-scribble-300x226.png 300w\" sizes=\"auto, (max-width: 419px) 100vw, 419px\" \/><\/figure>\n<\/div>\n<\/div><\/details>\n\n\n\n<details class=\"wp-block-themeisle-blocks-accordion-item\"><summary class=\"wp-block-themeisle-blocks-accordion-item__title\"><h6>bekomme ich was zur\u00fcck, wenn ich etwas bei euch einsende?<\/h6><\/summary><div class=\"wp-block-themeisle-blocks-accordion-item__content\">\n<div class=\"wp-block-group is-nowrap is-layout-flex wp-container-core-group-is-layout-6c531013 wp-block-group-is-layout-flex\">\n<p>euer engagement f\u00fcr das magazin liegt uns am herzen; \u00fcber jede einsendung sind wir dir auf ewig dankbar. <br>au\u00dferdem honorieren wir jeden eingereichten beitrag mit <strong>50-100\u20ac<\/strong>, je nach aufwand und qualit\u00e4t.<\/p>\n<\/div>\n<\/div><\/details>\n\n\n\n<details class=\"wp-block-themeisle-blocks-accordion-item\"><summary class=\"wp-block-themeisle-blocks-accordion-item__title\"><h6>offene redakionstreffen<\/h6><\/summary><div class=\"wp-block-themeisle-blocks-accordion-item__content\">\n<p>unRegelm\u00e4\u00dfig finden unsere <strong>offenen Redaktionstreffen<\/strong> an der h_da statt. <br>diese sind f\u00fcr s\u00e4mtliche studieng\u00e4nge der h_da zug\u00e4nglich.<br>dort habt ihr die m\u00f6glichkeit, euch mit uns auszutauschen und direkt eure ideen f\u00fcr neue beitr\u00e4ge zu liefern. wir freuen uns \u00fcber jede\/n von euch!<\/p>\n\n\n\n<p>schau auf unserem <a href=\"https:\/\/www.instagram.com\/ach_dasta\/?hl=de\">instagram-account<\/a> vorbei oder Schreib uns eine mail, wenn du Interesse hast. die genauen Infos wie datum oder uhrzeit schicken wir dir dann gerne zu!<\/p>\n<\/div><\/details>\n\n\n\n<details class=\"wp-block-themeisle-blocks-accordion-item\"><summary class=\"wp-block-themeisle-blocks-accordion-item__title\"><h6>werde teil unserer redaktion<\/h6><\/summary><div class=\"wp-block-themeisle-blocks-accordion-item__content\">\n<p>ab und zu wird ein platz in unserer redaktion frei. wenn ihr interesse habt, auch einmal redaktionslust zu schnuppern und uns bei der erstellung und erhaltung des magazins gegen eine kleine aufwandsentsch\u00e4digung zu unterst\u00fctzen, bewirb dich gerne. wir freuen uns von dir zu h\u00f6ren!<\/p>\n\n\n\n<p>aktuelle stellenausschreibungen findest du <a href=\"https:\/\/www.instagram.com\/ach_dasta\/?hl=de\">hier<\/a>!<br><\/p>\n\n\n\n<figure class=\"wp-block-image size-full is-resized\"><img loading=\"lazy\" decoding=\"async\" width=\"850\" height=\"556\" src=\"https:\/\/ach-dasta.de\/zeitung\/wp-content\/uploads\/2025\/07\/10-blau-scribble.png\" alt=\"\" class=\"wp-image-3625\" style=\"width:394px;height:auto\" srcset=\"https:\/\/ach-dasta.de\/zeitung\/wp-content\/uploads\/2025\/07\/10-blau-scribble.png 850w, https:\/\/ach-dasta.de\/zeitung\/wp-content\/uploads\/2025\/07\/10-blau-scribble-300x196.png 300w, https:\/\/ach-dasta.de\/zeitung\/wp-content\/uploads\/2025\/07\/10-blau-scribble-768x502.png 768w\" sizes=\"auto, (max-width: 850px) 100vw, 850px\" \/><\/figure>\n<\/div><\/details>\n<\/div>\n\n\n\n<div style=\"height:150px\" aria-hidden=\"true\" class=\"wp-block-spacer\"><\/div>\n","protected":false},"excerpt":{"rendered":"<p>du f\u00fcr<\/p>\n","protected":false},"author":3,"featured_media":0,"parent":0,"menu_order":0,"comment_status":"closed","ping_status":"closed","template":"","meta":{"_monsterinsights_skip_tracking":false,"_monsterinsights_sitenote_active":false,"_monsterinsights_sitenote_note":"","_monsterinsights_sitenote_category":0,"_themeisle_gutenberg_block_has_review":false,"footnotes":""},"class_list":["post-53","page","type-page","status-publish","hentry"],"_links":{"self":[{"href":"https:\/\/ach-dasta.de\/zeitung\/wp-json\/wp\/v2\/pages\/53","targetHints":{"allow":["GET"]}}],"collection":[{"href":"https:\/\/ach-dasta.de\/zeitung\/wp-json\/wp\/v2\/pages"}],"about":[{"href":"https:\/\/ach-dasta.de\/zeitung\/wp-json\/wp\/v2\/types\/page"}],"author":[{"embeddable":true,"href":"https:\/\/ach-dasta.de\/zeitung\/wp-json\/wp\/v2\/users\/3"}],"replies":[{"embeddable":true,"href":"https:\/\/ach-dasta.de\/zeitung\/wp-json\/wp\/v2\/comments?post=53"}],"version-history":[{"count":174,"href":"https:\/\/ach-dasta.de\/zeitung\/wp-json\/wp\/v2\/pages\/53\/revisions"}],"predecessor-version":[{"id":4381,"href":"https:\/\/ach-dasta.de\/zeitung\/wp-json\/wp\/v2\/pages\/53\/revisions\/4381"}],"wp:attachment":[{"href":"https:\/\/ach-dasta.de\/zeitung\/wp-json\/wp\/v2\/media?parent=53"}],"curies":[{"name":"wp","href":"https:\/\/api.w.org\/{rel}","templated":true}]}}