{"id":849,"date":"2022-04-19T19:15:10","date_gmt":"2022-04-19T17:15:10","guid":{"rendered":"https:\/\/ach-dasta.de\/zeitung\/?page_id=849"},"modified":"2025-10-05T23:37:31","modified_gmt":"2025-10-05T21:37:31","slug":"ausgaben","status":"publish","type":"page","link":"https:\/\/ach-dasta.de\/zeitung\/ausgaben\/","title":{"rendered":"ausgaben"},"content":{"rendered":"\n<div style=\"height:100px\" aria-hidden=\"true\" class=\"wp-block-spacer\"><\/div>\n\n\n\n<div style=\"background-image:url(&apos;https:\/\/ach-dasta.de\/zeitung\/wp-content\/uploads\/2025\/10\/PHOTO-2025-09-25-22-21-15.jpg&apos;);background-size:cover;background-attachment:fixed;\" class=\"wp-block-group has-tertiary-background-color has-background is-nowrap is-layout-flex wp-container-core-group-is-layout-6c531013 wp-block-group-is-layout-flex\">\n<div class=\"wp-block-group is-layout-constrained wp-block-group-is-layout-constrained\">\n<div style=\"height:30px\" aria-hidden=\"true\" class=\"wp-block-spacer\"><\/div>\n\n\n\n<h2 class=\"wp-block-heading has-text-align-right has-background-color has-text-color has-link-color wp-elements-d8d7263b855e658dc7017e5b05215608\"><em><strong>in bewegung<\/strong><\/em><\/h2>\n\n\n\n<div style=\"height:30px\" aria-hidden=\"true\" class=\"wp-block-spacer\"><\/div>\n\n\n\n<p class=\"has-text-align-right has-background-color has-text-color has-link-color wp-elements-348ad5fa18f4aa56e29181849341df04\">im <strong>wintersemester 2025\/26<\/strong> sind eure Beitr\u00e4ge zum Thema <em>in Bewegung<\/em> erschienen.<\/p>\n\n\n\n<div class=\"wp-block-columns is-layout-flex wp-container-core-columns-is-layout-28f84493 wp-block-columns-is-layout-flex\">\n<div class=\"wp-block-column is-layout-flow wp-block-column-is-layout-flow\" style=\"flex-basis:33.33%\"><\/div>\n\n\n\n<div class=\"wp-block-column is-layout-flow wp-block-column-is-layout-flow\" style=\"flex-basis:66.66%\">\n<p class=\"has-text-align-right has-background-color has-text-color has-link-color wp-elements-598bd12d577b15ed5b001d2849c9f72b\">Nichts in unserer sich st\u00e4ndig wandelnden Welt ist starr.  Alles befindet sich in Bewegung- wir befinden uns in Bewegung. Ob beim Sportmachen, beim Umzug in eine neue Stadt oder auf Reisen: Wir stehen niemals still. Doch nicht immer liegt diese Bewegung in unserer Hand. Sie kann auch von au\u00dfen angesto\u00dfen oder gehemmt werden \u2013 durch gesellschaftliche Umbr\u00fcche, Migration, Krankheit oder k\u00f6rperliche Einschr\u00e4nkungen. \u201e<em>In Bewegung<\/em>\u201c ist als Semesterthema so vielf\u00e4ltig wie jede*r von uns. <\/p>\n<\/div>\n<\/div>\n\n\n\n<div style=\"height:30px\" aria-hidden=\"true\" class=\"wp-block-spacer\"><\/div>\n\n\n\n<div class=\"wp-block-buttons is-content-justification-right is-layout-flex wp-container-core-buttons-is-layout-d445cf74 wp-block-buttons-is-layout-flex\">\n<div class=\"wp-block-button is-style-outline is-style-outline--1\"><a class=\"wp-block-button__link has-text-align-right wp-element-button\" href=\"https:\/\/ach-dasta.de\/zeitung\/in-bewegung\/\" style=\"border-style:none;border-width:0px\">beitr\u00e4ge der ausgabe &#8222;in bewegung&#8220; ansehen<\/a><\/div>\n<\/div>\n\n\n\n<div style=\"height:50px\" aria-hidden=\"true\" class=\"wp-block-spacer\"><\/div>\n\n\n\n<p class=\"has-background-color has-text-color has-link-color has-custom-1-font-size wp-elements-e84a018dd88f46e59afacdfc44255b65\"><sub>\u00a9 ellie haase<\/sub><\/p>\n<\/div>\n\n\n\n<div style=\"height:100px;width:0px\" aria-hidden=\"true\" class=\"wp-block-spacer wp-container-content-6388d5dc\"><\/div>\n<\/div>\n\n\n\n<div class=\"wp-block-group has-custom-color-5-background-color has-background is-nowrap is-layout-flex wp-container-core-group-is-layout-6c531013 wp-block-group-is-layout-flex\">\n<div style=\"height:100px;width:0px\" aria-hidden=\"true\" class=\"wp-block-spacer wp-container-content-6388d5dc\"><\/div>\n\n\n\n<div class=\"wp-block-group is-layout-constrained wp-block-group-is-layout-constrained\">\n<div style=\"height:30px\" aria-hidden=\"true\" class=\"wp-block-spacer\"><\/div>\n\n\n\n<h1 class=\"wp-block-heading has-text-align-left\">hitze<\/h1>\n\n\n\n<div style=\"height:30px\" aria-hidden=\"true\" class=\"wp-block-spacer\"><\/div>\n\n\n\n<p>im <strong>Sommersemester 2025<\/strong> habt Ihr uns eure Beitr\u00e4ge zum Thema <em>hitze<\/em> geschickt.<\/p>\n\n\n\n<div class=\"wp-block-columns is-layout-flex wp-container-core-columns-is-layout-28f84493 wp-block-columns-is-layout-flex\">\n<div class=\"wp-block-column is-layout-flow wp-block-column-is-layout-flow\" style=\"flex-basis:66.66%\">\n<p>Wir suchen deine brennenden Ideen! Ganz gleich, ob du \u00fcber hitzige politische Themen schreiben oder unsere sich rapide aufheizende Umwelt in den Fokus nehmen m\u00f6chtest. <br>Vielleicht hast du dir im Sommer ja schon viel zu oft \u00fcber das gesellschaftliche Konzept des \u201c<em>idealen Bikini Bodys<\/em>\u201d deinen Kopf zerbrochen? <br>Von Kochsendungen bis \u201c<em>Too Hot To Handle<\/em>\u201d: Wir freuen uns \u00fcber jede hei\u00dfe Einsendung!<\/p>\n<\/div>\n\n\n\n<div class=\"wp-block-column is-layout-flow wp-block-column-is-layout-flow\" style=\"flex-basis:33.33%\"><\/div>\n<\/div>\n\n\n\n<div style=\"height:30px\" aria-hidden=\"true\" class=\"wp-block-spacer\"><\/div>\n\n\n\n<div class=\"wp-block-buttons is-horizontal is-content-justification-left is-layout-flex wp-container-core-buttons-is-layout-20be11b6 wp-block-buttons-is-layout-flex\">\n<div class=\"wp-block-button is-style-primary is-style-fill\"><a class=\"wp-block-button__link wp-element-button\" href=\"https:\/\/ach-dasta.de\/zeitung\/hitze\/\">Beitr\u00e4ge der Ausgabe &#8222;hitze&#8220; ansehen<\/a><\/div>\n<\/div>\n\n\n\n<div style=\"height:50px\" aria-hidden=\"true\" class=\"wp-block-spacer\"><\/div>\n<\/div>\n<\/div>\n\n\n\n<div class=\"wp-block-group has-tertiary-background-color has-background is-nowrap is-layout-flex wp-container-core-group-is-layout-6c531013 wp-block-group-is-layout-flex\">\n<div class=\"wp-block-group is-layout-constrained wp-block-group-is-layout-constrained\">\n<div style=\"height:30px\" aria-hidden=\"true\" class=\"wp-block-spacer\"><\/div>\n\n\n\n<h2 class=\"wp-block-heading has-text-align-right\">hoffnung &amp; widerstand<\/h2>\n\n\n\n<div style=\"height:30px\" aria-hidden=\"true\" class=\"wp-block-spacer\"><\/div>\n\n\n\n<p class=\"has-text-align-right\">im <strong>wintersemester 2024\/25<\/strong> sind eure Beitr\u00e4ge zum Thema <em>hoffnung &amp; widerstand<\/em> erschienen.<\/p>\n\n\n\n<div class=\"wp-block-columns is-layout-flex wp-container-core-columns-is-layout-28f84493 wp-block-columns-is-layout-flex\">\n<div class=\"wp-block-column is-layout-flow wp-block-column-is-layout-flow\" style=\"flex-basis:33.33%\"><\/div>\n\n\n\n<div class=\"wp-block-column is-layout-flow wp-block-column-is-layout-flow\" style=\"flex-basis:66.66%\">\n<p class=\"has-text-align-right\">Wir suchen deine Geschichten! Ganz gleich, ob du von Menschen erz\u00e4hlen willst, die trotz widriger Umst\u00e4nde nicht aufgegeben haben und sich gegen Unterdr\u00fcckung, Diskriminierung oder soziale Ungerechtigkeit auflehnten. Oder von Momenten, in denen Hoffnung der st\u00e4rkste Antrieb war \u2013 ob gesellschaftspolitisch oder pers\u00f6nlich. Sowohl der kleine, allt\u00e4gliche Widerstand als auch gro\u00dfe, historische K\u00e4mpfe: Wir freuen uns \u00fcber jede Einsendung!<\/p>\n<\/div>\n<\/div>\n\n\n\n<div style=\"height:30px\" aria-hidden=\"true\" class=\"wp-block-spacer\"><\/div>\n\n\n\n<div class=\"wp-block-buttons is-content-justification-right is-layout-flex wp-container-core-buttons-is-layout-d445cf74 wp-block-buttons-is-layout-flex\">\n<div class=\"wp-block-button is-style-fill\"><a class=\"wp-block-button__link has-text-align-right wp-element-button\" href=\"https:\/\/ach-dasta.de\/zeitung\/hoffnung-widerstand\/\" style=\"border-style:none;border-width:0px\">beitr\u00e4ge der ausgabe &#8222;hoffnung &amp; widerstand&#8220; ansehen<\/a><\/div>\n<\/div>\n\n\n\n<div style=\"height:50px\" aria-hidden=\"true\" class=\"wp-block-spacer\"><\/div>\n<\/div>\n\n\n\n<div style=\"height:100px;width:0px\" aria-hidden=\"true\" class=\"wp-block-spacer wp-container-content-6388d5dc\"><\/div>\n<\/div>\n\n\n\n<div class=\"wp-block-group is-nowrap is-layout-flex wp-container-core-group-is-layout-6c531013 wp-block-group-is-layout-flex\">\n<div style=\"height:100px;width:0px\" aria-hidden=\"true\" class=\"wp-block-spacer wp-container-content-6388d5dc\"><\/div>\n\n\n\n<div class=\"wp-block-group is-layout-constrained wp-block-group-is-layout-constrained\">\n<div style=\"height:30px\" aria-hidden=\"true\" class=\"wp-block-spacer\"><\/div>\n\n\n\n<h2 class=\"wp-block-heading has-text-align-left\">anfang &amp; ende<\/h2>\n\n\n\n<div style=\"height:30px\" aria-hidden=\"true\" class=\"wp-block-spacer\"><\/div>\n\n\n\n<p>im <strong>Sommersemester 2024<\/strong> habt Ihr uns eure Beitr\u00e4ge zum Thema <em>anfang &amp; ende<\/em> geschickt.<\/p>\n\n\n\n<div class=\"wp-block-columns is-layout-flex wp-container-core-columns-is-layout-28f84493 wp-block-columns-is-layout-flex\">\n<div class=\"wp-block-column is-layout-flow wp-block-column-is-layout-flow\" style=\"flex-basis:66.66%\">\n<p>Egal, ob du die Geschichte vom Neuanfang in einem fremden Land oder vom Ende einer toxischen Beziehung erz\u00e4hlen m\u00f6chtest. Protagonist:innen zu Wort kommen l\u00e4sst, die am Ende ihrer Kr\u00e4fte sind &#8211; wegen einer psychischen Krankheit,&nbsp;Diskriminierung,&nbsp;Rassismus&nbsp;oder einem Schicksalsschlag. Von ersten Malen: politisch, pers\u00f6nlich oder wissenschaftlich berichten m\u00f6chtest &#8211; wir freuen uns \u00fcber jede Einsendung!<\/p>\n<\/div>\n\n\n\n<div class=\"wp-block-column is-vertically-aligned-center is-layout-flow wp-block-column-is-layout-flow\" style=\"flex-basis:33.33%\">\n<figure class=\"wp-block-image size-full\"><img loading=\"lazy\" decoding=\"async\" width=\"200\" height=\"145\" src=\"https:\/\/ach-dasta.de\/zeitung\/wp-content\/uploads\/2025\/07\/05-blau-scribble.png\" alt=\"\" class=\"wp-image-3891\"\/><\/figure>\n<\/div>\n<\/div>\n\n\n\n<div style=\"height:30px\" aria-hidden=\"true\" class=\"wp-block-spacer\"><\/div>\n\n\n\n<div class=\"wp-block-buttons is-horizontal is-content-justification-left is-layout-flex wp-container-core-buttons-is-layout-20be11b6 wp-block-buttons-is-layout-flex\">\n<div class=\"wp-block-button is-style-primary is-style-fill\"><a class=\"wp-block-button__link wp-element-button\" href=\"https:\/\/ach-dasta.de\/zeitung\/anfang-ende\/\" style=\"border-style:none;border-width:0px\">Beitr\u00e4ge der Ausgabe &#8222;anfang &amp; ende&#8220; ansehen<\/a><\/div>\n<\/div>\n\n\n\n<div style=\"height:50px\" aria-hidden=\"true\" class=\"wp-block-spacer\"><\/div>\n<\/div>\n<\/div>\n\n\n\n<div class=\"wp-block-group has-tertiary-background-color has-background is-nowrap is-layout-flex wp-container-core-group-is-layout-6c531013 wp-block-group-is-layout-flex\">\n<div class=\"wp-block-group is-layout-constrained wp-block-group-is-layout-constrained\">\n<div style=\"height:30px\" aria-hidden=\"true\" class=\"wp-block-spacer\"><\/div>\n\n\n\n<h2 class=\"wp-block-heading has-text-align-right\">tr\u00e4ume<\/h2>\n\n\n\n<div style=\"height:30px\" aria-hidden=\"true\" class=\"wp-block-spacer\"><\/div>\n\n\n\n<p class=\"has-text-align-right\">im <strong>wintersemester 2023\/24<\/strong> sind eure Beitr\u00e4ge zum Thema <em>tr\u00e4ume<\/em> erschienen.<\/p>\n\n\n\n<p class=\"has-text-align-right\"><\/p>\n\n\n\n<div class=\"wp-block-columns is-layout-flex wp-container-core-columns-is-layout-28f84493 wp-block-columns-is-layout-flex\">\n<div class=\"wp-block-column is-layout-flow wp-block-column-is-layout-flow\" style=\"flex-basis:33.33%\"><\/div>\n\n\n\n<div class=\"wp-block-column is-layout-flow wp-block-column-is-layout-flow\" style=\"flex-basis:66.66%\">\n<p class=\"has-text-align-right\">Egal, ob du die Geschichte einer Person erz\u00e4hlen willst, die ihre Tr\u00e4ume verwirklicht hat oder von deinen Tr\u00e4umen berichten willst. Ob du von (Alb-)Traumsvisionen unserer Zukunft und dem, was wir unternehmen m\u00fcssen, um sie zu erreichen, erz\u00e4hlst.<\/p>\n<\/div>\n<\/div>\n\n\n\n<div style=\"height:30px\" aria-hidden=\"true\" class=\"wp-block-spacer\"><\/div>\n\n\n\n<div class=\"wp-block-buttons is-horizontal is-content-justification-right is-layout-flex wp-container-core-buttons-is-layout-30af2ff6 wp-block-buttons-is-layout-flex\">\n<div class=\"wp-block-button is-style-primary is-style-fill\"><a class=\"wp-block-button__link wp-element-button\" href=\"https:\/\/ach-dasta.de\/zeitung\/traeume\/\" style=\"border-style:none;border-width:0px\">Beitr\u00e4ge der Ausgabe &#8222;tr\u00e4ume&#8220; ansehen<\/a><\/div>\n<\/div>\n\n\n\n<div style=\"height:50px\" aria-hidden=\"true\" class=\"wp-block-spacer\"><\/div>\n<\/div>\n\n\n\n<div style=\"height:100px;width:0px\" aria-hidden=\"true\" class=\"wp-block-spacer wp-container-content-6388d5dc\"><\/div>\n<\/div>\n\n\n\n<div class=\"wp-block-group is-nowrap is-layout-flex wp-container-core-group-is-layout-6c531013 wp-block-group-is-layout-flex\">\n<div style=\"height:100px;width:0px\" aria-hidden=\"true\" class=\"wp-block-spacer wp-container-content-6388d5dc\"><\/div>\n\n\n\n<div class=\"wp-block-group is-layout-constrained wp-block-group-is-layout-constrained\">\n<div style=\"height:30px\" aria-hidden=\"true\" class=\"wp-block-spacer\"><\/div>\n\n\n\n<h2 class=\"wp-block-heading has-text-align-left\">&#8230; in darmstadt<\/h2>\n\n\n\n<div style=\"height:30px\" aria-hidden=\"true\" class=\"wp-block-spacer\"><\/div>\n\n\n\n<p>im <strong>Sommersemester 2023<\/strong> habt Ihr uns eure Beitr\u00e4ge rund um <em>darmstadt<\/em> geschickt.<\/p>\n\n\n\n<div class=\"wp-block-columns is-layout-flex wp-container-core-columns-is-layout-28f84493 wp-block-columns-is-layout-flex\">\n<div class=\"wp-block-column is-layout-flow wp-block-column-is-layout-flow\" style=\"flex-basis:66.66%\">\n<p>Was hast du hier Verr\u00fccktes erlebt? Was ist der beste Spot in Darmstadt? Welche Events stehen in unserem Studienort an, von denen du erz\u00e4hlen m\u00f6chtest?<br>diesen Sommer dreht sich bei uns alles um Darmstadt (und Umgebung): Dating in Darmstadt, Wohnen in Darmstadt, Aktivismus in Darmstadt und alles, was dir sonst noch einf\u00e4llt. Oder auch: NICHT in Darmstadt \u2013 sondern in Dieburg.<\/p>\n<\/div>\n\n\n\n<div class=\"wp-block-column is-layout-flow wp-block-column-is-layout-flow\" style=\"flex-basis:33.33%\"><\/div>\n<\/div>\n\n\n\n<div style=\"height:30px\" aria-hidden=\"true\" class=\"wp-block-spacer\"><\/div>\n\n\n\n<div class=\"wp-block-buttons is-horizontal is-content-justification-left is-layout-flex wp-container-core-buttons-is-layout-20be11b6 wp-block-buttons-is-layout-flex\">\n<div class=\"wp-block-button is-style-primary is-style-fill\"><a class=\"wp-block-button__link wp-element-button\" href=\"https:\/\/ach-dasta.de\/zeitung\/in-darmstadt\/\" style=\"border-style:none;border-width:0px\">Beitr\u00e4ge der Ausgabe &#8222;&#8230; in Darmstadt&#8220; ansehen<\/a><\/div>\n<\/div>\n\n\n\n<div style=\"height:50px\" aria-hidden=\"true\" class=\"wp-block-spacer\"><\/div>\n<\/div>\n<\/div>\n\n\n\n<div class=\"wp-block-group has-tertiary-background-color has-background is-nowrap is-layout-flex wp-container-core-group-is-layout-6c531013 wp-block-group-is-layout-flex\">\n<div class=\"wp-block-group is-layout-constrained wp-block-group-is-layout-constrained\">\n<div style=\"height:30px\" aria-hidden=\"true\" class=\"wp-block-spacer\"><\/div>\n\n\n\n<h2 class=\"wp-block-heading has-text-align-right\">Mut<\/h2>\n\n\n\n<div style=\"height:30px\" aria-hidden=\"true\" class=\"wp-block-spacer\"><\/div>\n\n\n\n<p class=\"has-text-align-right\">im <strong>wintersemester 2022\/23<\/strong> sind eure Beitr\u00e4ge zum Thema <em>MUT<\/em> erschienen.<\/p>\n\n\n\n<div class=\"wp-block-columns is-layout-flex wp-container-core-columns-is-layout-28f84493 wp-block-columns-is-layout-flex\">\n<div class=\"wp-block-column is-layout-flow wp-block-column-is-layout-flow\" style=\"flex-basis:33.33%\"><\/div>\n\n\n\n<div class=\"wp-block-column is-layout-flow wp-block-column-is-layout-flow\" style=\"flex-basis:66.66%\">\n<p class=\"has-text-align-right\">Wann bist du das letzte Mal \u00fcber dich hinausgewachsen? Wer ist die mutigste Person, die du kennst? Bei welchen Themen m\u00fcssen wir uns trauen, unsere Meinung zu sagen? Ihr habt uns erz\u00e4hlt, wann ihr das letzte mal MUTIG wart oder wozu es MUT im Leben braucht.<\/p>\n<\/div>\n<\/div>\n\n\n\n<div style=\"height:30px\" aria-hidden=\"true\" class=\"wp-block-spacer\"><\/div>\n\n\n\n<div class=\"wp-block-buttons is-horizontal is-content-justification-right is-layout-flex wp-container-core-buttons-is-layout-30af2ff6 wp-block-buttons-is-layout-flex\">\n<div class=\"wp-block-button is-style-primary is-style-fill\"><a class=\"wp-block-button__link wp-element-button\" href=\"https:\/\/ach-dasta.de\/zeitung\/mut\/\" style=\"border-style:none;border-width:0px\">Beitr\u00e4ge der Ausgabe &#8222;MUT&#8220; ansehen<\/a><\/div>\n<\/div>\n\n\n\n<div style=\"height:50px\" aria-hidden=\"true\" class=\"wp-block-spacer\"><\/div>\n<\/div>\n\n\n\n<div style=\"height:100px;width:0px\" aria-hidden=\"true\" class=\"wp-block-spacer wp-container-content-6388d5dc\"><\/div>\n<\/div>\n\n\n\n<div class=\"wp-block-group is-nowrap is-layout-flex wp-container-core-group-is-layout-6c531013 wp-block-group-is-layout-flex\">\n<div style=\"height:100px;width:0px\" aria-hidden=\"true\" class=\"wp-block-spacer wp-container-content-6388d5dc\"><\/div>\n\n\n\n<div class=\"wp-block-group is-layout-constrained wp-block-group-is-layout-constrained\">\n<div style=\"height:30px\" aria-hidden=\"true\" class=\"wp-block-spacer\"><\/div>\n\n\n\n<h2 class=\"wp-block-heading has-text-align-left\">Wandel<\/h2>\n\n\n\n<div style=\"height:30px\" aria-hidden=\"true\" class=\"wp-block-spacer\"><\/div>\n\n\n\n<p>im <strong>Sommersemester 2022<\/strong> habt Ihr uns eure Beitr\u00e4ge zum Thema <em>WANDEL<\/em> geschickt.<\/p>\n\n\n\n<div class=\"wp-block-columns is-layout-flex wp-container-core-columns-is-layout-28f84493 wp-block-columns-is-layout-flex\">\n<div class=\"wp-block-column is-layout-flow wp-block-column-is-layout-flow\" style=\"flex-basis:66.66%\">\n<p>digitalisierung, Klimawandel, gesellschaftlicher Wandel \u2013 Alles ver\u00e4ndert sich: Wir selbst, unser Planet, vielleicht auch unsere Sicht auf die Dinge. Ganz egal, welcher Wandel in der Welt geschieht: Ihr habt uns eure Perspektiven geschickt und \u00fcber euren ganz pers\u00f6nlichen WANDEL in eurem Leben berichtet.<\/p>\n<\/div>\n\n\n\n<div class=\"wp-block-column is-layout-flow wp-block-column-is-layout-flow\" style=\"flex-basis:33.33%\"><\/div>\n<\/div>\n\n\n\n<div style=\"height:30px\" aria-hidden=\"true\" class=\"wp-block-spacer\"><\/div>\n\n\n\n<div class=\"wp-block-buttons is-layout-flex wp-block-buttons-is-layout-flex\">\n<div class=\"wp-block-button is-style-fill\"><a class=\"wp-block-button__link wp-element-button\" href=\"https:\/\/ach-dasta.de\/zeitung\/wandel\/\" style=\"border-style:none;border-width:0px\">beitr\u00e4ge der ausgabe &#8222;wandel&#8220; ansehen<\/a><\/div>\n<\/div>\n\n\n\n<div style=\"height:50px\" aria-hidden=\"true\" class=\"wp-block-spacer\"><\/div>\n<\/div>\n<\/div>\n\n\n\n<div class=\"wp-block-group has-tertiary-background-color has-background is-nowrap is-layout-flex wp-container-core-group-is-layout-6c531013 wp-block-group-is-layout-flex\">\n<div class=\"wp-block-group is-layout-constrained wp-block-group-is-layout-constrained\">\n<div style=\"height:30px\" aria-hidden=\"true\" class=\"wp-block-spacer\"><\/div>\n\n\n\n<h2 class=\"wp-block-heading has-text-align-right\">R\u00e4ume<\/h2>\n\n\n\n<div style=\"height:30px\" aria-hidden=\"true\" class=\"wp-block-spacer\"><\/div>\n\n\n\n<p class=\"has-text-align-right has-primary-color has-text-color has-link-color has-medium-font-size wp-elements-7458b4225d49c5a88e6ed17cd21cf6ec\">im <strong>wintersemester 2021\/22<\/strong> habt Ihr uns eure Beitr\u00e4ge zum Thema <em>R\u00c4UME<\/em> geschickt.<\/p>\n\n\n\n<div class=\"wp-block-columns is-layout-flex wp-container-core-columns-is-layout-28f84493 wp-block-columns-is-layout-flex\">\n<div class=\"wp-block-column is-layout-flow wp-block-column-is-layout-flow\" style=\"flex-basis:33.33%\"><\/div>\n\n\n\n<div class=\"wp-block-column is-layout-flow wp-block-column-is-layout-flow\" style=\"flex-basis:66.66%\">\n<p class=\"has-text-align-right\">Ob digital oder analog, Toiletten oder Lost Places &#8211; Raum f\u00fcr sich und Raum f\u00fcr Ideen. Wohnraum, Mauerwerk oder Luftschloss \u2013 Wir sind den wichtigen Fragen des Lebens nachgegangen: In welchen R\u00e4umen halten wir uns auf? Wo ist privater und wo \u00f6ffentlicher Raum? Wie weit kann man den Begriff &#8222;Raum&#8220; \u00fcberhaupt auslegen?<\/p>\n<\/div>\n<\/div>\n\n\n\n<div style=\"height:30px\" aria-hidden=\"true\" class=\"wp-block-spacer\"><\/div>\n\n\n\n<div class=\"wp-block-buttons is-content-justification-right is-layout-flex wp-container-core-buttons-is-layout-d445cf74 wp-block-buttons-is-layout-flex\">\n<div class=\"wp-block-button\"><a class=\"wp-block-button__link wp-element-button\" href=\"https:\/\/ach-dasta.de\/zeitung\/raeume\/\" style=\"border-style:none;border-width:0px\">beitr\u00e4ge der ausgabe &#8222;r\u00e4ume&#8220; ansehen<\/a><\/div>\n<\/div>\n\n\n\n<div style=\"height:50px\" aria-hidden=\"true\" class=\"wp-block-spacer\"><\/div>\n<\/div>\n\n\n\n<div style=\"height:100px;width:0px\" aria-hidden=\"true\" class=\"wp-block-spacer wp-container-content-6388d5dc\"><\/div>\n<\/div>\n\n\n\n<div class=\"wp-block-group is-nowrap is-layout-flex wp-container-core-group-is-layout-6c531013 wp-block-group-is-layout-flex\">\n<div style=\"height:100px;width:0px\" aria-hidden=\"true\" class=\"wp-block-spacer wp-container-content-6388d5dc\"><\/div>\n\n\n\n<div class=\"wp-block-group is-layout-constrained wp-block-group-is-layout-constrained\">\n<div style=\"height:30px\" aria-hidden=\"true\" class=\"wp-block-spacer\"><\/div>\n\n\n\n<h2 class=\"wp-block-heading\">N\u00e4he<\/h2>\n\n\n\n<div style=\"height:30px\" aria-hidden=\"true\" class=\"wp-block-spacer\"><\/div>\n\n\n\n<p>im Winter und <strong>Sommersemester 2021 <\/strong>habt Ihr uns eure Beitr\u00e4ge zum Thema <em>N\u00c4HE<\/em> geschickt!<\/p>\n\n\n\n<div class=\"wp-block-columns is-layout-flex wp-container-core-columns-is-layout-28f84493 wp-block-columns-is-layout-flex\">\n<div class=\"wp-block-column is-layout-flow wp-block-column-is-layout-flow\" style=\"flex-basis:66.66%\">\n<p>\u201eN\u00e4he\u201c spielt seit M\u00e4rz 2020 eine ganz andere Rolle: Nicht zu nahekommen, zu nah auf engem Raum festsitzen, mangelnde k\u00f6rperliche N\u00e4he, un\u00fcberwindbare Distanzen. Alles Dinge mit denen wir seitdem konfrontiert sind und Grund, warum wir dieses Thema gew\u00e4hlt haben. N\u00e4he ist ein gro\u00dfer Begriff, sie kann r\u00e4umlich, zeitlich, gedanklich oder emotional sein.<\/p>\n<\/div>\n\n\n\n<div class=\"wp-block-column is-layout-flow wp-block-column-is-layout-flow\" style=\"flex-basis:33.33%\"><\/div>\n<\/div>\n\n\n\n<div style=\"height:30px\" aria-hidden=\"true\" class=\"wp-block-spacer\"><\/div>\n\n\n\n<div class=\"wp-block-buttons is-horizontal is-content-justification-left is-layout-flex wp-container-core-buttons-is-layout-20be11b6 wp-block-buttons-is-layout-flex\">\n<div class=\"wp-block-button is-style-primary is-style-fill\"><a class=\"wp-block-button__link wp-element-button\" href=\"https:\/\/ach-dasta.de\/zeitung\/naehe\/\" style=\"border-style:none;border-width:0px\">Beitr\u00e4ge der Ausgabe &#8222;N\u00e4he&#8220; ansehen<\/a><\/div>\n<\/div>\n<\/div>\n<\/div>\n\n\n\n<div style=\"height:100px\" aria-hidden=\"true\" class=\"wp-block-spacer\"><\/div>\n","protected":false},"excerpt":{"rendered":"<p>in bewegung im wintersemester 2025\/26 sind eure Beitr\u00e4ge zum Thema in Bewegung erschienen. Nichts in unserer sich st\u00e4ndig wandelnden Welt ist starr. Alles befindet sich in Bewegung- wir befinden uns in Bewegung. Ob beim Sportmachen, beim Umzug in eine neue Stadt oder auf Reisen: Wir stehen niemals still. Doch nicht immer liegt diese Bewegung in [&hellip;]<\/p>\n","protected":false},"author":1,"featured_media":0,"parent":0,"menu_order":0,"comment_status":"closed","ping_status":"closed","template":"","meta":{"_monsterinsights_skip_tracking":false,"_monsterinsights_sitenote_active":false,"_monsterinsights_sitenote_note":"","_monsterinsights_sitenote_category":0,"_themeisle_gutenberg_block_has_review":false,"footnotes":""},"class_list":["post-849","page","type-page","status-publish","hentry"],"_links":{"self":[{"href":"https:\/\/ach-dasta.de\/zeitung\/wp-json\/wp\/v2\/pages\/849","targetHints":{"allow":["GET"]}}],"collection":[{"href":"https:\/\/ach-dasta.de\/zeitung\/wp-json\/wp\/v2\/pages"}],"about":[{"href":"https:\/\/ach-dasta.de\/zeitung\/wp-json\/wp\/v2\/types\/page"}],"author":[{"embeddable":true,"href":"https:\/\/ach-dasta.de\/zeitung\/wp-json\/wp\/v2\/users\/1"}],"replies":[{"embeddable":true,"href":"https:\/\/ach-dasta.de\/zeitung\/wp-json\/wp\/v2\/comments?post=849"}],"version-history":[{"count":123,"href":"https:\/\/ach-dasta.de\/zeitung\/wp-json\/wp\/v2\/pages\/849\/revisions"}],"predecessor-version":[{"id":4462,"href":"https:\/\/ach-dasta.de\/zeitung\/wp-json\/wp\/v2\/pages\/849\/revisions\/4462"}],"wp:attachment":[{"href":"https:\/\/ach-dasta.de\/zeitung\/wp-json\/wp\/v2\/media?parent=849"}],"curies":[{"name":"wp","href":"https:\/\/api.w.org\/{rel}","templated":true}]}}